{"id":2108,"date":"2025-06-23T05:00:18","date_gmt":"2025-06-23T08:00:18","guid":{"rendered":"https:\/\/www.lehrplan.tech\/cursoeadlehrplan\/?page_id=2108"},"modified":"2026-03-18T12:16:09","modified_gmt":"2026-03-18T15:16:09","slug":"sua-jornada-no-mercado-livre-de-energia","status":"publish","type":"page","link":"https:\/\/www.lehrplan.tech\/cursoeadlehrplan\/sua-jornada-no-mercado-livre-de-energia\/","title":{"rendered":"Sua Jornada ao Mercado Livre de Energia 2025"},"content":{"rendered":"\n\n\t\t\t\t<img loading=\"lazy\" decoding=\"async\" src=\"https:\/\/www.lehrplan.tech\/cursoeadlehrplan\/wp-content\/uploads\/2023\/05\/Lehrplan_3-removebg-preview-300x144.png\" alt=\"Lehrplan_3-removebg-preview\" itemprop=\"image\" height=\"144\" width=\"300\" title=\"Lehrplan_3-removebg-preview\" onerror=\"this.style.display='none'\"  \/>\n\t<h2>Esteja pronto para come\u00e7ar a fazer<br \/>\nNovos Neg\u00f3cios!<\/h2>\n\t<h1>SUA JORNADA AO<strong> MERCADO LIVRE DE ENERGIA\u00a0<\/strong><\/h1>\n\t\t\t<a href=\"https:\/\/www.lehrplan.tech\/cursoeadlehrplan\/\" target=\"_blank\" role=\"button\" rel=\"noopener\">\n\t\t\t\t\t\t\tCONHECER E2B &#038; NETW\n\t\t\t<\/a>\n\t<h2><strong>Objetivo:<\/strong> Explicar e apresentar as op\u00e7\u00f5es de neg\u00f3cios para trabalhar no Novo Mercado Livre de Energia.<\/h2>\n<h2><strong>P\u00fablico alvo:<\/strong> Empreendedores, Advogados, Engenheiros, T\u00e9cnicos em Eletricidade\/Eletrot\u00e9cnica, Representantes Comerciais, e outros profissionais que trabalham de forma direta ou indiretamente com Gera\u00e7\u00e3o de Energia e\/ou comercializa\u00e7\u00e3o de Energia.<\/h2>\n<ul>\n<li><strong>Formato: <\/strong>04 Videoaulas;<\/li>\n<li><strong>Plataforma: <\/strong>hotmart.<\/li>\n<li><strong>Dura\u00e7\u00e3o: 12 horas;<\/strong><\/li>\n<li><strong>Pr\u00e9-requisitos: <\/strong>N\u00e3o h\u00e1!<\/li>\n<li><strong>Investimento: <\/strong>gratuito para assinantes do E2B &amp; NET.<\/li>\n<\/ul>\n\t<h2><strong>CONTE\u00daDO:<\/strong><\/h2>\n\t\n<ul>\n<li>Entendendo a din\u00e2mica do setor el\u00e9trico para compra e venda de energia: Mercado Cativo x Mercado Livre de Energia;<\/li>\n<li>O que fazem os principais Agentes do Setor El\u00e9trico:\n<ul>\n<li>C\u00e2mara de Comercializa\u00e7\u00e3o de Energia &#8211; CCEE;<\/li>\n<li>Operador Nacional do Sistema El\u00e9trico &#8211; ONS;<\/li>\n<li>Distribuidoras de Energia El\u00e9trica;<\/li>\n<li>Ag\u00eancia Nacional de Energia El\u00e9trica &#8211; ANEEL;<\/li>\n<li>Empresa de Pesquisa Energ\u00e9tica &#8211; EPE;<\/li>\n<li>Minist\u00e9rio de Minas e Energia &#8211; MME.<\/li>\n<\/ul>\n<\/li>\n<li>Introdu\u00e7\u00e3o ao ACL &#8211; Ambiente de Contrata\u00e7\u00e3o Livre &#8220;Mercado Livre de Energia&#8221;;<\/li>\n<li>Tipos de Leil\u00e3o de Energia e como funcionam;<\/li>\n<li>Estrat\u00e9gias e Op\u00e7\u00f5es de migra\u00e7\u00e3o de consumidores cativos para o Mercado Livre de Energia;<\/li>\n<\/ul>\n\n<ul>\n<li>Diferen\u00e7as entre o Comercializador Atacadista de Energia e o Comercializador Varejista de Energia;<\/li>\n<li>O que \u00e9 o Mercado Spot de Energia?<\/li>\n<li>Padr\u00e3o de Medi\u00e7\u00e3o e o Sistema de Coleta de Dados e Energia para Mercado Livre: Usinas e Consumidores;<\/li>\n<li>Contabiliza\u00e7\u00e3o da Energia e o Monitoramento de Contratos pela CCEE;<\/li>\n<li>Como funciona a Garantia F\u00edsica e Lastro para um Gerador e Comercializador de Energia;<\/li>\n<li>O que \u00e9 o MRE &#8211; Mecanismo de Realoca\u00e7\u00e3o Energ\u00e9tica?;<\/li>\n<li>Quais s\u00e3o os Par\u00e2metros em Contratos de Comercializa\u00e7\u00e3o de Energia (CCEAL);<\/li>\n<li>Encargos Setoriais no Mercado Livre de Energia;<\/li>\n<li>Penalidades no Mercado Livre de Energia;<\/li>\n<li>Como funciona a Contrata\u00e7\u00e3o de Energia de Reserva?<\/li>\n<li>O que s\u00e3o os MCSDs &#8211; Mecanismos de Compensa\u00e7\u00e3o de Sobras e D\u00e9ficits de Energia?;<\/li>\n<\/ul>\n<h2><strong>VIDEOAULA 03 &#8211; GERA\u00c7\u00c3O E AUTOPRODU\u00c7\u00c3O:<\/strong><\/h2>\n<ul>\n<li>An\u00e1lise de viabilidade:\n<ul>\n<li>Gerador 1MW &#8211; PIE;<\/li>\n<li>Gerador 1MW &#8211; PIE + Habilita\u00e7\u00e3o Varejista;<\/li>\n<li>Gerador 5MW &#8211; PIE;<\/li>\n<li>Gerador 5MW &#8211; PIE + Habilita\u00e7\u00e3o Varejista;<\/li>\n<li>Gerador 5MW &#8211; PIE + Habilita\u00e7\u00e3o Varejista + HEDGE para o MCP;<\/li>\n<li>Gerador 5MW &#8211; PIE + Habilita\u00e7\u00e3o Varejista + HEDGE para o MCP + Representa\u00e7\u00e3o Grupo B.<\/li>\n<li>Autoprodu\u00e7\u00e3o de 25% + CBL no Atacado;<\/li>\n<li>Autoprodu\u00e7\u00e3o de 25% + CBL com Representa\u00e7\u00e3o Varejista;<\/li>\n<li>Autoprodu\u00e7\u00e3o de 20~35% + Consumidor B3 Livre Tarifa Branca;<\/li>\n<\/ul>\n<\/li>\n<\/ul>\n<h2><strong>VIDEOAULA 04 &#8211; NOVOS NEG\u00d3CIOS:<\/strong><\/h2>\n<ul>\n<li>Gerador Varejista;<\/li>\n<li>Armazenamento de Energia como modelo de neg\u00f3cios;\n<ul>\n<li>Armazenamento de Energia Termoqu\u00edmico;<br \/>\nArmazenamento de Energia G\u00e1s Natural Sint\u00e9tico;<br \/>\nArmazenamento de Energia Hidrog\u00eanio;<br \/>\nArmazenamento de Energia por Ar Comprimido (Adiab\u00e1tico\/Diab\u00e1tico);<br \/>\nArmazenamento de Energia Magn\u00e9tico;<br \/>\nArmazenamento de Energia com Super Capacitor;<br \/>\nArmazenamento de Energia por Volante de In\u00e9rcia;<br \/>\nArmazenamento de Energia com Baterias de Fluxo;<br \/>\nArmazenamento de Energia com Baterias de L\u00edtio;<br \/>\nArmazenamento de Energia Baterias de S\u00f3dio-Sulf\u00faricas (NaS);<br \/>\nArmazenamento de Energia por Aquecimento;<br \/>\nArmazenamento de Energia T\u00e9rmico Subterr\u00e2neo;<br \/>\nArmazenamento de Energia por UHR;<\/li>\n<\/ul>\n<\/li>\n<li>Microrredes como modelo de neg\u00f3cios;<\/li>\n<li>VPP &#8211; Virtual Power Plant como modelo de neg\u00f3cios;<\/li>\n<\/ul>\n<ul>\n<li><\/li>\n<\/ul>\n\t<h3><strong>Instrutor:<\/strong> Me. Jocemar Felicio Bueno<\/h3>\n<ul>\n<li>Certificado pela CCEE;<\/li>\n<li>Mestre em Engenharia de Energia;<\/li>\n<li>Graduado em F\u00edsica;<\/li>\n<li>T\u00e9cnico em Eletrot\u00e9cnica;<\/li>\n<\/ul>\n\t\t\t\t<img loading=\"lazy\" decoding=\"async\" src=\"https:\/\/www.lehrplan.tech\/cursoeadlehrplan\/wp-content\/uploads\/2023\/01\/Jocemar-225x300.jpg\" alt=\"Jocemar\" itemprop=\"image\" height=\"300\" width=\"225\" title=\"Jocemar\" onerror=\"this.style.display='none'\"  \/>\n\t\t\t\t<img loading=\"lazy\" decoding=\"async\" src=\"https:\/\/www.lehrplan.tech\/cursoeadlehrplan\/wp-content\/uploads\/2023\/04\/CERTIFICADO-CCEE.png\" alt=\"CERTIFICADO CCEE\" itemprop=\"image\" height=\"985\" width=\"1395\" title=\"CERTIFICADO CCEE\" onerror=\"this.style.display='none'\"  \/>\n\t<h2>Pronto para come\u00e7ar a fazer<br \/>\nNovos Neg\u00f3cios?<\/h2>\n\t<h1>SUA JORNADA AO<strong> MERCADO LIVRE DE ENERGIA<\/strong><\/h1>\n\n\t\t\t<a href=\"https:\/\/www.lehrplan.tech\/cursoeadlehrplan\/\" target=\"_blank\" role=\"button\" rel=\"noopener\">\n\t\t\t\t\t\t\tCONHECER E2B &#038; NETW\n\t\t\t<\/a>\n\t\t\t<a href=\"https:\/\/t.me\/mercadolivredeenergia\" target=\"_blank\" role=\"button\" rel=\"noopener\">\n\t\t\t\t\t\t\tGRUPO NO TELEGRAM\n\t\t\t<\/a>\n\t\t\t<a href=\"https:\/\/chat.whatsapp.com\/JSLkUxULgSKLwQSRMQUHXe\" target=\"_blank\" role=\"button\" rel=\"noopener\">\n\t\t\t\t\t\t\tGRUPO NO WHATSAPP\n\t\t\t<\/a>\n\tLehrplan | Cursos e Consultoria<br \/>\nCNPJ: 30.190.682\/0001-03<br \/>\ncontato@lehrplan.tech\n\n","protected":false},"excerpt":{"rendered":"<p>Esteja pronto para come\u00e7ar a fazer Novos Neg\u00f3cios! SUA JORNADA AO MERCADO LIVRE DE ENERGIA\u00a0 CONHECER E2B &#038; NETW Objetivo: Explicar e apresentar as op\u00e7\u00f5es de neg\u00f3cios para trabalhar no Novo Mercado Livre de Energia. P\u00fablico alvo: Empreendedores, Advogados, Engenheiros, T\u00e9cnicos em Eletricidade\/Eletrot\u00e9cnica, Representantes Comerciais, e outros profissionais que trabalham de forma direta ou indiretamente [&hellip;]<\/p>\n","protected":false},"author":1,"featured_media":0,"parent":0,"menu_order":0,"comment_status":"closed","ping_status":"closed","template":"","meta":{"site-sidebar-layout":"no-sidebar","site-content-layout":"page-builder","ast-site-content-layout":"","site-content-style":"default","site-sidebar-style":"default","ast-global-header-display":"","ast-banner-title-visibility":"","ast-main-header-display":"","ast-hfb-above-header-display":"","ast-hfb-below-header-display":"","ast-hfb-mobile-header-display":"","site-post-title":"disabled","ast-breadcrumbs-content":"","ast-featured-img":"","footer-sml-layout":"","theme-transparent-header-meta":"default","adv-header-id-meta":"","stick-header-meta":"","header-above-stick-meta":"","header-main-stick-meta":"","header-below-stick-meta":"","astra-migrate-meta-layouts":"default","ast-page-background-enabled":"default","ast-page-background-meta":{"desktop":{"background-color":"var(--ast-global-color-4)","background-image":"","background-repeat":"repeat","background-position":"center center","background-size":"auto","background-attachment":"scroll","background-type":"","background-media":"","overlay-type":"","overlay-color":"","overlay-gradient":""},"tablet":{"background-color":"","background-image":"","background-repeat":"repeat","background-position":"center center","background-size":"auto","background-attachment":"scroll","background-type":"","background-media":"","overlay-type":"","overlay-color":"","overlay-gradient":""},"mobile":{"background-color":"","background-image":"","background-repeat":"repeat","background-position":"center center","background-size":"auto","background-attachment":"scroll","background-type":"","background-media":"","overlay-type":"","overlay-color":"","overlay-gradient":""}},"ast-content-background-meta":{"desktop":{"background-color":"var(--ast-global-color-5)","background-image":"","background-repeat":"repeat","background-position":"center center","background-size":"auto","background-attachment":"scroll","background-type":"","background-media":"","overlay-type":"","overlay-color":"","overlay-gradient":""},"tablet":{"background-color":"var(--ast-global-color-5)","background-image":"","background-repeat":"repeat","background-position":"center center","background-size":"auto","background-attachment":"scroll","background-type":"","background-media":"","overlay-type":"","overlay-color":"","overlay-gradient":""},"mobile":{"background-color":"var(--ast-global-color-5)","background-image":"","background-repeat":"repeat","background-position":"center center","background-size":"auto","background-attachment":"scroll","background-type":"","background-media":"","overlay-type":"","overlay-color":"","overlay-gradient":""}},"footnotes":""},"_links":{"self":[{"href":"https:\/\/www.lehrplan.tech\/cursoeadlehrplan\/wp-json\/wp\/v2\/pages\/2108"}],"collection":[{"href":"https:\/\/www.lehrplan.tech\/cursoeadlehrplan\/wp-json\/wp\/v2\/pages"}],"about":[{"href":"https:\/\/www.lehrplan.tech\/cursoeadlehrplan\/wp-json\/wp\/v2\/types\/page"}],"author":[{"embeddable":true,"href":"https:\/\/www.lehrplan.tech\/cursoeadlehrplan\/wp-json\/wp\/v2\/users\/1"}],"replies":[{"embeddable":true,"href":"https:\/\/www.lehrplan.tech\/cursoeadlehrplan\/wp-json\/wp\/v2\/comments?post=2108"}],"version-history":[{"count":170,"href":"https:\/\/www.lehrplan.tech\/cursoeadlehrplan\/wp-json\/wp\/v2\/pages\/2108\/revisions"}],"predecessor-version":[{"id":3974,"href":"https:\/\/www.lehrplan.tech\/cursoeadlehrplan\/wp-json\/wp\/v2\/pages\/2108\/revisions\/3974"}],"wp:attachment":[{"href":"https:\/\/www.lehrplan.tech\/cursoeadlehrplan\/wp-json\/wp\/v2\/media?parent=2108"}],"curies":[{"name":"wp","href":"https:\/\/api.w.org\/{rel}","templated":true}]}}