{"id":2319,"date":"2025-05-25T23:59:13","date_gmt":"2025-05-26T02:59:13","guid":{"rendered":"https:\/\/www.lehrplan.tech\/cursoeadlehrplan\/?page_id=2319"},"modified":"2026-03-10T14:08:32","modified_gmt":"2026-03-10T17:08:32","slug":"lives-mercado-livre-de-energia","status":"publish","type":"page","link":"https:\/\/www.lehrplan.tech\/cursoeadlehrplan\/cursos-lehrplan-jocemar-bueno\/lives-mercado-livre-de-energia\/","title":{"rendered":"Lives Mercado Livre de Energia"},"content":{"rendered":"\n\n\t<h1><strong>LIVE &#8211; RESPONDENDO D\u00daVIDAS SOBRE O NOVO MERCADO LIVRE DE ENERGIA<\/strong><\/h1>\n\t\n\t\t\t<a href=\"https:\/\/t.me\/mercadolivredeenergia\" target=\"_blank\" role=\"button\" rel=\"noopener\">\n\t\t\t\t\t\t\tGRUPO DO TELEGRAM\n\t\t\t<\/a>\n\t\t\t<a href=\"https:\/\/chat.whatsapp.com\/JSLkUxULgSKLwQSRMQUHXe\" target=\"_self\" role=\"button\" rel=\"noopener\">\n\t\t\t\t\t\t\tGRUPO WHATSAPP\n\t\t\t<\/a>\n\t\t\t<a href=\"https:\/\/www.lehrplan.tech\/cursoeadlehrplan\/\" target=\"_self\" role=\"button\" rel=\"noopener\">\n\t\t\t\t\t\t\tVER MAIS CURSOS!\n\t\t\t<\/a>\n\t<ul>\n<li><strong>Dura\u00e7\u00e3o:<\/strong> 1h;<\/li>\n<li><strong>Hor\u00e1rio:<\/strong> \u00e0 noite, das 20h \u00e0s 21h;<\/li>\n<li><strong>Datas: <\/strong>\n<ul>\n<li><strong>23\/03\/2026<\/strong> (segunda-feira);<\/li>\n<\/ul>\n<\/li>\n<li><strong>Live:<\/strong> Link disponibilizado no grupo no Telegram e WhatsApp;<\/li>\n<li><strong>Investimento:<\/strong> R$ 00,00 (gr\u00e1tis)<\/li>\n<\/ul>\n\t\n<ul>\n<li><strong>Das 20h \u00e0s 20h30min:<\/strong> Mercado Livre de Energia: Atacado e Varejo;<\/li>\n<li><strong>Das 20h30min \u00e0s 21h:<\/strong> Respondendo d\u00favidas ao vivo dos participantes;<\/li>\n<\/ul>\n<h3><strong>Instrutor:<\/strong>\u00a0Me. Jocemar Felicio Bueno<\/h3>\n<ul>\n<li>Certificado pela CCEE;<\/li>\n<li>Mestre em Engenharia de Energia;<\/li>\n<li>Graduado em F\u00edsica;<\/li>\n<li>Graduando em Engenharia Controle e Automa\u00e7\u00e3o<\/li>\n<li>T\u00e9cnico em Eletrot\u00e9cnica &#8211; CFT: 2208240790.<\/li>\n<\/ul>\n\t\t\t\t<img decoding=\"async\" src=\"https:\/\/www.lehrplan.tech\/cursoeadlehrplan\/wp-content\/plugins\/bb-plugin\/img\/pixel.png\" alt=\"\" itemprop=\"image\" onerror=\"this.style.display='none'\"  \/>\n\t\t\t\t<img loading=\"lazy\" decoding=\"async\" src=\"https:\/\/www.lehrplan.tech\/cursoeadlehrplan\/wp-content\/uploads\/2023\/04\/CERTIFICADO-CCEE.png\" alt=\"CERTIFICADO CCEE\" itemprop=\"image\" height=\"985\" width=\"1395\" title=\"CERTIFICADO CCEE\" onerror=\"this.style.display='none'\"  \/>\n\t<h2>Pronto para fazer\u00a0<br \/>\nNovos Neg\u00f3cios?<\/h2>\n\t\t\t<a href=\"https:\/\/t.me\/mercadolivredeenergia\" target=\"_blank\" role=\"button\" rel=\"noopener\">\n\t\t\t\t\t\t\tGRUPO DO TELEGRAM\n\t\t\t<\/a>\n\t\t\t<a href=\"https:\/\/chat.whatsapp.com\/JSLkUxULgSKLwQSRMQUHXe\" target=\"_self\" role=\"button\" rel=\"noopener\">\n\t\t\t\t\t\t\tGRUPO WHATSAPP\n\t\t\t<\/a>\n\t<h4><strong>CURSO DE FORMA\u00c7\u00c3O COMPLETA PARA MERCADO LIVRE DE ENERGIA<\/strong><\/h4>\n\t\t\t<a href=\"https:\/\/www.lehrplan.tech\/cursoeadlehrplan\/home\/curso-mercado-livre-de-energia\/\" target=\"_self\" role=\"button\" rel=\"noopener\">\n\t\t\t\t\t\t\tSAIBA MAIS!\n\t\t\t<\/a>\n\n","protected":false},"excerpt":{"rendered":"<p>LIVE &#8211; RESPONDENDO D\u00daVIDAS SOBRE O NOVO MERCADO LIVRE DE ENERGIA GRUPO DO TELEGRAM GRUPO WHATSAPP VER MAIS CURSOS! Dura\u00e7\u00e3o: 1h; Hor\u00e1rio: \u00e0 noite, das 20h \u00e0s 21h; Datas: 23\/03\/2026 (segunda-feira); Live: Link disponibilizado no grupo no Telegram e WhatsApp; Investimento: R$ 00,00 (gr\u00e1tis) Das 20h \u00e0s 20h30min: Mercado Livre de Energia: Atacado e Varejo; [&hellip;]<\/p>\n","protected":false},"author":1,"featured_media":0,"parent":275,"menu_order":0,"comment_status":"closed","ping_status":"closed","template":"","meta":{"site-sidebar-layout":"no-sidebar","site-content-layout":"page-builder","ast-site-content-layout":"","site-content-style":"default","site-sidebar-style":"default","ast-global-header-display":"","ast-banner-title-visibility":"","ast-main-header-display":"","ast-hfb-above-header-display":"","ast-hfb-below-header-display":"","ast-hfb-mobile-header-display":"","site-post-title":"disabled","ast-breadcrumbs-content":"","ast-featured-img":"disabled","footer-sml-layout":"","theme-transparent-header-meta":"default","adv-header-id-meta":"","stick-header-meta":"","header-above-stick-meta":"","header-main-stick-meta":"","header-below-stick-meta":"","astra-migrate-meta-layouts":"default","ast-page-background-enabled":"default","ast-page-background-meta":{"desktop":{"background-color":"var(--ast-global-color-4)","background-image":"","background-repeat":"repeat","background-position":"center center","background-size":"auto","background-attachment":"scroll","background-type":"","background-media":"","overlay-type":"","overlay-color":"","overlay-gradient":""},"tablet":{"background-color":"","background-image":"","background-repeat":"repeat","background-position":"center center","background-size":"auto","background-attachment":"scroll","background-type":"","background-media":"","overlay-type":"","overlay-color":"","overlay-gradient":""},"mobile":{"background-color":"","background-image":"","background-repeat":"repeat","background-position":"center center","background-size":"auto","background-attachment":"scroll","background-type":"","background-media":"","overlay-type":"","overlay-color":"","overlay-gradient":""}},"ast-content-background-meta":{"desktop":{"background-color":"var(--ast-global-color-5)","background-image":"","background-repeat":"repeat","background-position":"center center","background-size":"auto","background-attachment":"scroll","background-type":"","background-media":"","overlay-type":"","overlay-color":"","overlay-gradient":""},"tablet":{"background-color":"var(--ast-global-color-5)","background-image":"","background-repeat":"repeat","background-position":"center center","background-size":"auto","background-attachment":"scroll","background-type":"","background-media":"","overlay-type":"","overlay-color":"","overlay-gradient":""},"mobile":{"background-color":"var(--ast-global-color-5)","background-image":"","background-repeat":"repeat","background-position":"center center","background-size":"auto","background-attachment":"scroll","background-type":"","background-media":"","overlay-type":"","overlay-color":"","overlay-gradient":""}},"footnotes":""},"_links":{"self":[{"href":"https:\/\/www.lehrplan.tech\/cursoeadlehrplan\/wp-json\/wp\/v2\/pages\/2319"}],"collection":[{"href":"https:\/\/www.lehrplan.tech\/cursoeadlehrplan\/wp-json\/wp\/v2\/pages"}],"about":[{"href":"https:\/\/www.lehrplan.tech\/cursoeadlehrplan\/wp-json\/wp\/v2\/types\/page"}],"author":[{"embeddable":true,"href":"https:\/\/www.lehrplan.tech\/cursoeadlehrplan\/wp-json\/wp\/v2\/users\/1"}],"replies":[{"embeddable":true,"href":"https:\/\/www.lehrplan.tech\/cursoeadlehrplan\/wp-json\/wp\/v2\/comments?post=2319"}],"version-history":[{"count":52,"href":"https:\/\/www.lehrplan.tech\/cursoeadlehrplan\/wp-json\/wp\/v2\/pages\/2319\/revisions"}],"predecessor-version":[{"id":3966,"href":"https:\/\/www.lehrplan.tech\/cursoeadlehrplan\/wp-json\/wp\/v2\/pages\/2319\/revisions\/3966"}],"up":[{"embeddable":true,"href":"https:\/\/www.lehrplan.tech\/cursoeadlehrplan\/wp-json\/wp\/v2\/pages\/275"}],"wp:attachment":[{"href":"https:\/\/www.lehrplan.tech\/cursoeadlehrplan\/wp-json\/wp\/v2\/media?parent=2319"}],"curies":[{"name":"wp","href":"https:\/\/api.w.org\/{rel}","templated":true}]}}