{"id":24,"date":"2020-08-23T07:00:03","date_gmt":"2020-08-23T10:00:03","guid":{"rendered":"http:\/\/www.lehrplan.tech\/cursoeadlehrplan\/?page_id=24"},"modified":"2020-10-21T20:57:21","modified_gmt":"2020-10-21T23:57:21","slug":"contato","status":"publish","type":"page","link":"https:\/\/www.lehrplan.tech\/cursoeadlehrplan\/contato\/","title":{"rendered":"CONTATO"},"content":{"rendered":"<p>[contact-form-7 id=&#8221;1867&#8243; title=&#8221;Contato&#8221;]<\/p>\n<p><strong>Me. Jocemar Felicio Bueno<\/strong><\/p>\n<p>Mestre em Engenharia &#8211; \u00c1rea de concentra\u00e7\u00e3o: Engenharia de Energia; Linha de pesquisa: Sistemas T\u00e9rmicos e Energ\u00e9ticos;<\/p>\n<p>Graduado em F\u00edsica;<\/p>\n<p>T\u00e9cnico em Eletrot\u00e9cnica \u2013 REGISTRO CFT: 2208240790;<\/p>\n<p>Curr\u00edculo Lattes:\u00a0<a href=\"http:\/\/lattes.cnpq.br\/8341736906202049\">http:\/\/lattes.cnpq.br\/8341736906202049<\/a><\/p>\n<p>D\u00favidas?\u00a0<a href=\"https:\/\/docs.google.com\/forms\/d\/e\/1FAIpQLSdsTAEWSpZLcZ7EKeDTyiXVNfEtAaB5pfS6yVqj5HUeRvG3XA\/viewform\">Envie sua pergunta (Clique aqui)!<\/a><\/p>\n<p>Cel: <a href=\"tel:51999291990\">(55) (51)999.291.990<\/a><\/p>\n<p>Fone:\u00a0<a href=\"tel:5130516113\">(51)3051.6113<\/a><\/p>\n<p>E-mail:\u00a0contato<span class=\"atwho-query\">@lehrplan.tech<\/span><\/p>\n<div>Endere\u00e7o: Boqueir\u00e3o, 3319, sala 302, Canoas, Rio Grande do Sul.<\/div>\n<div><\/div>\n","protected":false},"excerpt":{"rendered":"<p>[contact-form-7 id=&#8221;1867&#8243; title=&#8221;Contato&#8221;] Me. Jocemar Felicio Bueno Mestre em Engenharia &#8211; \u00c1rea de concentra\u00e7\u00e3o: Engenharia de Energia; Linha de pesquisa: Sistemas T\u00e9rmicos e Energ\u00e9ticos; Graduado em F\u00edsica; T\u00e9cnico em Eletrot\u00e9cnica \u2013 REGISTRO CFT: 2208240790; Curr\u00edculo Lattes:\u00a0http:\/\/lattes.cnpq.br\/8341736906202049 D\u00favidas?\u00a0Envie sua pergunta (Clique aqui)! Cel: (55) (51)999.291.990 Fone:\u00a0(51)3051.6113 E-mail:\u00a0contato@lehrplan.tech Endere\u00e7o: Boqueir\u00e3o, 3319, sala 302, Canoas, Rio Grande do [&hellip;]<\/p>\n","protected":false},"author":1,"featured_media":0,"parent":0,"menu_order":0,"comment_status":"closed","ping_status":"closed","template":"","meta":{"site-sidebar-layout":"default","site-content-layout":"default","ast-site-content-layout":"","site-content-style":"default","site-sidebar-style":"default","ast-global-header-display":"","ast-banner-title-visibility":"","ast-main-header-display":"","ast-hfb-above-header-display":"","ast-hfb-below-header-display":"","ast-hfb-mobile-header-display":"","site-post-title":"","ast-breadcrumbs-content":"","ast-featured-img":"","footer-sml-layout":"","theme-transparent-header-meta":"default","adv-header-id-meta":"","stick-header-meta":"","header-above-stick-meta":"","header-main-stick-meta":"","header-below-stick-meta":"","astra-migrate-meta-layouts":"default","ast-page-background-enabled":"default","ast-page-background-meta":{"desktop":{"background-color":"var(--ast-global-color-4)","background-image":"","background-repeat":"repeat","background-position":"center center","background-size":"auto","background-attachment":"scroll","background-type":"","background-media":"","overlay-type":"","overlay-color":"","overlay-gradient":""},"tablet":{"background-color":"","background-image":"","background-repeat":"repeat","background-position":"center center","background-size":"auto","background-attachment":"scroll","background-type":"","background-media":"","overlay-type":"","overlay-color":"","overlay-gradient":""},"mobile":{"background-color":"","background-image":"","background-repeat":"repeat","background-position":"center center","background-size":"auto","background-attachment":"scroll","background-type":"","background-media":"","overlay-type":"","overlay-color":"","overlay-gradient":""}},"ast-content-background-meta":{"desktop":{"background-color":"var(--ast-global-color-5)","background-image":"","background-repeat":"repeat","background-position":"center center","background-size":"auto","background-attachment":"scroll","background-type":"","background-media":"","overlay-type":"","overlay-color":"","overlay-gradient":""},"tablet":{"background-color":"var(--ast-global-color-5)","background-image":"","background-repeat":"repeat","background-position":"center center","background-size":"auto","background-attachment":"scroll","background-type":"","background-media":"","overlay-type":"","overlay-color":"","overlay-gradient":""},"mobile":{"background-color":"var(--ast-global-color-5)","background-image":"","background-repeat":"repeat","background-position":"center center","background-size":"auto","background-attachment":"scroll","background-type":"","background-media":"","overlay-type":"","overlay-color":"","overlay-gradient":""}},"footnotes":""},"_links":{"self":[{"href":"https:\/\/www.lehrplan.tech\/cursoeadlehrplan\/wp-json\/wp\/v2\/pages\/24"}],"collection":[{"href":"https:\/\/www.lehrplan.tech\/cursoeadlehrplan\/wp-json\/wp\/v2\/pages"}],"about":[{"href":"https:\/\/www.lehrplan.tech\/cursoeadlehrplan\/wp-json\/wp\/v2\/types\/page"}],"author":[{"embeddable":true,"href":"https:\/\/www.lehrplan.tech\/cursoeadlehrplan\/wp-json\/wp\/v2\/users\/1"}],"replies":[{"embeddable":true,"href":"https:\/\/www.lehrplan.tech\/cursoeadlehrplan\/wp-json\/wp\/v2\/comments?post=24"}],"version-history":[{"count":11,"href":"https:\/\/www.lehrplan.tech\/cursoeadlehrplan\/wp-json\/wp\/v2\/pages\/24\/revisions"}],"predecessor-version":[{"id":1868,"href":"https:\/\/www.lehrplan.tech\/cursoeadlehrplan\/wp-json\/wp\/v2\/pages\/24\/revisions\/1868"}],"wp:attachment":[{"href":"https:\/\/www.lehrplan.tech\/cursoeadlehrplan\/wp-json\/wp\/v2\/media?parent=24"}],"curies":[{"name":"wp","href":"https:\/\/api.w.org\/{rel}","templated":true}]}}