{"id":2463,"date":"2022-04-13T15:14:15","date_gmt":"2022-04-13T18:14:15","guid":{"rendered":"https:\/\/www.lehrplan.tech\/cursoeadlehrplan\/?page_id=2463"},"modified":"2026-03-18T12:30:36","modified_gmt":"2026-03-18T15:30:36","slug":"contratos-de-comercializacao","status":"publish","type":"page","link":"https:\/\/www.lehrplan.tech\/cursoeadlehrplan\/cursos-lehrplan-jocemar-bueno\/contratos-de-comercializacao\/","title":{"rendered":"Imers\u00e3o em Contratos de Comercializa\u00e7\u00e3o de Energia"},"content":{"rendered":"\n\n\t<h1><strong>CURSO\u00a0 DE IMERS\u00c3O EM CONTRATOS DE COMERCIALIZA\u00c7\u00c3O DE ENERGIA<\/strong><\/h1>\n\t<ul>\n<li><strong>Dura\u00e7\u00e3o:<\/strong> 4 horas;<\/li>\n<li><strong>Formato:<\/strong> Videoaula;<\/li>\n<li><strong>Plataforma:<\/strong> Hotmart;<\/li>\n<li><strong>Investimento:<\/strong> <strong>Gratuito para assinantes do E2B &amp; NETW!<\/strong><\/li>\n<\/ul>\n\t\t\t<a href=\"https:\/\/www.lehrplan.tech\/cursoeadlehrplan\/cursos-lehrplan-jocemar-bueno\/mercado-livre-de-energia-em-foco\/\" target=\"_self\" role=\"button\" rel=\"noopener\">\n\t\t\t\t\t\t\tCONHECER E2B &#038; NETW\n\t\t\t<\/a>\n\t<h2><strong>PROGRAMA E DESCRI\u00c7\u00c3O DO CURSO:<\/strong><\/h2>\n\n\n<ul>\n<li>PAR\u00c2METROS CONTRATUAIS E CONTRATOS DE COMERCIALIZA\u00c7\u00c3O DE ENERGIA;\n<ul>\n<li>SUBMERCADO DE ENTREGA;<\/li>\n<li>MONTANTES DE VENDA DE ENERGIA (MWm\u00e9d)<\/li>\n<li>PER\u00cdODOS DE FORNECIMENTO;<\/li>\n<li>TIPOS DE ENERGIA PARA COMERCIALIZA\u00c7\u00c3O;<\/li>\n<li>FORMA DE ENTREGA E REGISTRO NA CCEE;<\/li>\n<li>INCLUS\u00c3O DE PERDAS EM MONTANTES VENDIDOS;<\/li>\n<li>LIMITES DE SAZONALIZA\u00c7\u00c3O MENSAL;<\/li>\n<li>MODULA\u00c7\u00c3O HOR\u00c1RIA DOS MONTANTES VENDIDOS;<\/li>\n<li>FLEXIBILIDADE MENSAL SOBRE A ENERGIA MENSAL SAZONALIZADA;<\/li>\n<li>CONSTRU\u00c7\u00c3O DA CURVA DECRESCENTE DE PRE\u00c7OS DE VENDA DE ENERGIA;<\/li>\n<\/ul>\n<\/li>\n<\/ul>\n\n<ul>\n<li>PRINCIPAIS PREMISSAS APLIC\u00c1VEIS AOS CONTRATOS DE COMERCIALIZA\u00c7\u00c3O DE ENERGIA EL\u00c9TRICA;<\/li>\n<li>OBJETOS PRAZOS E VIG\u00caNCIA;<\/li>\n<li>QUANTIDADES, PRE\u00c7OS, REAJUSTES E RACIONAMENTO DOS MONTANTES DE ENERGIA VENDIDA;<\/li>\n<li>FATURAMENTO E PAGAMENTO;<\/li>\n<li>GARANTIAS DE PAGAMENTO;<\/li>\n<li>HIP\u00d3TESES DE RESCIS\u00c3O E RESPONSABILIDADE E INDENIZA\u00c7\u00c3O;<\/li>\n<li>ESTRAT\u00c9GIAS DE PAR\u00c2METROS DIN\u00c2MICOS COM GATILHOS NO PLD.<\/li>\n<\/ul>\n\t<h3><strong>Instrutor:<\/strong>\u00a0Me. Jocemar Felicio Bueno<\/h3>\n<ul>\n<li>Certificado pela CCEE;<\/li>\n<li>Mestre em Engenharia de Energia;<\/li>\n<li>Graduado em F\u00edsica;<\/li>\n<li>T\u00e9cnico em Eletrot\u00e9cnica &#8211; CFT: 2208240790.<\/li>\n<\/ul>\n\t\t\t\t<img loading=\"lazy\" decoding=\"async\" src=\"https:\/\/www.lehrplan.tech\/cursoeadlehrplan\/wp-content\/uploads\/2023\/08\/JOCEMAR_1-FUNDO-REMOVIDO.png\" alt=\"JOCEMAR_1-FUNDO REMOVIDO\" itemprop=\"image\" height=\"483\" width=\"517\" title=\"JOCEMAR_1-FUNDO REMOVIDO\" onerror=\"this.style.display='none'\"  \/>\n\t\t\t\t<img loading=\"lazy\" decoding=\"async\" src=\"https:\/\/www.lehrplan.tech\/cursoeadlehrplan\/wp-content\/uploads\/2023\/02\/Certificado-de-Operador-do-Mercado-Jocemar-Felicio-Bueno.png\" alt=\"Certificado de Operador do Mercado - Jocemar Felicio Bueno\" itemprop=\"image\" height=\"981\" width=\"1389\" title=\"Certificado de Operador do Mercado - Jocemar Felicio Bueno\" onerror=\"this.style.display='none'\"  \/>\n\t<h2>Pronto para fazer\u00a0<br \/>\nNovos Neg\u00f3cios?<\/h2>\n\t\t\t<a href=\"https:\/\/www.lehrplan.tech\/cursoeadlehrplan\/cursos-lehrplan-jocemar-bueno\/mercado-livre-de-energia-em-foco\/\" target=\"_self\" role=\"button\" rel=\"noopener\">\n\t\t\t\t\t\t\tCONHECER E2B &#038; NETW\n\t\t\t<\/a>\n\t\t\t<a href=\"https:\/\/api.whatsapp.com\/send?l=pt&#038;phone=5505196358257\" target=\"_blank\" role=\"button\" rel=\"noopener\">\n\t\t\t\t\t\t\tATENDIMENTO WHATSAPP\n\t\t\t<\/a>\n\t\t\t<a href=\"https:\/\/t.me\/mercadolivredeenergia\" target=\"_blank\" role=\"button\" rel=\"noopener\">\n\t\t\t\t\t\t\tGRUPO NO TELEGRAM\n\t\t\t<\/a>\n\t<h4><strong>CURSO DE MERCADO LIVRE DE ENERGIA<\/strong><\/h4>\n\t\t\t<a href=\"https:\/\/www.lehrplan.tech\/cursoeadlehrplan\/cursos-lehrplan-jocemar-bueno\/curso-mercado-livre-de-energia\/\" target=\"_blank\" role=\"button\" rel=\"noopener\">\n\t\t\t\t\t\t\tSAIBA MAIS!\n\t\t\t<\/a>\n\n","protected":false},"excerpt":{"rendered":"<p>CURSO\u00a0 DE IMERS\u00c3O EM CONTRATOS DE COMERCIALIZA\u00c7\u00c3O DE ENERGIA Dura\u00e7\u00e3o: 4 horas; Formato: Videoaula; Plataforma: Hotmart; Investimento: Gratuito para assinantes do E2B &amp; NETW! CONHECER E2B &#038; NETW PROGRAMA E DESCRI\u00c7\u00c3O DO CURSO: PAR\u00c2METROS CONTRATUAIS E CONTRATOS DE COMERCIALIZA\u00c7\u00c3O DE ENERGIA; SUBMERCADO DE ENTREGA; MONTANTES DE VENDA DE ENERGIA (MWm\u00e9d) PER\u00cdODOS DE FORNECIMENTO; TIPOS DE [&hellip;]<\/p>\n","protected":false},"author":1,"featured_media":0,"parent":275,"menu_order":0,"comment_status":"closed","ping_status":"closed","template":"","meta":{"site-sidebar-layout":"no-sidebar","site-content-layout":"page-builder","ast-site-content-layout":"full-width-container","site-content-style":"unboxed","site-sidebar-style":"unboxed","ast-global-header-display":"","ast-banner-title-visibility":"disabled","ast-main-header-display":"disabled","ast-hfb-above-header-display":"","ast-hfb-below-header-display":"","ast-hfb-mobile-header-display":"","site-post-title":"disabled","ast-breadcrumbs-content":"","ast-featured-img":"disabled","footer-sml-layout":"disabled","theme-transparent-header-meta":"default","adv-header-id-meta":"","stick-header-meta":"","header-above-stick-meta":"","header-main-stick-meta":"","header-below-stick-meta":"","astra-migrate-meta-layouts":"set","ast-page-background-enabled":"default","ast-page-background-meta":{"desktop":{"background-color":"var(--ast-global-color-4)","background-image":"","background-repeat":"repeat","background-position":"center center","background-size":"auto","background-attachment":"scroll","background-type":"","background-media":"","overlay-type":"","overlay-color":"","overlay-gradient":""},"tablet":{"background-color":"","background-image":"","background-repeat":"repeat","background-position":"center center","background-size":"auto","background-attachment":"scroll","background-type":"","background-media":"","overlay-type":"","overlay-color":"","overlay-gradient":""},"mobile":{"background-color":"","background-image":"","background-repeat":"repeat","background-position":"center center","background-size":"auto","background-attachment":"scroll","background-type":"","background-media":"","overlay-type":"","overlay-color":"","overlay-gradient":""}},"ast-content-background-meta":{"desktop":{"background-color":"var(--ast-global-color-5)","background-image":"","background-repeat":"repeat","background-position":"center center","background-size":"auto","background-attachment":"scroll","background-type":"","background-media":"","overlay-type":"","overlay-color":"","overlay-gradient":""},"tablet":{"background-color":"var(--ast-global-color-5)","background-image":"","background-repeat":"repeat","background-position":"center center","background-size":"auto","background-attachment":"scroll","background-type":"","background-media":"","overlay-type":"","overlay-color":"","overlay-gradient":""},"mobile":{"background-color":"var(--ast-global-color-5)","background-image":"","background-repeat":"repeat","background-position":"center center","background-size":"auto","background-attachment":"scroll","background-type":"","background-media":"","overlay-type":"","overlay-color":"","overlay-gradient":""}},"footnotes":""},"_links":{"self":[{"href":"https:\/\/www.lehrplan.tech\/cursoeadlehrplan\/wp-json\/wp\/v2\/pages\/2463"}],"collection":[{"href":"https:\/\/www.lehrplan.tech\/cursoeadlehrplan\/wp-json\/wp\/v2\/pages"}],"about":[{"href":"https:\/\/www.lehrplan.tech\/cursoeadlehrplan\/wp-json\/wp\/v2\/types\/page"}],"author":[{"embeddable":true,"href":"https:\/\/www.lehrplan.tech\/cursoeadlehrplan\/wp-json\/wp\/v2\/users\/1"}],"replies":[{"embeddable":true,"href":"https:\/\/www.lehrplan.tech\/cursoeadlehrplan\/wp-json\/wp\/v2\/comments?post=2463"}],"version-history":[{"count":35,"href":"https:\/\/www.lehrplan.tech\/cursoeadlehrplan\/wp-json\/wp\/v2\/pages\/2463\/revisions"}],"predecessor-version":[{"id":3979,"href":"https:\/\/www.lehrplan.tech\/cursoeadlehrplan\/wp-json\/wp\/v2\/pages\/2463\/revisions\/3979"}],"up":[{"embeddable":true,"href":"https:\/\/www.lehrplan.tech\/cursoeadlehrplan\/wp-json\/wp\/v2\/pages\/275"}],"wp:attachment":[{"href":"https:\/\/www.lehrplan.tech\/cursoeadlehrplan\/wp-json\/wp\/v2\/media?parent=2463"}],"curies":[{"name":"wp","href":"https:\/\/api.w.org\/{rel}","templated":true}]}}