{"id":2675,"date":"2022-12-13T21:40:47","date_gmt":"2022-12-14T00:40:47","guid":{"rendered":"https:\/\/www.lehrplan.tech\/cursoeadlehrplan\/?page_id=2675"},"modified":"2025-08-25T11:17:12","modified_gmt":"2025-08-25T14:17:12","slug":"corrente-eletrica-alternada","status":"publish","type":"page","link":"https:\/\/www.lehrplan.tech\/cursoeadlehrplan\/cursos-lehrplan-jocemar-bueno\/corrente-eletrica-alternada\/","title":{"rendered":"Curso de Corrente El\u00e9trica Alternada"},"content":{"rendered":"\n\n\t<h1><strong>CURSO DE CORRENTE EL\u00c9TRICA ALTERNADA<\/strong><\/h1>\n\t<ul>\n<li><strong>Dura\u00e7\u00e3o:<\/strong> 3 horas;<\/li>\n<li><strong>Formato:<\/strong> Videoaula;<\/li>\n<li><strong>Plataforma:<\/strong> Hotmart;<\/li>\n<li><strong>Investimento: Gratuito para assinantes do Grupo de Neg\u00f3cios!<\/strong><\/li>\n<\/ul>\n\t\t\t<a href=\"https:\/\/livemercadolivredeenergiaemfoc.club.hotmart.com\/login\" target=\"_self\" role=\"button\" rel=\"noopener\">\n\t\t\t\t\t\t\tLOGIN\n\t\t\t<\/a>\n\t\t\t<a href=\"https:\/\/www.lehrplan.tech\/cursoeadlehrplan\/cursos-lehrplan-jocemar-bueno\/mercado-livre-de-energia-em-foco\/\" target=\"_self\" role=\"button\" rel=\"noopener\">\n\t\t\t\t\t\t\tVER GRUPO DE NEG\u00d3CIOS\n\t\t\t<\/a>\n\t\n<ul>\n<li><strong>AULA 01:<\/strong>\n<ul>\n<li>Imped\u00e2ncia e o Diagrama de Fasores Regra dos Divisores de Tens\u00e3o;<\/li>\n<li>Admit\u00e2ncia, suscept\u00e2ncia, condut\u00e2ncia, relut\u00e2ncia, reat\u00e2ncia para circuitos RLC em corrente alternada;<\/li>\n<li>Convers\u00e3o Delta-Y e Y-Delta;<\/li>\n<li>Pot\u00eancias: aparente, reativa e ativa;<\/li>\n<\/ul>\n<\/li>\n<li><strong>AULA 02:<\/strong>\n<ul>\n<li>Corre\u00e7\u00e3o do Fator de Pot\u00eancia;<\/li>\n<li>Gerador El\u00e9trico trif\u00e1sico tipo Y;<\/li>\n<li>Gerador El\u00e9trico trif\u00e1sico tipo Delta;<\/li>\n<\/ul>\n<\/li>\n<li><strong>AULA 03:<\/strong>\n<ul>\n<li>M\u00e9todo dos tr\u00eas watt\u00edmetros;<\/li>\n<li>M\u00e9todo dos dois watt\u00edmetros;<\/li>\n<li>Circuito s\u00e9rie RLC Ressonante.<strong><br \/>\n<\/strong><\/li>\n<\/ul>\n<\/li>\n<\/ul>\n\t<h3><strong>Instrutor:<\/strong>\u00a0Me. Jocemar Felicio Bueno<\/h3>\n<ul>\n<li>Certificado pela CCEE;<\/li>\n<li>Mestre em Engenharia de Energia;<\/li>\n<li>Graduado em F\u00edsica;<\/li>\n<li>T\u00e9cnico em Eletrot\u00e9cnica &#8211; CFT: 2208240790.<\/li>\n<\/ul>\n\t\t\t<a href=\"https:\/\/api.whatsapp.com\/send?l=pt&#038;phone=5505196358257\" target=\"_blank\" role=\"button\" rel=\"noopener\">\n\t\t\t\t\t\t\tATENDIMENTO WHATSAPP\n\t\t\t<\/a>\n\t\t\t<a href=\"https:\/\/t.me\/mercadolivredeenergia\" target=\"_blank\" role=\"button\" rel=\"noopener\">\n\t\t\t\t\t\t\tGRUPO NO TELEGRAM\n\t\t\t<\/a>\n\t<h4><strong>CURSO DE MERCADO LIVRE DE ENERGIA<\/strong><\/h4>\n\t\t\t<a href=\"https:\/\/www.lehrplan.tech\/cursoeadlehrplan\/cursos-lehrplan-jocemar-bueno\/curso-mercado-livre-de-energia\/\" target=\"_blank\" role=\"button\" rel=\"noopener\">\n\t\t\t\t\t\t\tSAIBA MAIS!\n\t\t\t<\/a>\n\n","protected":false},"excerpt":{"rendered":"<p>CURSO DE CORRENTE EL\u00c9TRICA ALTERNADA Dura\u00e7\u00e3o: 3 horas; Formato: Videoaula; Plataforma: Hotmart; Investimento: Gratuito para assinantes do Grupo de Neg\u00f3cios! LOGIN VER GRUPO DE NEG\u00d3CIOS AULA 01: Imped\u00e2ncia e o Diagrama de Fasores Regra dos Divisores de Tens\u00e3o; Admit\u00e2ncia, suscept\u00e2ncia, condut\u00e2ncia, relut\u00e2ncia, reat\u00e2ncia para circuitos RLC em corrente alternada; Convers\u00e3o Delta-Y e Y-Delta; Pot\u00eancias: aparente, [&hellip;]<\/p>\n","protected":false},"author":1,"featured_media":0,"parent":275,"menu_order":0,"comment_status":"closed","ping_status":"closed","template":"","meta":{"site-sidebar-layout":"no-sidebar","site-content-layout":"page-builder","ast-site-content-layout":"full-width-container","site-content-style":"unboxed","site-sidebar-style":"unboxed","ast-global-header-display":"","ast-banner-title-visibility":"disabled","ast-main-header-display":"","ast-hfb-above-header-display":"","ast-hfb-below-header-display":"","ast-hfb-mobile-header-display":"","site-post-title":"disabled","ast-breadcrumbs-content":"","ast-featured-img":"disabled","footer-sml-layout":"","theme-transparent-header-meta":"default","adv-header-id-meta":"","stick-header-meta":"","header-above-stick-meta":"","header-main-stick-meta":"","header-below-stick-meta":"","astra-migrate-meta-layouts":"set","ast-page-background-enabled":"default","ast-page-background-meta":{"desktop":{"background-color":"var(--ast-global-color-4)","background-image":"","background-repeat":"repeat","background-position":"center center","background-size":"auto","background-attachment":"scroll","background-type":"","background-media":"","overlay-type":"","overlay-color":"","overlay-gradient":""},"tablet":{"background-color":"","background-image":"","background-repeat":"repeat","background-position":"center center","background-size":"auto","background-attachment":"scroll","background-type":"","background-media":"","overlay-type":"","overlay-color":"","overlay-gradient":""},"mobile":{"background-color":"","background-image":"","background-repeat":"repeat","background-position":"center center","background-size":"auto","background-attachment":"scroll","background-type":"","background-media":"","overlay-type":"","overlay-color":"","overlay-gradient":""}},"ast-content-background-meta":{"desktop":{"background-color":"var(--ast-global-color-5)","background-image":"","background-repeat":"repeat","background-position":"center center","background-size":"auto","background-attachment":"scroll","background-type":"","background-media":"","overlay-type":"","overlay-color":"","overlay-gradient":""},"tablet":{"background-color":"var(--ast-global-color-5)","background-image":"","background-repeat":"repeat","background-position":"center center","background-size":"auto","background-attachment":"scroll","background-type":"","background-media":"","overlay-type":"","overlay-color":"","overlay-gradient":""},"mobile":{"background-color":"var(--ast-global-color-5)","background-image":"","background-repeat":"repeat","background-position":"center center","background-size":"auto","background-attachment":"scroll","background-type":"","background-media":"","overlay-type":"","overlay-color":"","overlay-gradient":""}},"footnotes":""},"_links":{"self":[{"href":"https:\/\/www.lehrplan.tech\/cursoeadlehrplan\/wp-json\/wp\/v2\/pages\/2675"}],"collection":[{"href":"https:\/\/www.lehrplan.tech\/cursoeadlehrplan\/wp-json\/wp\/v2\/pages"}],"about":[{"href":"https:\/\/www.lehrplan.tech\/cursoeadlehrplan\/wp-json\/wp\/v2\/types\/page"}],"author":[{"embeddable":true,"href":"https:\/\/www.lehrplan.tech\/cursoeadlehrplan\/wp-json\/wp\/v2\/users\/1"}],"replies":[{"embeddable":true,"href":"https:\/\/www.lehrplan.tech\/cursoeadlehrplan\/wp-json\/wp\/v2\/comments?post=2675"}],"version-history":[{"count":17,"href":"https:\/\/www.lehrplan.tech\/cursoeadlehrplan\/wp-json\/wp\/v2\/pages\/2675\/revisions"}],"predecessor-version":[{"id":3786,"href":"https:\/\/www.lehrplan.tech\/cursoeadlehrplan\/wp-json\/wp\/v2\/pages\/2675\/revisions\/3786"}],"up":[{"embeddable":true,"href":"https:\/\/www.lehrplan.tech\/cursoeadlehrplan\/wp-json\/wp\/v2\/pages\/275"}],"wp:attachment":[{"href":"https:\/\/www.lehrplan.tech\/cursoeadlehrplan\/wp-json\/wp\/v2\/media?parent=2675"}],"curies":[{"name":"wp","href":"https:\/\/api.w.org\/{rel}","templated":true}]}}