{"id":3000,"date":"2023-08-04T14:21:02","date_gmt":"2023-08-04T17:21:02","guid":{"rendered":"https:\/\/www.lehrplan.tech\/cursoeadlehrplan\/?page_id=3000"},"modified":"2024-11-15T19:22:27","modified_gmt":"2024-11-15T22:22:27","slug":"autoprodutor-de-energia-eletrica","status":"publish","type":"page","link":"https:\/\/www.lehrplan.tech\/cursoeadlehrplan\/cursos-lehrplan-jocemar-bueno\/autoprodutor-de-energia-eletrica\/","title":{"rendered":"Curso de Autoprodutor de Energia El\u00e9trica"},"content":{"rendered":"\n\n\t\t\t\t<img loading=\"lazy\" decoding=\"async\" src=\"https:\/\/www.lehrplan.tech\/cursoeadlehrplan\/wp-content\/uploads\/2023\/05\/Lehrplan_3-removebg-preview-300x144.png\" alt=\"Lehrplan_3-removebg-preview\" itemprop=\"image\" height=\"144\" width=\"300\" title=\"Lehrplan_3-removebg-preview\" onerror=\"this.style.display='none'\"  \/>\n\t<h1>CURSO DE AUTOPRODUTOR DE ENERGIA EL\u00c9TRICA<\/h1>\n<p>EXCLUSIVO PARA ASSINANTES DO GRUPO DE NEG\u00d3CIOS<\/p>\n\n\t\t\t<a href=\"https:\/\/www.lehrplan.tech\/cursoeadlehrplan\/cursos-lehrplan-jocemar-bueno\/mercado-livre-de-energia-em-foco\/\" target=\"_self\" role=\"button\" rel=\"noopener\">\n\t\t\t\t\t\t\tVER GRUPO DE NEG\u00d3CIOS\n\t\t\t<\/a>\n\t\t\t<a href=\"https:\/\/wa.me\/5505196358257?text=Bom%20dia!%20Gostaria%20de%20mais%20informa\u00e7\u00f5es%20sobre%20o%20curso%20de%20Autoprodutor%20de%20Energia.\" target=\"_blank\" role=\"button\" rel=\"noopener\">\n\t\t\t\t\t\tATENDIMENTO WHATSAPP\n\t\t\t\t\t<\/a>\n\t<h3><strong>APRESENTA\u00c7\u00c3O<\/strong><\/h3>\n\t<p>No \u00e2mbito do Mercado Livre de Energia, existem diferentes tipos de modelagem dos ativos (usina e carga) que podem ser aplicados aos Autoprodutores de Energia El\u00e9trica. Por exemplo, temos a usina modelada juntamente com a carga sob a figura de um mesmo agente, e tamb\u00e9m a usina modelada separadamente da carga sob a figura de agentes distintos. Para cada situa\u00e7\u00e3o, teremos formatos de contratos bilaterais para repassar a gera\u00e7\u00e3o da usina para a carga. Isso \u00e9 feito, por exemplo, em alguns cons\u00f3rcios ou Sociedades de Prop\u00f3sito Espec\u00edfico (SPEs) com foco em gera\u00e7\u00e3o de energia para o pr\u00f3prio uso.<\/p>\n<p><strong>Neste curso<\/strong>, voc\u00ea vai entender os diferentes tipos de autoprodu\u00e7\u00e3o de energia el\u00e9trica, e assim identificar os requisitos t\u00e9cnicos para injetar energia el\u00e9trica na rede el\u00e9trica. Voc\u00ea tamb\u00e9m vai conhecer os diferentes mercados onde um autoprodutor pode comercializar sua energia excedente, al\u00e9m de aprender a elaborar as melhores estrat\u00e9gias de comercializa\u00e7\u00e3o de energia el\u00e9trica. Al\u00e9m disso, voc\u00ea vai aprender como prospectar clientes potenciais, gerenciar riscos na autoprodu\u00e7\u00e3o de energia el\u00e9trica, e identificar tend\u00eancias e perspectivas para o futuro da autoprodu\u00e7\u00e3o de energia el\u00e9trica no Brasil.<\/p>\n\t<h4><strong>ESTE CURSO \u00c9 INTERESSANTE PARA:<\/strong> Todos os profissionais que desejam se especializar em autoprodu\u00e7\u00e3o de energia el\u00e9trica.<\/h4>\n<h4><strong>PR\u00c9-REQUISITOS:<\/strong> N\u00c3O H\u00c1<\/h4>\n<h4><strong>SOBRE O CURSO:<\/strong><\/h4>\n<ul>\n<li><strong>DURA\u00c7\u00c3O:<\/strong> 7,5 HORAS;<\/li>\n<li><strong>FORMATO DO CURSO:<\/strong> 06 VIDEOAULAS (4,5 horas) + 02 LIVES (3 horas de material gravado dispon\u00edvel!)<\/li>\n<li><strong>CERTIFICADO:<\/strong> SIM;<\/li>\n<li><strong>GRUPO NO WHATSAPP PARA D\u00daVIDAS:<\/strong> SIM;<\/li>\n<li><strong>MATERIAIS EXTRAS:<\/strong> DESCRI\u00c7\u00c3O E DETALHES AO FINAL DESTA P\u00c1GINA;<\/li>\n<li><strong>NOTA FISCAL:<\/strong> EMISS\u00c3O AUTOM\u00c1TICA AP\u00d3S A COMPRA;<\/li>\n<li><strong>INVESTIMENTO:<\/strong> GRATUITO PARA ASSINANTES DO GRUPO DE NEG\u00d3CIOS;<\/li>\n<li><strong>FORMAS DE PAGAMENTO:<\/strong> PIX\/BOLETO\/CART\u00d5ES DE CR\u00c9DITO.<\/li>\n<\/ul>\n<h3><\/h3>\n<h3><strong>PROGRAMA DO CURSO:<\/strong><\/h3>\n<ul>\n<li>\n<ul>\n<li>\n<h4><strong>VIDEOAULA 01:<\/strong> Introdu\u00e7\u00e3o sobre os diferentes tipos de Autoprodu\u00e7\u00e3o de Energia no \u00e2mbito do Mercado Livre de Energia El\u00e9trica;<\/h4>\n<\/li>\n<li>\n<h4><strong>VIDEOAULA 02: <\/strong>Regula\u00e7\u00e3o do setor el\u00e9trico atualizada para Autoprodu\u00e7\u00e3o de Energia El\u00e9trica no Brasil;<\/h4>\n<\/li>\n<li>\n<h4><strong>VIDEOAULA 03: <\/strong>Os diferentes mercados onde um autoprodutor pode comercializar sua energia excedente, bem como os diferentes contratos que podem ser negociados;<\/h4>\n<\/li>\n<li>\n<h4><strong>VIDEOAULA 04: <\/strong>Os requisitos t\u00e9cnicos para o Sistema de Medi\u00e7\u00e3o e Faturamento, e os requisitos t\u00e9cnicos\u00a0 para injetar energia na rede el\u00e9trica por um Autoprodutor, e os diferentes tipos de contratos que podem ser negociados com as distribuidoras;<\/h4>\n<\/li>\n<li>\n<h4><strong>VIDEOAULA 05: <\/strong>Os diferentes documentos e requisitos necess\u00e1rios para se tornar um autoprodutor, bem como as etapas do processo de homologa\u00e7\u00e3o;<\/h4>\n<\/li>\n<li>\n<h4><strong>VIDEOAULA 06: <\/strong>As novas oportunidades e os diferentes modelos de neg\u00f3cio que podem ser desenvolvidos com base na autoprodu\u00e7\u00e3o;<\/h4>\n<\/li>\n<li>\n<h4><strong>LIVE &#8211; 03 de outubro de 2023 das 20h \u00e0s 21h30min (<\/strong><strong>A LIVE FICOU GRAVADA E EST\u00c1 DISPON\u00cdVEL<\/strong><strong>):<\/strong><\/h4>\n<ul>\n<li>\n<h4> Modelo de neg\u00f3cio de Gerador como Comercializadora Varejista e os os diferentes tipos de clientes que podem ser atendidos;<\/h4>\n<\/li>\n<li>\n<h4>As diferentes estrat\u00e9gias que podem ser utilizadas para prospectar clientes potenciais e vender solu\u00e7\u00f5es com base na autoprodu\u00e7\u00e3o de energia el\u00e9trica;<\/h4>\n<\/li>\n<\/ul>\n<\/li>\n<li>\n<h4><strong>LIVE &#8211; 10 de outubro de 2023<\/strong><strong> das 20h \u00e0s 21h30min (A LIVE FICOU GRAVADA E EST\u00c1 DISPON\u00cdVEL)<\/strong><strong>:<\/strong><\/h4>\n<ul>\n<li>\n<h4>Gest\u00e3o de Riscos na Autoprodu\u00e7\u00e3o de Energia El\u00e9trica e as diferentes estrat\u00e9gias que podem ser utilizadas para gerenci\u00e1-lo;<\/h4>\n<\/li>\n<li>\n<h4>Tend\u00eancias e Perspectivas da para o futuro da Autoprodu\u00e7\u00e3o de Energia El\u00e9trica no Brasil;<\/h4>\n<\/li>\n<li>\n<h4>C\u00e1lculo de Viabilidade Econ\u00f4mica para APE junto a carga e APE separado da carga.<\/h4>\n<\/li>\n<\/ul>\n<\/li>\n<\/ul>\n<\/li>\n<\/ul>\n<p>&nbsp;<\/p>\n<h3><strong>MATERIAL EXTRA:<\/strong><\/h3>\n<ul>\n<li>\n<ul>\n<li><strong>PLANILHA:<\/strong> Utilizada no curso e Habilitada para edi\u00e7\u00e3o do usu\u00e1rio;<\/li>\n<\/ul>\n<\/li>\n<\/ul>\n\t<h3><strong>Instrutor:<\/strong>\u00a0Me. Jocemar Felicio Bueno<\/h3>\n<ul>\n<li>Mestrado em Engenharia de Energia;<\/li>\n<li>Graduado em F\u00edsica;<\/li>\n<li>T\u00e9cnico em Eletrot\u00e9cnica &#8211; CFT: 2208240790;<\/li>\n<li>Certificado pela CCEE &#8211; C\u00e2mara de Comercializa\u00e7\u00e3o de Energia El\u00e9trica.<\/li>\n<\/ul>\n\t\t\t\t<img loading=\"lazy\" decoding=\"async\" src=\"https:\/\/www.lehrplan.tech\/cursoeadlehrplan\/wp-content\/uploads\/2023\/08\/JOCEMAR_1-FUNDO-REMOVIDO.png\" alt=\"JOCEMAR_1-FUNDO REMOVIDO\" itemprop=\"image\" height=\"483\" width=\"517\" title=\"JOCEMAR_1-FUNDO REMOVIDO\" onerror=\"this.style.display='none'\"  \/>\n\t\t\t\t<img loading=\"lazy\" decoding=\"async\" src=\"https:\/\/www.lehrplan.tech\/cursoeadlehrplan\/wp-content\/uploads\/2023\/04\/CERTIFICADO-CCEE.png\" alt=\"CERTIFICADO CCEE\" itemprop=\"image\" height=\"985\" width=\"1395\" title=\"CERTIFICADO CCEE\" onerror=\"this.style.display='none'\"  \/>\n\t\t\t\t<img loading=\"lazy\" decoding=\"async\" src=\"https:\/\/www.lehrplan.tech\/cursoeadlehrplan\/wp-content\/uploads\/2023\/12\/CERTIFICADO-LEHRPLAN.png\" alt=\"CERTIFICADO-LEHRPLAN\" itemprop=\"image\" height=\"714\" width=\"1112\" title=\"CERTIFICADO-LEHRPLAN\" onerror=\"this.style.display='none'\"  \/>\n\t<h2>Pronto para fazer\u00a0<br \/>\nNovos Neg\u00f3cios?<\/h2>\n\t\t\t<a href=\"https:\/\/www.lehrplan.tech\/cursoeadlehrplan\/cursos-lehrplan-jocemar-bueno\/mercado-livre-de-energia-em-foco\/\" target=\"_self\" role=\"button\" rel=\"noopener\">\n\t\t\t\t\t\t\tVER GRUPO DE NEG\u00d3CIOS\n\t\t\t<\/a>\n\t<h4><strong>Lehrplan | Consultoria e Treinamentos<\/strong><\/h4>\nCNPJ: 30.190.682\/0001-03<br \/>\ne-mail.: contato@lehrplan.tech<br \/>\nCel.: (51)996.358.257<br \/>\nTel: (51) 3369-4822\n\n\n","protected":false},"excerpt":{"rendered":"<p>CURSO DE AUTOPRODUTOR DE ENERGIA EL\u00c9TRICA EXCLUSIVO PARA ASSINANTES DO GRUPO DE NEG\u00d3CIOS VER GRUPO DE NEG\u00d3CIOS ATENDIMENTO WHATSAPP APRESENTA\u00c7\u00c3O No \u00e2mbito do Mercado Livre de Energia, existem diferentes tipos de modelagem dos ativos (usina e carga) que podem ser aplicados aos Autoprodutores de Energia El\u00e9trica. Por exemplo, temos a usina modelada juntamente com a [&hellip;]<\/p>\n","protected":false},"author":1,"featured_media":0,"parent":275,"menu_order":0,"comment_status":"closed","ping_status":"closed","template":"","meta":{"site-sidebar-layout":"no-sidebar","site-content-layout":"page-builder","ast-site-content-layout":"full-width-container","site-content-style":"default","site-sidebar-style":"default","ast-global-header-display":"","ast-banner-title-visibility":"disabled","ast-main-header-display":"disabled","ast-hfb-above-header-display":"","ast-hfb-below-header-display":"","ast-hfb-mobile-header-display":"","site-post-title":"disabled","ast-breadcrumbs-content":"","ast-featured-img":"disabled","footer-sml-layout":"disabled","theme-transparent-header-meta":"default","adv-header-id-meta":"","stick-header-meta":"","header-above-stick-meta":"","header-main-stick-meta":"","header-below-stick-meta":"","astra-migrate-meta-layouts":"set","ast-page-background-enabled":"default","ast-page-background-meta":{"desktop":{"background-color":"var(--ast-global-color-4)","background-image":"","background-repeat":"repeat","background-position":"center center","background-size":"auto","background-attachment":"scroll","background-type":"","background-media":"","overlay-type":"","overlay-color":"","overlay-gradient":""},"tablet":{"background-color":"","background-image":"","background-repeat":"repeat","background-position":"center center","background-size":"auto","background-attachment":"scroll","background-type":"","background-media":"","overlay-type":"","overlay-color":"","overlay-gradient":""},"mobile":{"background-color":"","background-image":"","background-repeat":"repeat","background-position":"center center","background-size":"auto","background-attachment":"scroll","background-type":"","background-media":"","overlay-type":"","overlay-color":"","overlay-gradient":""}},"ast-content-background-meta":{"desktop":{"background-color":"var(--ast-global-color-5)","background-image":"","background-repeat":"repeat","background-position":"center center","background-size":"auto","background-attachment":"scroll","background-type":"","background-media":"","overlay-type":"","overlay-color":"","overlay-gradient":""},"tablet":{"background-color":"var(--ast-global-color-5)","background-image":"","background-repeat":"repeat","background-position":"center center","background-size":"auto","background-attachment":"scroll","background-type":"","background-media":"","overlay-type":"","overlay-color":"","overlay-gradient":""},"mobile":{"background-color":"var(--ast-global-color-5)","background-image":"","background-repeat":"repeat","background-position":"center center","background-size":"auto","background-attachment":"scroll","background-type":"","background-media":"","overlay-type":"","overlay-color":"","overlay-gradient":""}},"footnotes":""},"_links":{"self":[{"href":"https:\/\/www.lehrplan.tech\/cursoeadlehrplan\/wp-json\/wp\/v2\/pages\/3000"}],"collection":[{"href":"https:\/\/www.lehrplan.tech\/cursoeadlehrplan\/wp-json\/wp\/v2\/pages"}],"about":[{"href":"https:\/\/www.lehrplan.tech\/cursoeadlehrplan\/wp-json\/wp\/v2\/types\/page"}],"author":[{"embeddable":true,"href":"https:\/\/www.lehrplan.tech\/cursoeadlehrplan\/wp-json\/wp\/v2\/users\/1"}],"replies":[{"embeddable":true,"href":"https:\/\/www.lehrplan.tech\/cursoeadlehrplan\/wp-json\/wp\/v2\/comments?post=3000"}],"version-history":[{"count":30,"href":"https:\/\/www.lehrplan.tech\/cursoeadlehrplan\/wp-json\/wp\/v2\/pages\/3000\/revisions"}],"predecessor-version":[{"id":3491,"href":"https:\/\/www.lehrplan.tech\/cursoeadlehrplan\/wp-json\/wp\/v2\/pages\/3000\/revisions\/3491"}],"up":[{"embeddable":true,"href":"https:\/\/www.lehrplan.tech\/cursoeadlehrplan\/wp-json\/wp\/v2\/pages\/275"}],"wp:attachment":[{"href":"https:\/\/www.lehrplan.tech\/cursoeadlehrplan\/wp-json\/wp\/v2\/media?parent=3000"}],"curies":[{"name":"wp","href":"https:\/\/api.w.org\/{rel}","templated":true}]}}