{"id":3165,"date":"2024-04-18T20:24:08","date_gmt":"2024-04-18T23:24:08","guid":{"rendered":"https:\/\/www.lehrplan.tech\/cursoeadlehrplan\/?page_id=3165"},"modified":"2025-08-25T11:10:16","modified_gmt":"2025-08-25T14:10:16","slug":"instalacoes-eletricas","status":"publish","type":"page","link":"https:\/\/www.lehrplan.tech\/cursoeadlehrplan\/cursos-lehrplan-jocemar-bueno\/instalacoes-eletricas\/","title":{"rendered":"Curso de Instala\u00e7\u00f5es El\u00e9tricas"},"content":{"rendered":"\n\n\t<h1><strong>CURSO DE INSTALA\u00c7\u00d5ES EL\u00c9TRICAS<\/strong><\/h1>\n\t<ul>\n<li><strong>Dura\u00e7\u00e3o:<\/strong> 3 horas;<\/li>\n<li><strong>Formato:<\/strong> Videoaula;<\/li>\n<li><strong>Plataforma:<\/strong> Hotmart;<\/li>\n<li><strong>Investimento: <\/strong>Gratuito para assinantes do Grupo de Neg\u00f3cios!<\/li>\n<\/ul>\n\t\t\t<a href=\"https:\/\/livemercadolivredeenergiaemfoc.club.hotmart.com\/login\" target=\"_self\" role=\"button\" rel=\"noopener\">\n\t\t\t\t\t\t\tLOGIN\n\t\t\t<\/a>\n\t\t\t<a href=\"https:\/\/www.lehrplan.tech\/cursoeadlehrplan\/cursos-lehrplan-jocemar-bueno\/mercado-livre-de-energia-em-foco\/\" target=\"_self\" role=\"button\" rel=\"noopener\">\n\t\t\t\t\t\t\tVER GRUPO DE NEG\u00d3CIOS\n\t\t\t<\/a>\n\t\n<ul>\n<li><strong>AULA 01:<\/strong>\n<ul>\n<li>Diagramas El\u00e9tricos;<\/li>\n<li>Fornecimento de Energia el\u00e9trica;<\/li>\n<li>Medi\u00e7\u00e3o de Energia;<\/li>\n<li>Pot\u00eancia e Carga El\u00e9trica;<\/li>\n<\/ul>\n<\/li>\n<\/ul>\n<ul>\n<li><strong>AULA 02:<\/strong>\n<ul>\n<li>Quadro de Distribui\u00e7\u00e3o de Energia;<\/li>\n<li>Circuitos de uma Instala\u00e7\u00e3o El\u00e9trica;<\/li>\n<li>Dispositivos de Prote\u00e7\u00e3o El\u00e9trica;<\/li>\n<li>Aterramento El\u00e9trico;<\/li>\n<li>Componentes de uma Instala\u00e7\u00e3o El\u00e9trica;<\/li>\n<\/ul>\n<\/li>\n<\/ul>\n<ul>\n<li><strong>AULA 03:<\/strong>\n<ul>\n<li>SPDA;<\/li>\n<li>Sistemas de Condicionamento de Ar;<\/li>\n<li>Previs\u00e3o de Shafts;<\/li>\n<\/ul>\n<\/li>\n<\/ul>\n\t<h3><strong>Instrutor:<\/strong>\u00a0Me. Jocemar Felicio Bueno<\/h3>\n<ul>\n<li>Certificado pela CCEE;<\/li>\n<li>Mestre em Engenharia de Energia;<\/li>\n<li>Graduado em F\u00edsica;<\/li>\n<li>T\u00e9cnico em Eletrot\u00e9cnica &#8211; CFT: 2208240790.<\/li>\n<\/ul>\n\t\t\t<a href=\"https:\/\/api.whatsapp.com\/send?l=pt&#038;phone=5505196358257\" target=\"_blank\" role=\"button\" rel=\"noopener\">\n\t\t\t\t\t\t\tATENDIMENTO WHATSAPP\n\t\t\t<\/a>\n\t\t\t<a href=\"https:\/\/t.me\/mercadolivredeenergia\" target=\"_blank\" role=\"button\" rel=\"noopener\">\n\t\t\t\t\t\t\tGRUPO NO TELEGRAM\n\t\t\t<\/a>\n\t<h4><strong>CURSO DE MERCADO LIVRE DE ENERGIA<\/strong><\/h4>\n\t\t\t<a href=\"https:\/\/www.lehrplan.tech\/cursoeadlehrplan\/cursos-lehrplan-jocemar-bueno\/curso-mercado-livre-de-energia\/\" target=\"_blank\" role=\"button\" rel=\"noopener\">\n\t\t\t\t\t\t\tSAIBA MAIS!\n\t\t\t<\/a>\n\n","protected":false},"excerpt":{"rendered":"<p>CURSO DE INSTALA\u00c7\u00d5ES EL\u00c9TRICAS Dura\u00e7\u00e3o: 3 horas; Formato: Videoaula; Plataforma: Hotmart; Investimento: Gratuito para assinantes do Grupo de Neg\u00f3cios! LOGIN VER GRUPO DE NEG\u00d3CIOS AULA 01: Diagramas El\u00e9tricos; Fornecimento de Energia el\u00e9trica; Medi\u00e7\u00e3o de Energia; Pot\u00eancia e Carga El\u00e9trica; AULA 02: Quadro de Distribui\u00e7\u00e3o de Energia; Circuitos de uma Instala\u00e7\u00e3o El\u00e9trica; Dispositivos de Prote\u00e7\u00e3o El\u00e9trica; [&hellip;]<\/p>\n","protected":false},"author":1,"featured_media":0,"parent":275,"menu_order":0,"comment_status":"closed","ping_status":"closed","template":"","meta":{"site-sidebar-layout":"no-sidebar","site-content-layout":"page-builder","ast-site-content-layout":"full-width-container","site-content-style":"unboxed","site-sidebar-style":"unboxed","ast-global-header-display":"","ast-banner-title-visibility":"disabled","ast-main-header-display":"","ast-hfb-above-header-display":"","ast-hfb-below-header-display":"","ast-hfb-mobile-header-display":"","site-post-title":"disabled","ast-breadcrumbs-content":"","ast-featured-img":"disabled","footer-sml-layout":"","theme-transparent-header-meta":"default","adv-header-id-meta":"","stick-header-meta":"","header-above-stick-meta":"","header-main-stick-meta":"","header-below-stick-meta":"","astra-migrate-meta-layouts":"set","ast-page-background-enabled":"default","ast-page-background-meta":{"desktop":{"background-color":"var(--ast-global-color-4)","background-image":"","background-repeat":"repeat","background-position":"center center","background-size":"auto","background-attachment":"scroll","background-type":"","background-media":"","overlay-type":"","overlay-color":"","overlay-gradient":""},"tablet":{"background-color":"","background-image":"","background-repeat":"repeat","background-position":"center center","background-size":"auto","background-attachment":"scroll","background-type":"","background-media":"","overlay-type":"","overlay-color":"","overlay-gradient":""},"mobile":{"background-color":"","background-image":"","background-repeat":"repeat","background-position":"center center","background-size":"auto","background-attachment":"scroll","background-type":"","background-media":"","overlay-type":"","overlay-color":"","overlay-gradient":""}},"ast-content-background-meta":{"desktop":{"background-color":"var(--ast-global-color-5)","background-image":"","background-repeat":"repeat","background-position":"center center","background-size":"auto","background-attachment":"scroll","background-type":"","background-media":"","overlay-type":"","overlay-color":"","overlay-gradient":""},"tablet":{"background-color":"var(--ast-global-color-5)","background-image":"","background-repeat":"repeat","background-position":"center center","background-size":"auto","background-attachment":"scroll","background-type":"","background-media":"","overlay-type":"","overlay-color":"","overlay-gradient":""},"mobile":{"background-color":"var(--ast-global-color-5)","background-image":"","background-repeat":"repeat","background-position":"center center","background-size":"auto","background-attachment":"scroll","background-type":"","background-media":"","overlay-type":"","overlay-color":"","overlay-gradient":""}},"footnotes":""},"_links":{"self":[{"href":"https:\/\/www.lehrplan.tech\/cursoeadlehrplan\/wp-json\/wp\/v2\/pages\/3165"}],"collection":[{"href":"https:\/\/www.lehrplan.tech\/cursoeadlehrplan\/wp-json\/wp\/v2\/pages"}],"about":[{"href":"https:\/\/www.lehrplan.tech\/cursoeadlehrplan\/wp-json\/wp\/v2\/types\/page"}],"author":[{"embeddable":true,"href":"https:\/\/www.lehrplan.tech\/cursoeadlehrplan\/wp-json\/wp\/v2\/users\/1"}],"replies":[{"embeddable":true,"href":"https:\/\/www.lehrplan.tech\/cursoeadlehrplan\/wp-json\/wp\/v2\/comments?post=3165"}],"version-history":[{"count":10,"href":"https:\/\/www.lehrplan.tech\/cursoeadlehrplan\/wp-json\/wp\/v2\/pages\/3165\/revisions"}],"predecessor-version":[{"id":3784,"href":"https:\/\/www.lehrplan.tech\/cursoeadlehrplan\/wp-json\/wp\/v2\/pages\/3165\/revisions\/3784"}],"up":[{"embeddable":true,"href":"https:\/\/www.lehrplan.tech\/cursoeadlehrplan\/wp-json\/wp\/v2\/pages\/275"}],"wp:attachment":[{"href":"https:\/\/www.lehrplan.tech\/cursoeadlehrplan\/wp-json\/wp\/v2\/media?parent=3165"}],"curies":[{"name":"wp","href":"https:\/\/api.w.org\/{rel}","templated":true}]}}