{"id":3188,"date":"2024-04-19T13:54:50","date_gmt":"2024-04-19T16:54:50","guid":{"rendered":"https:\/\/www.lehrplan.tech\/cursoeadlehrplan\/?page_id=3188"},"modified":"2026-03-18T12:28:01","modified_gmt":"2026-03-18T15:28:01","slug":"curso-de-sistemas-de-distribuicao-de-energia-eletrica","status":"publish","type":"page","link":"https:\/\/www.lehrplan.tech\/cursoeadlehrplan\/cursos-lehrplan-jocemar-bueno\/curso-de-sistemas-de-distribuicao-de-energia-eletrica\/","title":{"rendered":"Curso de Sistemas de Distribui\u00e7\u00e3o de Energia El\u00e9trica"},"content":{"rendered":"\n\n\t<h1><strong>CURSO DE SISTEMAS DE DISTRIBUI\u00c7\u00c3O DE ENERGIA EL\u00c9TRICA<\/strong><\/h1>\n\t<ul>\n<li><strong>Dura\u00e7\u00e3o:<\/strong> 3 horas;<\/li>\n<li><strong>Plataforma:<\/strong> Hotmart;<\/li>\n<li><strong>Formato:<\/strong> Videoaula;<\/li>\n<li><strong>Investimento: <\/strong>Gratuito\u00a0para assinantes do Grupo de Neg\u00f3cios!<\/li>\n<\/ul>\n\t\t\t<a href=\"https:\/\/www.lehrplan.tech\/cursoeadlehrplan\/cursos-lehrplan-jocemar-bueno\/mercado-livre-de-energia-em-foco\/\" target=\"_self\" role=\"button\" rel=\"noopener\">\n\t\t\t\t\t\t\tCONHECER E2B &#038; NETW\n\t\t\t<\/a>\n\t\n<p>&nbsp;<\/p>\n<ul>\n<li><strong>LIVE COMPLEMENTAR 30\/05\/2025 | C\u00e1lculos El\u00e9tricos para:<\/strong>\n<ul>\n<li>a curva de demanda semanal de um consumidor ; <\/li>\n<li>a energia el\u00e9trica absorvida semanalmente pelo consumidor ; <\/li>\n<li>os fatores semanais de carga e de perdas;<\/li>\n<\/ul>\n<\/li>\n<\/ul>\n<p>&nbsp;<\/p>\n<ul>\n<li><strong>LIVE COMPLEMENTAR 06\/06\/2025 | C\u00e1lculos Tarif\u00e1rios:<\/strong>\n<ul>\n<li>THS Verde;<\/li>\n<li>THS Azul;<\/li>\n<\/ul>\n<\/li>\n<\/ul>\n<p>&nbsp;<\/p>\n<ul>\n<li><strong>LIVE COMPLEMENTAR 13\/06\/2025 | C\u00e1lculo de Dimensionamento de Condutores:<\/strong>\n<ul>\n<li>Equacionamento T\u00e9rmico para pequenas varia\u00e7\u00f5es de Corrente El\u00e9trica;<\/li>\n<li>Equacionamento T\u00e9rmico para grandes varia\u00e7\u00f5es de Corrente El\u00e9trica;<\/li>\n<\/ul>\n<\/li>\n<\/ul>\n<p>&nbsp;<\/p>\n<ul>\n<li><strong>VIDEOAULA 01:<\/strong>\n<ul>\n<li>Sistemas de Gera\u00e7\u00e3o de Energia;<\/li>\n<li>Sistemas de Transmiss\u00e3o de Energia;<\/li>\n<li>Sistemas de Distribui\u00e7\u00e3o de Energia;<\/li>\n<li>Rede de Distribui\u00e7\u00e3o Secund\u00e1ria;<\/li>\n<li>Efeitos da Carga Sobre o Sistema de Distribui\u00e7\u00e3o;<\/li>\n<li>Demanda: demanda m\u00e1xima, diversidade de carga, fator de demanda, fator de utiliza\u00e7\u00e3o, fator de carga;<\/li>\n<\/ul>\n<\/li>\n<\/ul>\n<ul>\n<li><strong>VIDEOAULA 02:<\/strong>\n<ul>\n<li>Corrente el\u00e9trica admiss\u00edvel e equacionamento t\u00e9rmico;<\/li>\n<li>Corrente el\u00e9trica de regime e limite t\u00e9rmico para:\n<ul>\n<li>Cabos n\u00fas;<\/li>\n<li>Cabos protegidos;<\/li>\n<li>Cabos isolados;<\/li>\n<\/ul>\n<\/li>\n<\/ul>\n<\/li>\n<\/ul>\n<ul>\n<li><strong>VIDEOAULA 03:<\/strong>\n<ul>\n<li>Constantes quilom\u00e9tricas de linhas a\u00e9reas e subterr\u00e2nea;<\/li>\n<li>Transformadores de potencial el\u00e9trico;<\/li>\n<li>Fluxo de Pot\u00eancia;\n<ul>\n<li>Modelagem da rede e carga;<\/li>\n<li>Representa\u00e7\u00e3o das cargas em fun\u00e7\u00e3o da tens\u00e3o el\u00e9trica.<\/li>\n<\/ul>\n<\/li>\n<\/ul>\n<\/li>\n<\/ul>\n\t<h3><strong>Instrutor:<\/strong>\u00a0Me. Jocemar Felicio Bueno<\/h3>\n<ul>\n<li>Certificado pela CCEE;<\/li>\n<li>Mestre em Engenharia de Energia;<\/li>\n<li>Graduado em F\u00edsica;<\/li>\n<li>T\u00e9cnico em Eletrot\u00e9cnica &#8211; CFT: 2208240790.<\/li>\n<\/ul>\n\t\t\t<a href=\"https:\/\/api.whatsapp.com\/send?l=pt&#038;phone=5505196358257\" target=\"_blank\" role=\"button\" rel=\"noopener\">\n\t\t\t\t\t\t\tATENDIMENTO WHATSAPP\n\t\t\t<\/a>\n\t\t\t<a href=\"https:\/\/t.me\/mercadolivredeenergia\" target=\"_blank\" role=\"button\" rel=\"noopener\">\n\t\t\t\t\t\t\tGRUPO NO TELEGRAM\n\t\t\t<\/a>\n\t<h4><strong>CURSO DE MERCADO LIVRE DE ENERGIA<\/strong><\/h4>\n\t\t\t<a href=\"https:\/\/www.lehrplan.tech\/cursoeadlehrplan\/cursos-lehrplan-jocemar-bueno\/curso-mercado-livre-de-energia\/\" target=\"_blank\" role=\"button\" rel=\"noopener\">\n\t\t\t\t\t\t\tSAIBA MAIS!\n\t\t\t<\/a>\n\n","protected":false},"excerpt":{"rendered":"<p>CURSO DE SISTEMAS DE DISTRIBUI\u00c7\u00c3O DE ENERGIA EL\u00c9TRICA Dura\u00e7\u00e3o: 3 horas; Plataforma: Hotmart; Formato: Videoaula; Investimento: Gratuito\u00a0para assinantes do Grupo de Neg\u00f3cios! CONHECER E2B &#038; NETW &nbsp; LIVE COMPLEMENTAR 30\/05\/2025 | C\u00e1lculos El\u00e9tricos para: a curva de demanda semanal de um consumidor ; a energia el\u00e9trica absorvida semanalmente pelo consumidor ; os fatores semanais de [&hellip;]<\/p>\n","protected":false},"author":1,"featured_media":0,"parent":275,"menu_order":0,"comment_status":"closed","ping_status":"closed","template":"","meta":{"site-sidebar-layout":"no-sidebar","site-content-layout":"page-builder","ast-site-content-layout":"full-width-container","site-content-style":"unboxed","site-sidebar-style":"unboxed","ast-global-header-display":"","ast-banner-title-visibility":"disabled","ast-main-header-display":"","ast-hfb-above-header-display":"","ast-hfb-below-header-display":"","ast-hfb-mobile-header-display":"","site-post-title":"disabled","ast-breadcrumbs-content":"","ast-featured-img":"disabled","footer-sml-layout":"","theme-transparent-header-meta":"default","adv-header-id-meta":"","stick-header-meta":"","header-above-stick-meta":"","header-main-stick-meta":"","header-below-stick-meta":"","astra-migrate-meta-layouts":"set","ast-page-background-enabled":"default","ast-page-background-meta":{"desktop":{"background-color":"var(--ast-global-color-4)","background-image":"","background-repeat":"repeat","background-position":"center center","background-size":"auto","background-attachment":"scroll","background-type":"","background-media":"","overlay-type":"","overlay-color":"","overlay-gradient":""},"tablet":{"background-color":"","background-image":"","background-repeat":"repeat","background-position":"center center","background-size":"auto","background-attachment":"scroll","background-type":"","background-media":"","overlay-type":"","overlay-color":"","overlay-gradient":""},"mobile":{"background-color":"","background-image":"","background-repeat":"repeat","background-position":"center center","background-size":"auto","background-attachment":"scroll","background-type":"","background-media":"","overlay-type":"","overlay-color":"","overlay-gradient":""}},"ast-content-background-meta":{"desktop":{"background-color":"var(--ast-global-color-5)","background-image":"","background-repeat":"repeat","background-position":"center center","background-size":"auto","background-attachment":"scroll","background-type":"","background-media":"","overlay-type":"","overlay-color":"","overlay-gradient":""},"tablet":{"background-color":"var(--ast-global-color-5)","background-image":"","background-repeat":"repeat","background-position":"center center","background-size":"auto","background-attachment":"scroll","background-type":"","background-media":"","overlay-type":"","overlay-color":"","overlay-gradient":""},"mobile":{"background-color":"var(--ast-global-color-5)","background-image":"","background-repeat":"repeat","background-position":"center center","background-size":"auto","background-attachment":"scroll","background-type":"","background-media":"","overlay-type":"","overlay-color":"","overlay-gradient":""}},"footnotes":""},"_links":{"self":[{"href":"https:\/\/www.lehrplan.tech\/cursoeadlehrplan\/wp-json\/wp\/v2\/pages\/3188"}],"collection":[{"href":"https:\/\/www.lehrplan.tech\/cursoeadlehrplan\/wp-json\/wp\/v2\/pages"}],"about":[{"href":"https:\/\/www.lehrplan.tech\/cursoeadlehrplan\/wp-json\/wp\/v2\/types\/page"}],"author":[{"embeddable":true,"href":"https:\/\/www.lehrplan.tech\/cursoeadlehrplan\/wp-json\/wp\/v2\/users\/1"}],"replies":[{"embeddable":true,"href":"https:\/\/www.lehrplan.tech\/cursoeadlehrplan\/wp-json\/wp\/v2\/comments?post=3188"}],"version-history":[{"count":9,"href":"https:\/\/www.lehrplan.tech\/cursoeadlehrplan\/wp-json\/wp\/v2\/pages\/3188\/revisions"}],"predecessor-version":[{"id":3978,"href":"https:\/\/www.lehrplan.tech\/cursoeadlehrplan\/wp-json\/wp\/v2\/pages\/3188\/revisions\/3978"}],"up":[{"embeddable":true,"href":"https:\/\/www.lehrplan.tech\/cursoeadlehrplan\/wp-json\/wp\/v2\/pages\/275"}],"wp:attachment":[{"href":"https:\/\/www.lehrplan.tech\/cursoeadlehrplan\/wp-json\/wp\/v2\/media?parent=3188"}],"curies":[{"name":"wp","href":"https:\/\/api.w.org\/{rel}","templated":true}]}}