{"id":3205,"date":"2024-04-20T19:39:04","date_gmt":"2024-04-20T22:39:04","guid":{"rendered":"https:\/\/www.lehrplan.tech\/cursoeadlehrplan\/?page_id=3205"},"modified":"2025-02-15T14:06:55","modified_gmt":"2025-02-15T17:06:55","slug":"curso-de-correcao-do-fator-de-potencia","status":"publish","type":"page","link":"https:\/\/www.lehrplan.tech\/cursoeadlehrplan\/cursos-lehrplan-jocemar-bueno\/curso-de-correcao-do-fator-de-potencia\/","title":{"rendered":"Curso de Corre\u00e7\u00e3o do Fator de Pot\u00eancia"},"content":{"rendered":"\n\n\t<h1><strong>CURSO DE CORRE\u00c7\u00c3O DO FATOR DE POT\u00caNCIA<\/strong><\/h1>\n\t<ul>\n<li><strong>Dura\u00e7\u00e3o:<\/strong> 3 horas;<\/li>\n<li><strong>Plataforma:<\/strong> Hotmart;<\/li>\n<li><strong>Formato:<\/strong> Videoaula;<\/li>\n<li><strong>Investimento:\u00a0<\/strong>Gratuito para assinantes do Grupo de Neg\u00f3cios!<\/li>\n<\/ul>\n\t\t\t<a href=\"https:\/\/www.lehrplan.tech\/cursoeadlehrplan\/cursos-lehrplan-jocemar-bueno\/mercado-livre-de-energia-em-foco\/\" target=\"_self\" role=\"button\" rel=\"noopener\">\n\t\t\t\t\t\t\tVER GRUPO DE NEG\u00d3CIOS\n\t\t\t<\/a>\n\t\n<ul>\n<li><strong>VIDEOAULA 01:<\/strong>\n<ul>\n<li>Cargas Lineares e N\u00e3o-Lineares;<\/li>\n<li>Indutores;<\/li>\n<li>Capacitores;<\/li>\n<li>Circuitos LC &#8211; Indutivos-Capacitivos;<\/li>\n<li>Circuitos RLC &#8211; Resistivos-Indutivos-Capacitivos;<\/li>\n<li>Pot\u00eancia Ativa, Reativa, e Aparente;<\/li>\n<\/ul>\n<\/li>\n<\/ul>\n<ul>\n<li><strong>VIDEOAULA 02:<\/strong>\n<ul>\n<li>An\u00e1lise de Compensa\u00e7\u00e3o Reativa com Carga Linear;<\/li>\n<li>An\u00e1lise de Compensa\u00e7\u00e3o Reativa com Carga N\u00e3o-Linear;<\/li>\n<li>An\u00e1lise de Compensa\u00e7\u00e3o Reativa com Carga N\u00e3o-Linear com resson\u00e2ncia harm\u00f4nica;<\/li>\n<\/ul>\n<\/li>\n<\/ul>\n<ul>\n<li><strong>VIDEOAULA 03:<\/strong>\n<ul>\n<li>M\u00e9todos de Compensa\u00e7\u00e3o da Energia Reativa;<\/li>\n<li>M\u00e1quinas S\u00edncronas;<\/li>\n<li>Identifica\u00e7\u00e3o da melhor localiza\u00e7\u00e3o para instala\u00e7\u00e3o de capacitores na rede el\u00e9trica;<\/li>\n<\/ul>\n<\/li>\n<\/ul>\n\t<h3><strong>Instrutor:<\/strong>\u00a0Me. Jocemar Felicio Bueno<\/h3>\n<ul>\n<li>Certificado pela CCEE;<\/li>\n<li>Mestre em Engenharia de Energia;<\/li>\n<li>Graduado em F\u00edsica;<\/li>\n<li>T\u00e9cnico em Eletrot\u00e9cnica &#8211; CFT: 2208240790.<\/li>\n<\/ul>\n\t<h4><strong>CURSO DE MERCADO LIVRE DE ENERGIA<\/strong><\/h4>\n\t\t\t<a href=\"https:\/\/www.lehrplan.tech\/cursoeadlehrplan\/cursos-lehrplan-jocemar-bueno\/curso-mercado-livre-de-energia\/\" target=\"_blank\" role=\"button\" rel=\"noopener\">\n\t\t\t\t\t\t\tSAIBA MAIS!\n\t\t\t<\/a>\n\n","protected":false},"excerpt":{"rendered":"<p>CURSO DE CORRE\u00c7\u00c3O DO FATOR DE POT\u00caNCIA Dura\u00e7\u00e3o: 3 horas; Plataforma: Hotmart; Formato: Videoaula; Investimento:\u00a0Gratuito para assinantes do Grupo de Neg\u00f3cios! VER GRUPO DE NEG\u00d3CIOS VIDEOAULA 01: Cargas Lineares e N\u00e3o-Lineares; Indutores; Capacitores; Circuitos LC &#8211; Indutivos-Capacitivos; Circuitos RLC &#8211; Resistivos-Indutivos-Capacitivos; Pot\u00eancia Ativa, Reativa, e Aparente; VIDEOAULA 02: An\u00e1lise de Compensa\u00e7\u00e3o Reativa com Carga Linear; [&hellip;]<\/p>\n","protected":false},"author":1,"featured_media":0,"parent":275,"menu_order":0,"comment_status":"closed","ping_status":"closed","template":"","meta":{"site-sidebar-layout":"no-sidebar","site-content-layout":"page-builder","ast-site-content-layout":"full-width-container","site-content-style":"unboxed","site-sidebar-style":"unboxed","ast-global-header-display":"","ast-banner-title-visibility":"disabled","ast-main-header-display":"","ast-hfb-above-header-display":"","ast-hfb-below-header-display":"","ast-hfb-mobile-header-display":"","site-post-title":"disabled","ast-breadcrumbs-content":"","ast-featured-img":"disabled","footer-sml-layout":"","theme-transparent-header-meta":"default","adv-header-id-meta":"","stick-header-meta":"","header-above-stick-meta":"","header-main-stick-meta":"","header-below-stick-meta":"","astra-migrate-meta-layouts":"set","ast-page-background-enabled":"default","ast-page-background-meta":{"desktop":{"background-color":"var(--ast-global-color-4)","background-image":"","background-repeat":"repeat","background-position":"center center","background-size":"auto","background-attachment":"scroll","background-type":"","background-media":"","overlay-type":"","overlay-color":"","overlay-gradient":""},"tablet":{"background-color":"","background-image":"","background-repeat":"repeat","background-position":"center center","background-size":"auto","background-attachment":"scroll","background-type":"","background-media":"","overlay-type":"","overlay-color":"","overlay-gradient":""},"mobile":{"background-color":"","background-image":"","background-repeat":"repeat","background-position":"center center","background-size":"auto","background-attachment":"scroll","background-type":"","background-media":"","overlay-type":"","overlay-color":"","overlay-gradient":""}},"ast-content-background-meta":{"desktop":{"background-color":"var(--ast-global-color-5)","background-image":"","background-repeat":"repeat","background-position":"center center","background-size":"auto","background-attachment":"scroll","background-type":"","background-media":"","overlay-type":"","overlay-color":"","overlay-gradient":""},"tablet":{"background-color":"var(--ast-global-color-5)","background-image":"","background-repeat":"repeat","background-position":"center center","background-size":"auto","background-attachment":"scroll","background-type":"","background-media":"","overlay-type":"","overlay-color":"","overlay-gradient":""},"mobile":{"background-color":"var(--ast-global-color-5)","background-image":"","background-repeat":"repeat","background-position":"center center","background-size":"auto","background-attachment":"scroll","background-type":"","background-media":"","overlay-type":"","overlay-color":"","overlay-gradient":""}},"footnotes":""},"_links":{"self":[{"href":"https:\/\/www.lehrplan.tech\/cursoeadlehrplan\/wp-json\/wp\/v2\/pages\/3205"}],"collection":[{"href":"https:\/\/www.lehrplan.tech\/cursoeadlehrplan\/wp-json\/wp\/v2\/pages"}],"about":[{"href":"https:\/\/www.lehrplan.tech\/cursoeadlehrplan\/wp-json\/wp\/v2\/types\/page"}],"author":[{"embeddable":true,"href":"https:\/\/www.lehrplan.tech\/cursoeadlehrplan\/wp-json\/wp\/v2\/users\/1"}],"replies":[{"embeddable":true,"href":"https:\/\/www.lehrplan.tech\/cursoeadlehrplan\/wp-json\/wp\/v2\/comments?post=3205"}],"version-history":[{"count":6,"href":"https:\/\/www.lehrplan.tech\/cursoeadlehrplan\/wp-json\/wp\/v2\/pages\/3205\/revisions"}],"predecessor-version":[{"id":3545,"href":"https:\/\/www.lehrplan.tech\/cursoeadlehrplan\/wp-json\/wp\/v2\/pages\/3205\/revisions\/3545"}],"up":[{"embeddable":true,"href":"https:\/\/www.lehrplan.tech\/cursoeadlehrplan\/wp-json\/wp\/v2\/pages\/275"}],"wp:attachment":[{"href":"https:\/\/www.lehrplan.tech\/cursoeadlehrplan\/wp-json\/wp\/v2\/media?parent=3205"}],"curies":[{"name":"wp","href":"https:\/\/api.w.org\/{rel}","templated":true}]}}