{"id":3264,"date":"2024-06-14T17:00:56","date_gmt":"2024-06-14T20:00:56","guid":{"rendered":"https:\/\/www.lehrplan.tech\/cursoeadlehrplan\/?page_id=3264"},"modified":"2026-03-18T12:21:55","modified_gmt":"2026-03-18T15:21:55","slug":"curso-de-gestor-de-energia","status":"publish","type":"page","link":"https:\/\/www.lehrplan.tech\/cursoeadlehrplan\/cursos-lehrplan-jocemar-bueno\/curso-de-gestor-de-energia\/","title":{"rendered":"Curso de Gestor de Energia"},"content":{"rendered":"\n\n\t<h1><strong>CURSO DE GESTOR DE ENERGIA<\/strong><\/h1>\n\t<ul>\n<li><strong>Dura\u00e7\u00e3o:<\/strong> 6 horas;<\/li>\n<li><strong>Formato:<\/strong> Videoaula;<\/li>\n<li><strong>Plataforma:<\/strong> Hotmart;<\/li>\n<li><strong>Investimento:<\/strong> <strong>gratuito para assinantes do Grupo de Neg\u00f3cios!<\/strong><\/li>\n<\/ul>\n\t\t\t<a href=\"https:\/\/www.lehrplan.tech\/cursoeadlehrplan\/cursos-lehrplan-jocemar-bueno\/mercado-livre-de-energia-em-foco\/\" target=\"_self\" role=\"button\" rel=\"noopener\">\n\t\t\t\t\t\t\tCONHECER E2B &#038; NETW\n\t\t\t<\/a>\n\t<h2><strong>PROGRAMA E DESCRI\u00c7\u00c3O DO CURSO:<\/strong><\/h2>\n\n<ul>\n<li>REGISTRANDO UMA EMPRESA DE GEST\u00c3O NA CCEE;<\/li>\n<li>CONSTRUINDO UM MODELO DE CONTRATO PARA PRESTAR O SERVI\u00c7O DE GEST\u00c3O DE ENERGIA;<\/li>\n<li>SOFTWARES PARA REALIZAR A GEST\u00c3O DA ENERGIA;<\/li>\n<li>COMERCIALIZA\u00c7\u00c3O DE ENERGIA E GEST\u00c3O DE RISCO:\n<ul>\n<li>\n<ul>\n<li>Os Neg\u00f3cios e tend\u00eancias;<\/li>\n<li>Pre\u00e7os nos contratos de energia;<\/li>\n<li>Vis\u00e3o geral da teoria de precifica\u00e7\u00e3o;<\/li>\n<li>Vis\u00e3o geral da an\u00e1lise de risco;<\/li>\n<\/ul>\n<\/li>\n<\/ul>\n<\/li>\n<li>PRE\u00c7OS DE ENERGIA:\n<ul>\n<li>\n<ul>\n<li>Par\u00e2metros Contratuais que influenciam o pre\u00e7o;<\/li>\n<li>Agregando valor al\u00e9m do pre\u00e7o.<\/li>\n<\/ul>\n<\/li>\n<\/ul>\n<\/li>\n<li>MERCADO SPOT:\n<ul>\n<li>\n<ul>\n<li>Forma\u00e7\u00e3o do Pre\u00e7os Spot;<\/li>\n<li>Calculando os pre\u00e7os spot;<\/li>\n<li>Precifica\u00e7\u00e3o de Contratos baseados em pre\u00e7os Spot;<\/li>\n<\/ul>\n<\/li>\n<\/ul>\n<\/li>\n<li>MERCADO FORWARD:\n<ul>\n<li>\n<ul>\n<li>O que \u00e9 o Mercado Forward?;<\/li>\n<li>Produtos de Energia;<\/li>\n<\/ul>\n<\/li>\n<\/ul>\n<\/li>\n<li>TIPOS DE RISCOS;<\/li>\n<li>GEST\u00c3O DE RISCO DE MERCADO:\n<ul>\n<li>\n<ul>\n<li>Risco de Mercado, Risco de Produ\u00e7\u00e3o e Risco de Liquidez;<\/li>\n<li>Outros riscos.<\/li>\n<\/ul>\n<\/li>\n<\/ul>\n<\/li>\n<li>ABORDAGEM DE C\u00c1LCULO DE RISCO;<\/li>\n<li>M\u00c9TRICAS DE RISCO DE MERCADO:\n<ul>\n<li>\n<ul>\n<li>Principais indicadores de Risco;<\/li>\n<li>Interpreta\u00e7\u00e3o do V@R e cV@R;<\/li>\n<\/ul>\n<\/li>\n<\/ul>\n<ul>\n<li>\n<ul>\n<li>C\u00e1lculos de Risco para exemplos.<\/li>\n<\/ul>\n<\/li>\n<\/ul>\n<\/li>\n<\/ul>\n\t<h3><strong>Instrutor:<\/strong>\u00a0Me. Jocemar Felicio Bueno<\/h3>\n<ul>\n<li>Certificado pela CCEE;<\/li>\n<li>Mestre em Engenharia de Energia;<\/li>\n<li>Graduado em F\u00edsica;<\/li>\n<li>T\u00e9cnico em Eletrot\u00e9cnica &#8211; CFT: 2208240790.<\/li>\n<\/ul>\n\t\t\t\t<img loading=\"lazy\" decoding=\"async\" src=\"https:\/\/www.lehrplan.tech\/cursoeadlehrplan\/wp-content\/uploads\/2023\/02\/Certificado-de-Operador-do-Mercado-Jocemar-Felicio-Bueno.png\" alt=\"Certificado de Operador do Mercado - Jocemar Felicio Bueno\" itemprop=\"image\" height=\"981\" width=\"1389\" title=\"Certificado de Operador do Mercado - Jocemar Felicio Bueno\" onerror=\"this.style.display='none'\"  \/>\n\t<h2>Pronto para fazer\u00a0<br \/>\nNovos Neg\u00f3cios?<\/h2>\n\t\t\t<a href=\"https:\/\/www.lehrplan.tech\/cursoeadlehrplan\/cursos-lehrplan-jocemar-bueno\/mercado-livre-de-energia-em-foco\/\" target=\"_self\" role=\"button\" rel=\"noopener\">\n\t\t\t\t\t\t\tCONHECER E2B &#038; NETW\n\t\t\t<\/a>\n\t\t\t<a href=\"https:\/\/api.whatsapp.com\/send?l=pt&#038;phone=5505196358257\" target=\"_blank\" role=\"button\" rel=\"noopener\">\n\t\t\t\t\t\t\tATENDIMENTO WHATSAPP\n\t\t\t<\/a>\n\t\t\t<a href=\"https:\/\/t.me\/mercadolivredeenergia\" target=\"_blank\" role=\"button\" rel=\"noopener\">\n\t\t\t\t\t\t\tGRUPO NO TELEGRAM\n\t\t\t<\/a>\n\t<h4><strong>CURSO DE MERCADO LIVRE DE ENERGIA<\/strong><\/h4>\n\t\t\t<a href=\"https:\/\/www.lehrplan.tech\/cursoeadlehrplan\/cursos-lehrplan-jocemar-bueno\/curso-mercado-livre-de-energia\/\" target=\"_blank\" role=\"button\" rel=\"noopener\">\n\t\t\t\t\t\t\tSAIBA MAIS!\n\t\t\t<\/a>\n\n","protected":false},"excerpt":{"rendered":"<p>CURSO DE GESTOR DE ENERGIA Dura\u00e7\u00e3o: 6 horas; Formato: Videoaula; Plataforma: Hotmart; Investimento: gratuito para assinantes do Grupo de Neg\u00f3cios! CONHECER E2B &#038; NETW PROGRAMA E DESCRI\u00c7\u00c3O DO CURSO: REGISTRANDO UMA EMPRESA DE GEST\u00c3O NA CCEE; CONSTRUINDO UM MODELO DE CONTRATO PARA PRESTAR O SERVI\u00c7O DE GEST\u00c3O DE ENERGIA; SOFTWARES PARA REALIZAR A GEST\u00c3O DA [&hellip;]<\/p>\n","protected":false},"author":1,"featured_media":0,"parent":275,"menu_order":0,"comment_status":"closed","ping_status":"closed","template":"","meta":{"site-sidebar-layout":"no-sidebar","site-content-layout":"page-builder","ast-site-content-layout":"full-width-container","site-content-style":"unboxed","site-sidebar-style":"unboxed","ast-global-header-display":"","ast-banner-title-visibility":"disabled","ast-main-header-display":"","ast-hfb-above-header-display":"","ast-hfb-below-header-display":"","ast-hfb-mobile-header-display":"","site-post-title":"disabled","ast-breadcrumbs-content":"","ast-featured-img":"disabled","footer-sml-layout":"disabled","theme-transparent-header-meta":"default","adv-header-id-meta":"","stick-header-meta":"","header-above-stick-meta":"","header-main-stick-meta":"","header-below-stick-meta":"","astra-migrate-meta-layouts":"set","ast-page-background-enabled":"default","ast-page-background-meta":{"desktop":{"background-color":"var(--ast-global-color-4)","background-image":"","background-repeat":"repeat","background-position":"center center","background-size":"auto","background-attachment":"scroll","background-type":"","background-media":"","overlay-type":"","overlay-color":"","overlay-gradient":""},"tablet":{"background-color":"","background-image":"","background-repeat":"repeat","background-position":"center center","background-size":"auto","background-attachment":"scroll","background-type":"","background-media":"","overlay-type":"","overlay-color":"","overlay-gradient":""},"mobile":{"background-color":"","background-image":"","background-repeat":"repeat","background-position":"center center","background-size":"auto","background-attachment":"scroll","background-type":"","background-media":"","overlay-type":"","overlay-color":"","overlay-gradient":""}},"ast-content-background-meta":{"desktop":{"background-color":"var(--ast-global-color-5)","background-image":"","background-repeat":"repeat","background-position":"center center","background-size":"auto","background-attachment":"scroll","background-type":"","background-media":"","overlay-type":"","overlay-color":"","overlay-gradient":""},"tablet":{"background-color":"var(--ast-global-color-5)","background-image":"","background-repeat":"repeat","background-position":"center center","background-size":"auto","background-attachment":"scroll","background-type":"","background-media":"","overlay-type":"","overlay-color":"","overlay-gradient":""},"mobile":{"background-color":"var(--ast-global-color-5)","background-image":"","background-repeat":"repeat","background-position":"center center","background-size":"auto","background-attachment":"scroll","background-type":"","background-media":"","overlay-type":"","overlay-color":"","overlay-gradient":""}},"footnotes":""},"_links":{"self":[{"href":"https:\/\/www.lehrplan.tech\/cursoeadlehrplan\/wp-json\/wp\/v2\/pages\/3264"}],"collection":[{"href":"https:\/\/www.lehrplan.tech\/cursoeadlehrplan\/wp-json\/wp\/v2\/pages"}],"about":[{"href":"https:\/\/www.lehrplan.tech\/cursoeadlehrplan\/wp-json\/wp\/v2\/types\/page"}],"author":[{"embeddable":true,"href":"https:\/\/www.lehrplan.tech\/cursoeadlehrplan\/wp-json\/wp\/v2\/users\/1"}],"replies":[{"embeddable":true,"href":"https:\/\/www.lehrplan.tech\/cursoeadlehrplan\/wp-json\/wp\/v2\/comments?post=3264"}],"version-history":[{"count":14,"href":"https:\/\/www.lehrplan.tech\/cursoeadlehrplan\/wp-json\/wp\/v2\/pages\/3264\/revisions"}],"predecessor-version":[{"id":3976,"href":"https:\/\/www.lehrplan.tech\/cursoeadlehrplan\/wp-json\/wp\/v2\/pages\/3264\/revisions\/3976"}],"up":[{"embeddable":true,"href":"https:\/\/www.lehrplan.tech\/cursoeadlehrplan\/wp-json\/wp\/v2\/pages\/275"}],"wp:attachment":[{"href":"https:\/\/www.lehrplan.tech\/cursoeadlehrplan\/wp-json\/wp\/v2\/media?parent=3264"}],"curies":[{"name":"wp","href":"https:\/\/api.w.org\/{rel}","templated":true}]}}