{"id":3438,"date":"2024-09-27T16:30:45","date_gmt":"2024-09-27T19:30:45","guid":{"rendered":"https:\/\/www.lehrplan.tech\/cursoeadlehrplan\/?page_id=3438"},"modified":"2026-02-20T11:19:31","modified_gmt":"2026-02-20T14:19:31","slug":"rumo-ao-sucesso-no-mercado-livre-de-energia","status":"publish","type":"page","link":"https:\/\/www.lehrplan.tech\/cursoeadlehrplan\/cursos-lehrplan-jocemar-bueno\/rumo-ao-sucesso-no-mercado-livre-de-energia\/","title":{"rendered":"Jornada do Empreendedor Rumo ao Sucesso no Mercado Livre de Energia no Brasil"},"content":{"rendered":"\n\n\t<h1><strong>JORNADA DO EMPREENDEDOR RUMO AO SUCESSO NO MERCADO LIVRE DE ENERGIA<\/strong><\/h1>\n\t<ul>\n<li><strong>Dura\u00e7\u00e3o:<\/strong> 4 horas;<\/li>\n<li><strong>Formato:<\/strong> videoaula;<\/li>\n<li><strong>Plataforma:<\/strong> Hotmart;<\/li>\n<li><strong>Investimento: <\/strong>Gratuito para assinantes do Grupo de Neg\u00f3cios;<\/li>\n<\/ul>\n\t\t\t<a href=\"https:\/\/www.lehrplan.tech\/cursoeadlehrplan\/cursos-lehrplan-jocemar-bueno\/mercado-livre-de-energia-em-foco\/\" target=\"_self\" role=\"button\" rel=\"noopener\">\n\t\t\t\t\t\t\tCONHECER E2B &#038; NETW\n\t\t\t<\/a>\n\t<p><strong>Quer descobrir como aumentar sua performance e ingressar de vez neste novo mercado?<\/strong> Neste curso, organizado em dois encontros online ao vivo, vamos ensinar o passo-a-passo para voc\u00ea empreender no Mercado Livre de Energia e aumentar o faturamento da sua empresa. Em cada encontro, voc\u00ea sair\u00e1 com a\u00e7\u00f5es claras e aplic\u00e1veis, projetadas para te levar a resultados r\u00e1pidos e palp\u00e1veis no Mercado Livre de Energia.<\/p>\n\t<h2><strong>PROGRAMA DO CURSO:<\/strong><\/h2>\n\n<ul>\n<li>\n<ul>\n<li>Quais os Modelos de Neg\u00f3cios dispon\u00edveis no Mercado Livre de Energia?<\/li>\n<li>Qual o faturamento m\u00e9dio recorrente posso atingir neste mercado?<\/li>\n<li>Identificando os nichos e entendendo as oportunidades de neg\u00f3cios;<\/li>\n<li>Identificando e resolvendo as complexidades regulat\u00f3rias;<\/li>\n<li>Entendendo e resolvendo a burocracia de alguns processos;<\/li>\n<li>Entendendo como funcionam os Pre\u00e7os de Energia neste mercado;<\/li>\n<li>Como evitar a Concorr\u00eancia Acirrada;<\/li>\n<li>Quais as diferen\u00e7as e o que \u00e9 preciso para ser um:\n<ul>\n<li>Vendedor;<\/li>\n<li>Gestor;<\/li>\n<li>Consultor;<\/li>\n<li>Comercializador;<\/li>\n<\/ul>\n<\/li>\n<\/ul>\n<\/li>\n<li>Como escalar seu Neg\u00f3cio j\u00e1 em 2025;<\/li>\n<li>Identificando os Riscos de Mercado;<\/li>\n<li>Formas de Mitigar Riscos e evitar os maiores riscos do mercado;<\/li>\n<\/ul>\n\n<ul>\n<li>\n<ul>\n<li>Estrat\u00e9gias e Planejamento de Neg\u00f3cios;<\/li>\n<li>Tecnologias e Ferramentas;<\/li>\n<li>Marketing Digital para o Mercado Livre de Energia;<\/li>\n<li>Parcerias Estrat\u00e9gicas;<\/li>\n<li>Espa\u00e7o para Responder Perguntas.<\/li>\n<\/ul>\n<\/li>\n<\/ul>\n\t<h3><strong>Instrutor:<\/strong>\u00a0Me. Jocemar Felicio Bueno<\/h3>\n<ul>\n<li>Certificado pela CCEE;<\/li>\n<li>Mestre em Engenharia de Energia;<\/li>\n<li>Graduado em F\u00edsica;<\/li>\n<li>T\u00e9cnico em Eletrot\u00e9cnica &#8211; CFT: 2208240790.<\/li>\n<\/ul>\n\t\t\t\t<img loading=\"lazy\" decoding=\"async\" src=\"https:\/\/www.lehrplan.tech\/cursoeadlehrplan\/wp-content\/uploads\/2022\/11\/Certificado-de-Operador-do-Mercado-Jocemar-Felicio-Bueno.png\" alt=\"Certificado de Operador do Mercado - Jocemar Felicio Bueno\" itemprop=\"image\" height=\"981\" width=\"1389\" title=\"Certificado de Operador do Mercado - Jocemar Felicio Bueno\" onerror=\"this.style.display='none'\"  \/>\n\t<h2>Pronto para fazer\u00a0<br \/>\nNovos Neg\u00f3cios?<\/h2>\n\t\t\t<a href=\"https:\/\/www.lehrplan.tech\/cursoeadlehrplan\/cursos-lehrplan-jocemar-bueno\/mercado-livre-de-energia-em-foco\/\" target=\"_self\" role=\"button\" rel=\"noopener\">\n\t\t\t\t\t\t\tCONHECER E2B &#038; NETW\n\t\t\t<\/a>\n\t\t\t<a href=\"https:\/\/wa.me\/5505196358257\" target=\"_blank\" role=\"button\" rel=\"noopener\">\n\t\t\t\t\t\t\tATENDIMENTO WHATSAPP\n\t\t\t<\/a>\n\t\t\t<a href=\"https:\/\/t.me\/mercadolivredeenergia\" target=\"_blank\" role=\"button\" rel=\"noopener\">\n\t\t\t\t\t\t\tGRUPO NO TELEGRAM\n\t\t\t<\/a>\n\t<h4><strong>CURSO DE MERCADO LIVRE DE ENERGIA<\/strong><\/h4>\n\t\t\t<a href=\"https:\/\/www.lehrplan.tech\/cursoeadlehrplan\/cursos-lehrplan-jocemar-bueno\/curso-mercado-livre-de-energia\/\" target=\"_blank\" role=\"button\" rel=\"noopener\">\n\t\t\t\t\t\t\tSAIBA MAIS!\n\t\t\t<\/a>\n\n","protected":false},"excerpt":{"rendered":"<p>JORNADA DO EMPREENDEDOR RUMO AO SUCESSO NO MERCADO LIVRE DE ENERGIA Dura\u00e7\u00e3o: 4 horas; Formato: videoaula; Plataforma: Hotmart; Investimento: Gratuito para assinantes do Grupo de Neg\u00f3cios; CONHECER E2B &#038; NETW Quer descobrir como aumentar sua performance e ingressar de vez neste novo mercado? Neste curso, organizado em dois encontros online ao vivo, vamos ensinar o [&hellip;]<\/p>\n","protected":false},"author":1,"featured_media":0,"parent":275,"menu_order":0,"comment_status":"closed","ping_status":"closed","template":"","meta":{"site-sidebar-layout":"no-sidebar","site-content-layout":"page-builder","ast-site-content-layout":"full-width-container","site-content-style":"unboxed","site-sidebar-style":"unboxed","ast-global-header-display":"","ast-banner-title-visibility":"disabled","ast-main-header-display":"","ast-hfb-above-header-display":"","ast-hfb-below-header-display":"","ast-hfb-mobile-header-display":"","site-post-title":"disabled","ast-breadcrumbs-content":"","ast-featured-img":"disabled","footer-sml-layout":"","theme-transparent-header-meta":"default","adv-header-id-meta":"","stick-header-meta":"","header-above-stick-meta":"","header-main-stick-meta":"","header-below-stick-meta":"","astra-migrate-meta-layouts":"set","ast-page-background-enabled":"default","ast-page-background-meta":{"desktop":{"background-color":"var(--ast-global-color-4)","background-image":"","background-repeat":"repeat","background-position":"center center","background-size":"auto","background-attachment":"scroll","background-type":"","background-media":"","overlay-type":"","overlay-color":"","overlay-gradient":""},"tablet":{"background-color":"","background-image":"","background-repeat":"repeat","background-position":"center center","background-size":"auto","background-attachment":"scroll","background-type":"","background-media":"","overlay-type":"","overlay-color":"","overlay-gradient":""},"mobile":{"background-color":"","background-image":"","background-repeat":"repeat","background-position":"center center","background-size":"auto","background-attachment":"scroll","background-type":"","background-media":"","overlay-type":"","overlay-color":"","overlay-gradient":""}},"ast-content-background-meta":{"desktop":{"background-color":"var(--ast-global-color-5)","background-image":"","background-repeat":"repeat","background-position":"center center","background-size":"auto","background-attachment":"scroll","background-type":"","background-media":"","overlay-type":"","overlay-color":"","overlay-gradient":""},"tablet":{"background-color":"var(--ast-global-color-5)","background-image":"","background-repeat":"repeat","background-position":"center center","background-size":"auto","background-attachment":"scroll","background-type":"","background-media":"","overlay-type":"","overlay-color":"","overlay-gradient":""},"mobile":{"background-color":"var(--ast-global-color-5)","background-image":"","background-repeat":"repeat","background-position":"center center","background-size":"auto","background-attachment":"scroll","background-type":"","background-media":"","overlay-type":"","overlay-color":"","overlay-gradient":""}},"footnotes":""},"_links":{"self":[{"href":"https:\/\/www.lehrplan.tech\/cursoeadlehrplan\/wp-json\/wp\/v2\/pages\/3438"}],"collection":[{"href":"https:\/\/www.lehrplan.tech\/cursoeadlehrplan\/wp-json\/wp\/v2\/pages"}],"about":[{"href":"https:\/\/www.lehrplan.tech\/cursoeadlehrplan\/wp-json\/wp\/v2\/types\/page"}],"author":[{"embeddable":true,"href":"https:\/\/www.lehrplan.tech\/cursoeadlehrplan\/wp-json\/wp\/v2\/users\/1"}],"replies":[{"embeddable":true,"href":"https:\/\/www.lehrplan.tech\/cursoeadlehrplan\/wp-json\/wp\/v2\/comments?post=3438"}],"version-history":[{"count":21,"href":"https:\/\/www.lehrplan.tech\/cursoeadlehrplan\/wp-json\/wp\/v2\/pages\/3438\/revisions"}],"predecessor-version":[{"id":3952,"href":"https:\/\/www.lehrplan.tech\/cursoeadlehrplan\/wp-json\/wp\/v2\/pages\/3438\/revisions\/3952"}],"up":[{"embeddable":true,"href":"https:\/\/www.lehrplan.tech\/cursoeadlehrplan\/wp-json\/wp\/v2\/pages\/275"}],"wp:attachment":[{"href":"https:\/\/www.lehrplan.tech\/cursoeadlehrplan\/wp-json\/wp\/v2\/media?parent=3438"}],"curies":[{"name":"wp","href":"https:\/\/api.w.org\/{rel}","templated":true}]}}