{"id":3573,"date":"2025-04-12T11:34:02","date_gmt":"2025-04-12T14:34:02","guid":{"rendered":"https:\/\/www.lehrplan.tech\/cursoeadlehrplan\/?page_id=3573"},"modified":"2025-06-02T16:38:29","modified_gmt":"2025-06-02T19:38:29","slug":"precificacao-de-energia-e-viabilidade-da-autoproducao","status":"publish","type":"page","link":"https:\/\/www.lehrplan.tech\/cursoeadlehrplan\/cursos-lehrplan-jocemar-bueno\/precificacao-de-energia-e-viabilidade-da-autoproducao\/","title":{"rendered":"Precifica\u00e7\u00e3o de Energia e Viabilidade da Autoprodu\u00e7\u00e3o"},"content":{"rendered":"\n\n\t<h1><strong>PRECIFICA\u00c7\u00c3O DE ENERGIA E VIABILIDADE DE AUTOPRODU\u00c7\u00c3O<\/strong><\/h1>\n\t<ul>\n<li><strong>Dura\u00e7\u00e3o:<\/strong> 4 horas;<\/li>\n<li><strong>Formato:<\/strong> VIDEOAULA;<\/li>\n<li><strong>Plataforma:<\/strong> Hotmart;<\/li>\n<li><strong>Grupo no Whatsapp:<\/strong> Sim, para networking da turma;<\/li>\n<li><strong>Planilha:<\/strong> Sim, na Hotmart para download;<\/li>\n<li><strong>Certificado Digital:<\/strong> Sim, com emiss\u00e3o autom\u00e1tica pela Hotmart;<\/li>\n<li><strong>Investimento:<\/strong> <strong>R$ 80,00.<\/strong><\/li>\n<\/ul>\n\t\t\t<a href=\"https:\/\/pay.hotmart.com\/A99192930E\" target=\"_self\" role=\"button\" rel=\"noopener\">\n\t\t\t\t\t\t\tCOMPRAR\n\t\t\t<\/a>\n\t<h2><strong>PROGRAMA E DESCRI\u00c7\u00c3O DO CURSO:<\/strong><\/h2>\n<ul>\n<li data-sourcepos=\"17:1-17:58\"><strong>An\u00e1lise de Cen\u00e1rios de Migra\u00e7\u00e3o e Autoprodu\u00e7\u00e3o | Distribuidoras: <\/strong>CPFL-Paulista, ENEL CE, EDP ES, EQUATORIAL MA, NEOENERGIA Cosern, ENERGISA SE, e Light S.A RJ:\n<ul>\n<li data-sourcepos=\"19:1-21:92\"><strong>Migra\u00e7\u00e3o de Consumidores com Demanda Contratada de 150 kW, 350 kW, e 500 kW:<\/strong>\n<ul>\n<li data-sourcepos=\"20:5-20:99\">Cen\u00e1rio 00: Calculando e Entendendo a Precifica\u00e7\u00e3o da Energia para Atacado e Varejo para Migra\u00e7\u00e3o e Autoprodu\u00e7\u00e3o;<\/li>\n<li data-sourcepos=\"20:5-20:99\">Cen\u00e1rio 01: Consumidor com demanda de 150 kW Representado por Varejista sem Autoprodu\u00e7\u00e3o;<\/li>\n<li data-sourcepos=\"20:5-20:99\">Cen\u00e1rio 02: Consumidor com demanda de 150 kW Representado por Varejista com 20% de Autoprodu\u00e7\u00e3o;<\/li>\n<li data-sourcepos=\"21:5-21:92\">Cen\u00e1rio 03: Consumidor com demanda de 350 kW Representado por Varejista sem Autoprodu\u00e7\u00e3o;<\/li>\n<li data-sourcepos=\"21:5-21:92\">Cen\u00e1rio 04: Consumidor com demanda de 350 kW Representado por Varejista com 20% de Autoprodu\u00e7\u00e3o;<\/li>\n<li data-sourcepos=\"21:5-21:92\">Cen\u00e1rio 05: Consumidor com demanda de 500 kW Representado por Varejista sem Autoprodu\u00e7\u00e3o;<\/li>\n<li>Cen\u00e1rio 06: Consumidor com demanda de 500 kW Livre sem Autoprodu\u00e7\u00e3o e sem Energia Incentivada;<\/li>\n<li>Cen\u00e1rio 07: Consumidor com demanda de 500 kW Livre sem Autoprodu\u00e7\u00e3o e com Energia Incentivada i5;<\/li>\n<li>Cen\u00e1rio 08: Consumidor com demanda de 500 kW Livre sem Autoprodu\u00e7\u00e3o e com Energia Incentivada i8;<\/li>\n<li>Cen\u00e1rio 09: Consumidor com demanda de 500 kW Livre sem Autoprodu\u00e7\u00e3o e com Energia Incentivada i1;<\/li>\n<li>Cen\u00e1rio 10: Consumidor com demanda de 500 kW Livre com 20% de Autoprodu\u00e7\u00e3o Junto da carga e sem Energia Incentivada;<\/li>\n<li data-sourcepos=\"21:5-21:92\">Cen\u00e1rio 11: Consumidor com demanda de 500 kW Livre com 20% de Autoprodu\u00e7\u00e3o Junto da carga e com Energia Incentivada i5;<\/li>\n<li data-sourcepos=\"21:5-21:92\">Cen\u00e1rio 12: Consumidor com demanda de 500 kW Livre com 20% de Autoprodu\u00e7\u00e3o Junto da carga e com Energia Incentivada i8;<\/li>\n<li data-sourcepos=\"21:5-21:92\">Cen\u00e1rio 13: Consumidor com demanda de 500 kW Livre com 20% de Autoprodu\u00e7\u00e3o Junto da carga e com Energia Incentivada i1;<\/li>\n<li data-sourcepos=\"21:5-21:92\">Cen\u00e1rio 14: Consumidor com demanda de 500 kW Livre com 80% de Autoprodu\u00e7\u00e3o Junto da carga e sem Exposi\u00e7\u00e3o ao MCP;<\/li>\n<li data-sourcepos=\"21:5-21:92\">Cen\u00e1rio 15: Consumidor com demanda de 500 kW Livre com 80% de Autoprodu\u00e7\u00e3o Junto da carga e com Exposi\u00e7\u00e3o ao MCP;<\/li>\n<li data-sourcepos=\"21:5-21:92\">Cen\u00e1rio 16: Consumidor com demanda de 500 kW Livre com 100% de Autoprodu\u00e7\u00e3o Junto da carga e sem Exposi\u00e7\u00e3o ao MCP;<\/li>\n<li data-sourcepos=\"21:5-21:92\">Cen\u00e1rio 17: Consumidor com demanda de 500 kW Livre com 100% de Autoprodu\u00e7\u00e3o Junto da carga e sem Hedge para Exposi\u00e7\u00e3o ao MCP;<\/li>\n<li data-sourcepos=\"21:5-21:92\">Cen\u00e1rio 18: Consumidor com demanda de 500 kW Livre com 100% de Autoprodu\u00e7\u00e3o Junto da carga e com Hedge para Exposi\u00e7\u00e3o ao MCP;<\/li>\n<li>Cen\u00e1rio 19: Consumidor com demanda de 500 kW Livre com 100% de Autoprodu\u00e7\u00e3o Separado da carga e sem Hedge para Exposi\u00e7\u00e3o ao MCP;<\/li>\n<li>Cen\u00e1rio 20: Consumidor com demanda de 500 kW Livre com 100% de Autoprodu\u00e7\u00e3o Separado da carga e com Hedge para Exposi\u00e7\u00e3o ao MCP;<\/li>\n<\/ul>\n<\/li>\n<\/ul>\n<\/li>\n<\/ul>\n<p>&nbsp;<\/p>\n<ul>\n<li data-sourcepos=\"22:1-27:90\"><strong>Crit\u00e9rios para Produ\u00e7\u00e3o Pr\u00f3pria de Energia para:<\/strong>\n<ul data-sourcepos=\"23:5-27:90\">\n<li data-sourcepos=\"23:5-23:110\">Sociedade de Prop\u00f3sito Espec\u00edfico &#8211; SPE: Energia alocada aos seus acionistas que possuam unidades consumidoras pr\u00f3prias;<\/li>\n<li data-sourcepos=\"23:5-23:110\">Sociedade de Prop\u00f3sito Espec\u00edfico &#8211; SPE: Energia alocada aos seus acionistas que possuam unidades consumidoras equiparadas no artigo 26 da Lei n\u00b0 11.488\/2007;\n<\/li>\n<\/ul>\n<\/li>\n<\/ul>\n<ul data-sourcepos=\"46:1-63:0\">\n<li data-sourcepos=\"55:1-58:337\"><\/li>\n<\/ul>\n\t<h3><strong>Instrutor:<\/strong>\u00a0Me. Jocemar Felicio Bueno<\/h3>\n<ul>\n<li>Certificado pela CCEE;<\/li>\n<li>Mestre em Engenharia de Energia;<\/li>\n<li>Graduado em F\u00edsica;<\/li>\n<li>T\u00e9cnico em Eletrot\u00e9cnica &#8211; CFT: 2208240790.<\/li>\n<\/ul>\n\t\t\t\t<img loading=\"lazy\" decoding=\"async\" src=\"https:\/\/www.lehrplan.tech\/cursoeadlehrplan\/wp-content\/uploads\/2023\/02\/Certificado-de-Operador-do-Mercado-Jocemar-Felicio-Bueno.png\" alt=\"Certificado de Operador do Mercado - Jocemar Felicio Bueno\" itemprop=\"image\" height=\"981\" width=\"1389\" title=\"Certificado de Operador do Mercado - Jocemar Felicio Bueno\" onerror=\"this.style.display='none'\"  \/>\n\t\t\t\t<img loading=\"lazy\" decoding=\"async\" src=\"https:\/\/www.lehrplan.tech\/cursoeadlehrplan\/wp-content\/uploads\/2023\/12\/CERTIFICADO-LEHRPLAN.png\" alt=\"CERTIFICADO-LEHRPLAN\" itemprop=\"image\" height=\"714\" width=\"1112\" title=\"CERTIFICADO-LEHRPLAN\" onerror=\"this.style.display='none'\"  \/>\n\t<h2>Pronto para fazer\u00a0<br \/>\nNovos Neg\u00f3cios?<\/h2>\n\t\t\t<a href=\"https:\/\/pay.hotmart.com\/A99192930E\" target=\"_self\" role=\"button\" rel=\"noopener\">\n\t\t\t\t\t\t\tINSCREVA-SE!\n\t\t\t<\/a>\n\t\t\t<a href=\"https:\/\/api.whatsapp.com\/send?l=pt&#038;phone=5505196358257\" target=\"_blank\" role=\"button\" rel=\"noopener\">\n\t\t\t\t\t\t\tATENDIMENTO WHATSAPP\n\t\t\t<\/a>\n\t<h4><strong>CURSO DE MERCADO LIVRE DE ENERGIA<\/strong><\/h4>\n\t\t\t<a href=\"https:\/\/www.lehrplan.tech\/cursoeadlehrplan\/cursos-lehrplan-jocemar-bueno\/curso-mercado-livre-de-energia\/\" target=\"_blank\" role=\"button\" rel=\"noopener\">\n\t\t\t\t\t\t\tSAIBA MAIS!\n\t\t\t<\/a>\n\n","protected":false},"excerpt":{"rendered":"<p>PRECIFICA\u00c7\u00c3O DE ENERGIA E VIABILIDADE DE AUTOPRODU\u00c7\u00c3O Dura\u00e7\u00e3o: 4 horas; Formato: VIDEOAULA; Plataforma: Hotmart; Grupo no Whatsapp: Sim, para networking da turma; Planilha: Sim, na Hotmart para download; Certificado Digital: Sim, com emiss\u00e3o autom\u00e1tica pela Hotmart; Investimento: R$ 80,00. COMPRAR PROGRAMA E DESCRI\u00c7\u00c3O DO CURSO: An\u00e1lise de Cen\u00e1rios de Migra\u00e7\u00e3o e Autoprodu\u00e7\u00e3o | Distribuidoras: CPFL-Paulista, [&hellip;]<\/p>\n","protected":false},"author":1,"featured_media":0,"parent":275,"menu_order":0,"comment_status":"closed","ping_status":"closed","template":"","meta":{"site-sidebar-layout":"no-sidebar","site-content-layout":"page-builder","ast-site-content-layout":"full-width-container","site-content-style":"unboxed","site-sidebar-style":"unboxed","ast-global-header-display":"","ast-banner-title-visibility":"disabled","ast-main-header-display":"","ast-hfb-above-header-display":"","ast-hfb-below-header-display":"","ast-hfb-mobile-header-display":"","site-post-title":"disabled","ast-breadcrumbs-content":"","ast-featured-img":"disabled","footer-sml-layout":"","theme-transparent-header-meta":"default","adv-header-id-meta":"","stick-header-meta":"","header-above-stick-meta":"","header-main-stick-meta":"","header-below-stick-meta":"","astra-migrate-meta-layouts":"set","ast-page-background-enabled":"default","ast-page-background-meta":{"desktop":{"background-color":"var(--ast-global-color-4)","background-image":"","background-repeat":"repeat","background-position":"center center","background-size":"auto","background-attachment":"scroll","background-type":"","background-media":"","overlay-type":"","overlay-color":"","overlay-gradient":""},"tablet":{"background-color":"","background-image":"","background-repeat":"repeat","background-position":"center center","background-size":"auto","background-attachment":"scroll","background-type":"","background-media":"","overlay-type":"","overlay-color":"","overlay-gradient":""},"mobile":{"background-color":"","background-image":"","background-repeat":"repeat","background-position":"center center","background-size":"auto","background-attachment":"scroll","background-type":"","background-media":"","overlay-type":"","overlay-color":"","overlay-gradient":""}},"ast-content-background-meta":{"desktop":{"background-color":"var(--ast-global-color-5)","background-image":"","background-repeat":"repeat","background-position":"center center","background-size":"auto","background-attachment":"scroll","background-type":"","background-media":"","overlay-type":"","overlay-color":"","overlay-gradient":""},"tablet":{"background-color":"var(--ast-global-color-5)","background-image":"","background-repeat":"repeat","background-position":"center center","background-size":"auto","background-attachment":"scroll","background-type":"","background-media":"","overlay-type":"","overlay-color":"","overlay-gradient":""},"mobile":{"background-color":"var(--ast-global-color-5)","background-image":"","background-repeat":"repeat","background-position":"center center","background-size":"auto","background-attachment":"scroll","background-type":"","background-media":"","overlay-type":"","overlay-color":"","overlay-gradient":""}},"footnotes":""},"_links":{"self":[{"href":"https:\/\/www.lehrplan.tech\/cursoeadlehrplan\/wp-json\/wp\/v2\/pages\/3573"}],"collection":[{"href":"https:\/\/www.lehrplan.tech\/cursoeadlehrplan\/wp-json\/wp\/v2\/pages"}],"about":[{"href":"https:\/\/www.lehrplan.tech\/cursoeadlehrplan\/wp-json\/wp\/v2\/types\/page"}],"author":[{"embeddable":true,"href":"https:\/\/www.lehrplan.tech\/cursoeadlehrplan\/wp-json\/wp\/v2\/users\/1"}],"replies":[{"embeddable":true,"href":"https:\/\/www.lehrplan.tech\/cursoeadlehrplan\/wp-json\/wp\/v2\/comments?post=3573"}],"version-history":[{"count":18,"href":"https:\/\/www.lehrplan.tech\/cursoeadlehrplan\/wp-json\/wp\/v2\/pages\/3573\/revisions"}],"predecessor-version":[{"id":3647,"href":"https:\/\/www.lehrplan.tech\/cursoeadlehrplan\/wp-json\/wp\/v2\/pages\/3573\/revisions\/3647"}],"up":[{"embeddable":true,"href":"https:\/\/www.lehrplan.tech\/cursoeadlehrplan\/wp-json\/wp\/v2\/pages\/275"}],"wp:attachment":[{"href":"https:\/\/www.lehrplan.tech\/cursoeadlehrplan\/wp-json\/wp\/v2\/media?parent=3573"}],"curies":[{"name":"wp","href":"https:\/\/api.w.org\/{rel}","templated":true}]}}