{"id":3627,"date":"2025-05-24T16:12:48","date_gmt":"2025-05-24T19:12:48","guid":{"rendered":"https:\/\/www.lehrplan.tech\/cursoeadlehrplan\/?page_id=3627"},"modified":"2026-03-03T16:36:40","modified_gmt":"2026-03-03T19:36:40","slug":"novo-mercado-livre-de-energia-baixa-tensao","status":"publish","type":"page","link":"https:\/\/www.lehrplan.tech\/cursoeadlehrplan\/cursos-lehrplan-jocemar-bueno\/novo-mercado-livre-de-energia-baixa-tensao\/","title":{"rendered":"Novo Mercado Livre de Energia para Baixa Tens\u00e3o"},"content":{"rendered":"\n\n\t<h1><strong>NOVO MERCADO LIVRE DE ENERGIA PARA BAIXA TENS\u00c3O<\/strong><\/h1>\n\t<ul>\n<li><strong>Dura\u00e7\u00e3o:<\/strong> 04 horas;<\/li>\n<li><strong>Formato:<\/strong> Videoaula;<\/li>\n<li><strong>Plataforma:<\/strong> Hotmart;<\/li>\n<li><strong>Investimento:<\/strong>\u00a0gratuito aos assinantes do Grupo de Neg\u00f3cios.<\/li>\n<\/ul>\n\t\t\t<a href=\"https:\/\/www.lehrplan.tech\/cursoeadlehrplan\/cursos-lehrplan-jocemar-bueno\/mercado-livre-de-energia-em-foco\/\" target=\"_self\" role=\"button\" rel=\"noopener\">\n\t\t\t\t\t\t\tCONHECER E2B &#038; NETW\n\t\t\t<\/a>\n\t<h2><strong>PROGRAMA DO CURSO:<\/strong><\/h2>\n<p>&nbsp;<\/p>\n\n<ul>\n<li>\n<ul>\n<li>A Nova Estrutura do Setor El\u00e9trico;<\/li>\n<li>Procedimentos, Regras e a Din\u00e2mica para Migra\u00e7\u00e3o;<\/li>\n<li>Como ser\u00e1 a Medi\u00e7\u00e3o e Contabiliza\u00e7\u00e3o da Energia;<\/li>\n<li>Mitos e Verdades sobre o Mercado Livre para pequenos consumidores;<\/li>\n<li>Entendendo sua nova &#8220;conta de luz&#8221;: o que muda na fatura?;<\/li>\n<li>Quem resolve o qu\u00ea? Papel da distribuidora vs. comercializadora em caso de problemas;<\/li>\n<\/ul>\n<\/li>\n<\/ul>\n<p>&nbsp;<\/p>\n<p><strong>VIDEOAULA 02:<\/strong>\u00a0<\/p>\n<ul>\n<li>\n<ul>\n<li>An\u00e1lise de Viabilidade para Consumidores de Baixa Tens\u00e3o;\n<ul>\n<li>Cen\u00e1rio 1 &#8211; Cliente B3 + Consumo 1000 kWh mensal;<\/li>\n<li>Cen\u00e1rio 2 &#8211; Cliente B3 + Consumo 1000 kWh mensal + Gera\u00e7\u00e3o Pr\u00f3pria Local;<\/li>\n<li>Cen\u00e1rio 3 &#8211; Cliente B3 + Consumo 5000 kWh mensal;<\/li>\n<li>Cen\u00e1rio 4 &#8211; Cliente B3 + Consumo 10000 kWh mensal + Gera\u00e7\u00e3o Pr\u00f3pria Local;<\/li>\n<\/ul>\n<\/li>\n<\/ul>\n<\/li>\n<\/ul>\n\t<h3><strong>Instrutor:<\/strong>\u00a0Me. Jocemar Felicio Bueno<\/h3>\n<ul>\n<li>Certificado pela CCEE;<\/li>\n<li>Mestre em Engenharia de Energia;<\/li>\n<li>Graduado em F\u00edsica;<\/li>\n<li>T\u00e9cnico em Eletrot\u00e9cnica &#8211; CFT: 2208240790.<\/li>\n<\/ul>\n\t\t\t\t<img loading=\"lazy\" decoding=\"async\" src=\"https:\/\/www.lehrplan.tech\/cursoeadlehrplan\/wp-content\/uploads\/2022\/11\/Certificado-de-Operador-do-Mercado-Jocemar-Felicio-Bueno.png\" alt=\"Certificado de Operador do Mercado - Jocemar Felicio Bueno\" itemprop=\"image\" height=\"981\" width=\"1389\" title=\"Certificado de Operador do Mercado - Jocemar Felicio Bueno\" onerror=\"this.style.display='none'\"  \/>\n\t\t\t<a href=\"https:\/\/api.whatsapp.com\/send?l=pt&#038;phone=5505196358257\" target=\"_blank\" role=\"button\" rel=\"noopener\">\n\t\t\t\t\t\t\tATENDIMENTO WHATSAPP\n\t\t\t<\/a>\n\t\t\t<a href=\"https:\/\/t.me\/mercadolivredeenergia\" target=\"_blank\" role=\"button\" rel=\"noopener\">\n\t\t\t\t\t\t\tGRUPO NO TELEGRAM\n\t\t\t<\/a>\n\t<h4><strong>CURSO DE FORMA\u00c7\u00c3O COMPLETA EM MERCADO LIVRE DE ENERGIA<\/strong><\/h4>\n\t\t\t<a href=\"https:\/\/www.lehrplan.tech\/cursoeadlehrplan\/cursos-lehrplan-jocemar-bueno\/curso-mercado-livre-de-energia\/\" target=\"_blank\" role=\"button\" rel=\"noopener\">\n\t\t\t\t\t\t\tSAIBA MAIS!\n\t\t\t<\/a>\n\n","protected":false},"excerpt":{"rendered":"<p>NOVO MERCADO LIVRE DE ENERGIA PARA BAIXA TENS\u00c3O Dura\u00e7\u00e3o: 04 horas; Formato: Videoaula; Plataforma: Hotmart; Investimento:\u00a0gratuito aos assinantes do Grupo de Neg\u00f3cios. CONHECER E2B &#038; NETW PROGRAMA DO CURSO: &nbsp; A Nova Estrutura do Setor El\u00e9trico; Procedimentos, Regras e a Din\u00e2mica para Migra\u00e7\u00e3o; Como ser\u00e1 a Medi\u00e7\u00e3o e Contabiliza\u00e7\u00e3o da Energia; Mitos e Verdades sobre [&hellip;]<\/p>\n","protected":false},"author":1,"featured_media":0,"parent":275,"menu_order":0,"comment_status":"closed","ping_status":"closed","template":"","meta":{"site-sidebar-layout":"no-sidebar","site-content-layout":"page-builder","ast-site-content-layout":"full-width-container","site-content-style":"unboxed","site-sidebar-style":"unboxed","ast-global-header-display":"","ast-banner-title-visibility":"disabled","ast-main-header-display":"","ast-hfb-above-header-display":"","ast-hfb-below-header-display":"","ast-hfb-mobile-header-display":"","site-post-title":"","ast-breadcrumbs-content":"","ast-featured-img":"disabled","footer-sml-layout":"disabled","theme-transparent-header-meta":"default","adv-header-id-meta":"","stick-header-meta":"","header-above-stick-meta":"","header-main-stick-meta":"","header-below-stick-meta":"","astra-migrate-meta-layouts":"set","ast-page-background-enabled":"default","ast-page-background-meta":{"desktop":{"background-color":"var(--ast-global-color-4)","background-image":"","background-repeat":"repeat","background-position":"center center","background-size":"auto","background-attachment":"scroll","background-type":"","background-media":"","overlay-type":"","overlay-color":"","overlay-gradient":""},"tablet":{"background-color":"","background-image":"","background-repeat":"repeat","background-position":"center center","background-size":"auto","background-attachment":"scroll","background-type":"","background-media":"","overlay-type":"","overlay-color":"","overlay-gradient":""},"mobile":{"background-color":"","background-image":"","background-repeat":"repeat","background-position":"center center","background-size":"auto","background-attachment":"scroll","background-type":"","background-media":"","overlay-type":"","overlay-color":"","overlay-gradient":""}},"ast-content-background-meta":{"desktop":{"background-color":"var(--ast-global-color-5)","background-image":"","background-repeat":"repeat","background-position":"center center","background-size":"auto","background-attachment":"scroll","background-type":"","background-media":"","overlay-type":"","overlay-color":"","overlay-gradient":""},"tablet":{"background-color":"var(--ast-global-color-5)","background-image":"","background-repeat":"repeat","background-position":"center center","background-size":"auto","background-attachment":"scroll","background-type":"","background-media":"","overlay-type":"","overlay-color":"","overlay-gradient":""},"mobile":{"background-color":"var(--ast-global-color-5)","background-image":"","background-repeat":"repeat","background-position":"center center","background-size":"auto","background-attachment":"scroll","background-type":"","background-media":"","overlay-type":"","overlay-color":"","overlay-gradient":""}},"footnotes":""},"_links":{"self":[{"href":"https:\/\/www.lehrplan.tech\/cursoeadlehrplan\/wp-json\/wp\/v2\/pages\/3627"}],"collection":[{"href":"https:\/\/www.lehrplan.tech\/cursoeadlehrplan\/wp-json\/wp\/v2\/pages"}],"about":[{"href":"https:\/\/www.lehrplan.tech\/cursoeadlehrplan\/wp-json\/wp\/v2\/types\/page"}],"author":[{"embeddable":true,"href":"https:\/\/www.lehrplan.tech\/cursoeadlehrplan\/wp-json\/wp\/v2\/users\/1"}],"replies":[{"embeddable":true,"href":"https:\/\/www.lehrplan.tech\/cursoeadlehrplan\/wp-json\/wp\/v2\/comments?post=3627"}],"version-history":[{"count":10,"href":"https:\/\/www.lehrplan.tech\/cursoeadlehrplan\/wp-json\/wp\/v2\/pages\/3627\/revisions"}],"predecessor-version":[{"id":3956,"href":"https:\/\/www.lehrplan.tech\/cursoeadlehrplan\/wp-json\/wp\/v2\/pages\/3627\/revisions\/3956"}],"up":[{"embeddable":true,"href":"https:\/\/www.lehrplan.tech\/cursoeadlehrplan\/wp-json\/wp\/v2\/pages\/275"}],"wp:attachment":[{"href":"https:\/\/www.lehrplan.tech\/cursoeadlehrplan\/wp-json\/wp\/v2\/media?parent=3627"}],"curies":[{"name":"wp","href":"https:\/\/api.w.org\/{rel}","templated":true}]}}