{"id":3770,"date":"2025-08-19T20:35:04","date_gmt":"2025-08-19T23:35:04","guid":{"rendered":"https:\/\/www.lehrplan.tech\/cursoeadlehrplan\/?page_id=3770"},"modified":"2026-02-19T12:50:19","modified_gmt":"2026-02-19T15:50:19","slug":"curso-de-sensores-eletricos","status":"publish","type":"page","link":"https:\/\/www.lehrplan.tech\/cursoeadlehrplan\/cursos-lehrplan-jocemar-bueno\/curso-de-sensores-eletricos\/","title":{"rendered":"Curso de Sensores El\u00e9tricos"},"content":{"rendered":"\n\n\t<h1><strong>CURSO DE SENSORES EL\u00c9TRICOS<\/strong><\/h1>\n\t<ul>\n<li><strong>Dura\u00e7\u00e3o:<\/strong> 02 horas;<\/li>\n<li><strong>Formato:<\/strong> Videoconfer\u00eancia;<\/li>\n<li><strong>Plataforma:<\/strong> Google Meet;<\/li>\n<li><strong>Grupo no Whatsapp:<\/strong> Sim, para tirar as d\u00favidas sobre o curso;<\/li>\n<li><strong>Certificado Digital:<\/strong> Sim;<\/li>\n<li><strong>Investimento:<\/strong> <strong>exclusivo para assinantes do E2B &amp; NETW!<\/strong><\/li>\n<\/ul>\n\t\t\t<a href=\"https:\/\/www.lehrplan.tech\/cursoeadlehrplan\/cursos-lehrplan-jocemar-bueno\/mercado-livre-de-energia-em-foco\/\" target=\"_self\" role=\"button\" rel=\"noopener\">\n\t\t\t\t\t\t\tCONHECER E2B &#038; NETW\n\t\t\t<\/a>\n\t<section><!-- HERO -->\n<h1>CURSO DE SENSORES EL\u00c9TRICOS<\/h1>\n\n<p><strong>Dura\u00e7\u00e3o total:<\/strong> 02 horas (2 encontros)<\/p>\n<hr \/>\n\n<table>\n<tbody>\n<tr>\n<td>\n<strong>Formato<\/strong>\nVideoconfer\u00eancia\n<\/td>\n<td>\n<strong>Plataforma<\/strong>\nGoogle Meet\n<\/td>\n<\/tr>\n<tr>\n<td>\n<strong>Suporte<\/strong>\nGrupo no WhatsApp para tirar d\u00favidas\n<\/td>\n<td>\n<strong>Certifica\u00e7\u00e3o<\/strong>\nCertificado Digital\n<\/td>\n<\/tr>\n<tr>\n<td colspan=\"2\">\n<strong>Investimento<\/strong>\nExclusivo para assinantes do <strong>E2B &amp; NETW<\/strong>.\n<\/td>\n<\/tr>\n<\/tbody>\n<\/table>\n\n<h2>CONTE\u00daDO<\/h2>\n<ul>\n<li>Sensores Indutivos, Capacitivos e Resistivos;<\/li>\n<li>Sensor de Proximidade;<\/li>\n<li>Sensor de Luz;<\/li>\n<li>Sensor de Ultrassom;<\/li>\n<li>Sensor de Peso;<\/li>\n<li>Sensor de Temperatura;<\/li>\n<li>Medi\u00e7\u00e3o de Vaz\u00e3o de Flu\u00eddos;<\/li>\n<li>Sensor de Posi\u00e7\u00e3o e Velocidade.<\/li>\n<\/ul>\n<hr \/>\n\n<h2>CRONOGRAMA (2 ENCONTROS)<\/h2>\n<table>\n<thead>\n<tr>\n<th>Data<\/th>\n<th>Encontro<\/th>\n<th>T\u00f3picos<\/th>\n<\/tr>\n<\/thead>\n<tbody>\n<tr>\n<td><strong>Quinta-feira<\/strong><br \/>\n23\/07\/2026<\/td>\n<td><strong>Encontro 1<\/strong><\/td>\n<td>\n<ul>\n<li>Sensores Indutivos, Capacitivos e Resistivos<\/li>\n<li>Sensor de Proximidade<\/li>\n<li>Sensor de Luz<\/li>\n<li>Sensor de Ultrassom<\/li>\n<\/ul>\n<\/td>\n<\/tr>\n<tr>\n<td><strong>Quinta-feira<\/strong><br \/>\n30\/07\/2026<\/td>\n<td><strong>Encontro 2<\/strong><\/td>\n<td>\n<ul>\n<li>Sensor de Peso<\/li>\n<li>Sensor de Temperatura<\/li>\n<li>Medi\u00e7\u00e3o de Vaz\u00e3o de Flu\u00eddos<\/li>\n<li>Sensor de Posi\u00e7\u00e3o e Velocidade<\/li>\n<\/ul>\n<\/td>\n<\/tr>\n<\/tbody>\n<\/table>\n<hr \/>\n\n<h2>INSTRUTOR<\/h2>\n\n<ul>\n<li>Certificado pela CCEE;<\/li>\n<li>Mestre em Engenharia de Energia;<\/li>\n<li>Graduando em Engenharia de Controle e Automa\u00e7\u00e3o;<\/li>\n<li>Graduado em F\u00edsica;<\/li>\n<li>T\u00e9cnico em Eletrot\u00e9cnica &#8211; CFT: 2208240790.<\/li>\n<\/ul>\n<\/section>\n\t<h2>Pronto para fazer\u00a0<br \/>\nNovos Neg\u00f3cios?<\/h2>\n\t\t\t<a href=\"https:\/\/www.lehrplan.tech\/cursoeadlehrplan\/cursos-lehrplan-jocemar-bueno\/mercado-livre-de-energia-em-foco\/\" target=\"_self\" role=\"button\" rel=\"noopener\">\n\t\t\t\t\t\t\tCONHECER E2B &#038; NETW\n\t\t\t<\/a>\n\t\t\t<a href=\"https:\/\/api.whatsapp.com\/send?l=pt&#038;phone=5505196358257\" target=\"_blank\" role=\"button\" rel=\"noopener\">\n\t\t\t\t\t\t\tATENDIMENTO WHATSAPP\n\t\t\t<\/a>\n\t\t\t<a href=\"https:\/\/t.me\/mercadolivredeenergia\" target=\"_blank\" role=\"button\" rel=\"noopener\">\n\t\t\t\t\t\t\tGRUPO NO TELEGRAM\n\t\t\t<\/a>\n\t<h4><strong>CURSO DE FORMA\u00c7\u00c3O COMPLETA EM MERCADO LIVRE DE ENERGIA<\/strong><\/h4>\n\t\t\t<a href=\"https:\/\/www.lehrplan.tech\/cursoeadlehrplan\/cursos-lehrplan-jocemar-bueno\/curso-mercado-livre-de-energia\/\" target=\"_blank\" role=\"button\" rel=\"noopener\">\n\t\t\t\t\t\t\tSAIBA MAIS!\n\t\t\t<\/a>\n\n","protected":false},"excerpt":{"rendered":"<p>CURSO DE SENSORES EL\u00c9TRICOS Dura\u00e7\u00e3o: 02 horas; Formato: Videoconfer\u00eancia; Plataforma: Google Meet; Grupo no Whatsapp: Sim, para tirar as d\u00favidas sobre o curso; Certificado Digital: Sim; Investimento: exclusivo para assinantes do E2B &amp; NETW! CONHECER E2B &#038; NETW CURSO DE SENSORES EL\u00c9TRICOS Dura\u00e7\u00e3o total: 02 horas (2 encontros) Formato Videoconfer\u00eancia Plataforma Google Meet Suporte Grupo [&hellip;]<\/p>\n","protected":false},"author":1,"featured_media":0,"parent":275,"menu_order":0,"comment_status":"closed","ping_status":"closed","template":"","meta":{"site-sidebar-layout":"no-sidebar","site-content-layout":"page-builder","ast-site-content-layout":"full-width-container","site-content-style":"unboxed","site-sidebar-style":"unboxed","ast-global-header-display":"","ast-banner-title-visibility":"disabled","ast-main-header-display":"","ast-hfb-above-header-display":"","ast-hfb-below-header-display":"","ast-hfb-mobile-header-display":"","site-post-title":"disabled","ast-breadcrumbs-content":"","ast-featured-img":"disabled","footer-sml-layout":"","theme-transparent-header-meta":"default","adv-header-id-meta":"","stick-header-meta":"","header-above-stick-meta":"","header-main-stick-meta":"","header-below-stick-meta":"","astra-migrate-meta-layouts":"set","ast-page-background-enabled":"default","ast-page-background-meta":{"desktop":{"background-color":"var(--ast-global-color-4)","background-image":"","background-repeat":"repeat","background-position":"center center","background-size":"auto","background-attachment":"scroll","background-type":"","background-media":"","overlay-type":"","overlay-color":"","overlay-gradient":""},"tablet":{"background-color":"","background-image":"","background-repeat":"repeat","background-position":"center center","background-size":"auto","background-attachment":"scroll","background-type":"","background-media":"","overlay-type":"","overlay-color":"","overlay-gradient":""},"mobile":{"background-color":"","background-image":"","background-repeat":"repeat","background-position":"center center","background-size":"auto","background-attachment":"scroll","background-type":"","background-media":"","overlay-type":"","overlay-color":"","overlay-gradient":""}},"ast-content-background-meta":{"desktop":{"background-color":"var(--ast-global-color-5)","background-image":"","background-repeat":"repeat","background-position":"center center","background-size":"auto","background-attachment":"scroll","background-type":"","background-media":"","overlay-type":"","overlay-color":"","overlay-gradient":""},"tablet":{"background-color":"var(--ast-global-color-5)","background-image":"","background-repeat":"repeat","background-position":"center center","background-size":"auto","background-attachment":"scroll","background-type":"","background-media":"","overlay-type":"","overlay-color":"","overlay-gradient":""},"mobile":{"background-color":"var(--ast-global-color-5)","background-image":"","background-repeat":"repeat","background-position":"center center","background-size":"auto","background-attachment":"scroll","background-type":"","background-media":"","overlay-type":"","overlay-color":"","overlay-gradient":""}},"footnotes":""},"_links":{"self":[{"href":"https:\/\/www.lehrplan.tech\/cursoeadlehrplan\/wp-json\/wp\/v2\/pages\/3770"}],"collection":[{"href":"https:\/\/www.lehrplan.tech\/cursoeadlehrplan\/wp-json\/wp\/v2\/pages"}],"about":[{"href":"https:\/\/www.lehrplan.tech\/cursoeadlehrplan\/wp-json\/wp\/v2\/types\/page"}],"author":[{"embeddable":true,"href":"https:\/\/www.lehrplan.tech\/cursoeadlehrplan\/wp-json\/wp\/v2\/users\/1"}],"replies":[{"embeddable":true,"href":"https:\/\/www.lehrplan.tech\/cursoeadlehrplan\/wp-json\/wp\/v2\/comments?post=3770"}],"version-history":[{"count":5,"href":"https:\/\/www.lehrplan.tech\/cursoeadlehrplan\/wp-json\/wp\/v2\/pages\/3770\/revisions"}],"predecessor-version":[{"id":3944,"href":"https:\/\/www.lehrplan.tech\/cursoeadlehrplan\/wp-json\/wp\/v2\/pages\/3770\/revisions\/3944"}],"up":[{"embeddable":true,"href":"https:\/\/www.lehrplan.tech\/cursoeadlehrplan\/wp-json\/wp\/v2\/pages\/275"}],"wp:attachment":[{"href":"https:\/\/www.lehrplan.tech\/cursoeadlehrplan\/wp-json\/wp\/v2\/media?parent=3770"}],"curies":[{"name":"wp","href":"https:\/\/api.w.org\/{rel}","templated":true}]}}