{"id":1291,"date":"2022-02-22T16:17:50","date_gmt":"2022-02-22T19:17:50","guid":{"rendered":"https:\/\/www.lehrplan.tech\/liberatodppi\/?page_id=1291"},"modified":"2024-10-30T19:49:13","modified_gmt":"2024-10-30T22:49:13","slug":"cursos-de-extensao","status":"publish","type":"page","link":"https:\/\/www.lehrplan.tech\/liberatodppi\/","title":{"rendered":"CURSOS DE EXTENS\u00c3O"},"content":{"rendered":"<h1>\n\t\tCURSOS DE EXTENS\u00c3O\n\t<\/h1>\n\t\t\t<a href=\"https:\/\/www.liberato.com.br\/cursos-de-extensao\/\" target=\"_self\" role=\"button\" rel=\"noopener\">\n\t\t\t\t\t\t\tFUNDA\u00c7\u00c3O LIBERATO\n\t\t\t<\/a>\n<div class=\"woocommerce\">\t\t\t<div class=\"single-product\" data-product-page-preselected-id=\"0\">\n\t\t\t\t<div class=\"woocommerce-notices-wrapper\"><\/div><div id=\"product-195\" class=\"product type-product post-195 status-publish first outofstock product_cat-sem-categoria shipping-taxable product-type-simple\">\n\n\t<div class=\"woocommerce-product-gallery woocommerce-product-gallery--without-images woocommerce-product-gallery--columns-4 images\" data-columns=\"4\" style=\"opacity: 0; transition: opacity .25s ease-in-out;\">\n\t<div class=\"woocommerce-product-gallery__wrapper\">\n\t\t<div class=\"woocommerce-product-gallery__image--placeholder\"><img decoding=\"async\" src=\"https:\/\/www.lehrplan.tech\/liberatodppi\/wp-content\/uploads\/woocommerce-placeholder.png\" alt=\"Aguardando imagem do produto\" class=\"wp-post-image\" \/><\/div>\t<\/div>\n<\/div>\n\n\t<div class=\"summary entry-summary\">\n\t\t<h1 class=\"product_title entry-title\">Curso B\u00e1sico de Fotografia<\/h1><p class=\"price\"><\/p>\n<div class=\"product_meta\">\n\n\t\n\t\n\t<span class=\"posted_in\">Categoria: <a href=\"https:\/\/www.lehrplan.tech\/liberatodppi\/index.php\/categoria-produto\/sem-categoria\/\" rel=\"tag\">Sem categoria<\/a><\/span>\n\t\n\t\n<\/div>\n\t<\/div>\n\n\t\n\t<div class=\"woocommerce-tabs wc-tabs-wrapper\">\n\t\t<ul class=\"tabs wc-tabs\" role=\"tablist\">\n\t\t\t\t\t\t\t<li class=\"description_tab\" id=\"tab-title-description\">\n\t\t\t\t\t<a href=\"#tab-description\" role=\"tab\" aria-controls=\"tab-description\">\n\t\t\t\t\t\tDescri\u00e7\u00e3o\t\t\t\t\t<\/a>\n\t\t\t\t<\/li>\n\t\t\t\t\t<\/ul>\n\t\t\t\t\t<div class=\"woocommerce-Tabs-panel woocommerce-Tabs-panel--description panel entry-content wc-tab\" id=\"tab-description\" role=\"tabpanel\" aria-labelledby=\"tab-title-description\">\n\t\t\t\t\n\t<h2>Descri\u00e7\u00e3o<\/h2>\n\n<p style=\"text-align: left;\">Identificar os princ\u00edpios da c\u00e2mera fotogr\u00e1fica, seus principais mecanismos t\u00e9cnicos e operacionalizar seus usos\r\nintegrados para forma\u00e7\u00e3o da imagem. Apontar os principaiselementos da linguagem fotogr\u00e1fica ( profundidade de\r\ncampo, foco, enquadramento, composi\u00e7\u00e3o, cor, momentodecisivo, etc) e sua inter rela\u00e7\u00e3o com os elementos t\u00e9cnicos\r\n(tipos de lentes, tempo de exposi\u00e7\u00e3o, velocidade do obturador, abertura do diafragma, ISO, etc) Compreender os elementos est\u00e9ticos, t\u00e9cnicos e sociais implicados no processo de constru\u00e7\u00e3o das imagens fotogr\u00e1ficas, bem como a diferen\u00e7a entre fotojornalismo, fotodocumento, foto publicit\u00e1ria, foto arte, etc<\/p>\r\nSe\t\t\t<\/div>\n\t\t\n\t\t\t<\/div>\n\n<\/div>\n\n\t\t\t<\/div>\n\t\t\t<\/div>\n\t\t\t<a href=\"https:\/\/www.liberato.com.br\/calendario-escolar\/\" target=\"_self\" role=\"button\" rel=\"noopener\">\n\t\t\t\t\t\t\tCALEND\u00c1RIO ESCOLAR\n\t\t\t<\/a>","protected":false},"excerpt":{"rendered":"<p>Identificar os princ\u00edpios da c\u00e2mera fotogr\u00e1fica, seus principais mecanismos t\u00e9cnicos e operacionalizar seus usos integrados para forma\u00e7\u00e3o da imagem. Apontar os principaiselementos da linguagem fotogr\u00e1fica ( profundidade de campo, foco, enquadramento, composi\u00e7\u00e3o, cor, momentodecisivo, etc) e sua inter rela\u00e7\u00e3o com os elementos t\u00e9cnicos (tipos de lentes, tempo de exposi\u00e7\u00e3o, velocidade do obturador, abertura do diafragma,&hellip;<\/p>\n","protected":false},"author":1,"featured_media":0,"parent":0,"menu_order":0,"comment_status":"closed","ping_status":"closed","template":"","meta":{"footnotes":""},"class_list":["post-1291","page","type-page","status-publish","hentry"],"_links":{"self":[{"href":"https:\/\/www.lehrplan.tech\/liberatodppi\/index.php\/wp-json\/wp\/v2\/pages\/1291","targetHints":{"allow":["GET"]}}],"collection":[{"href":"https:\/\/www.lehrplan.tech\/liberatodppi\/index.php\/wp-json\/wp\/v2\/pages"}],"about":[{"href":"https:\/\/www.lehrplan.tech\/liberatodppi\/index.php\/wp-json\/wp\/v2\/types\/page"}],"author":[{"embeddable":true,"href":"https:\/\/www.lehrplan.tech\/liberatodppi\/index.php\/wp-json\/wp\/v2\/users\/1"}],"replies":[{"embeddable":true,"href":"https:\/\/www.lehrplan.tech\/liberatodppi\/index.php\/wp-json\/wp\/v2\/comments?post=1291"}],"version-history":[{"count":5,"href":"https:\/\/www.lehrplan.tech\/liberatodppi\/index.php\/wp-json\/wp\/v2\/pages\/1291\/revisions"}],"predecessor-version":[{"id":2785,"href":"https:\/\/www.lehrplan.tech\/liberatodppi\/index.php\/wp-json\/wp\/v2\/pages\/1291\/revisions\/2785"}],"wp:attachment":[{"href":"https:\/\/www.lehrplan.tech\/liberatodppi\/index.php\/wp-json\/wp\/v2\/media?parent=1291"}],"curies":[{"name":"wp","href":"https:\/\/api.w.org\/{rel}","templated":true}]}}