{"id":1299,"date":"2022-02-23T09:03:56","date_gmt":"2022-02-23T12:03:56","guid":{"rendered":"https:\/\/www.lehrplan.tech\/liberatodppi\/?page_id=1299"},"modified":"2022-03-30T16:29:05","modified_gmt":"2022-03-30T19:29:05","slug":"todos-os-cursos","status":"publish","type":"page","link":"https:\/\/www.lehrplan.tech\/liberatodppi\/index.php\/todos-os-cursos\/","title":{"rendered":"TODOS OS CURSOS"},"content":{"rendered":"<h1>\n\t\tCURSOS DE EXTENS\u00c3O\n\t<\/h1>\n\t<p>FUNDA\u00c7\u00c3O ESCOLA T\u00c9CNICA LIBERATO SALZANO VIEIRA DA CUNHA<\/p>\n<div class=\"woocommerce columns-4 \"><ul class=\"products columns-4\">\n<li class=\"product type-product post-2638 status-publish first instock product_cat-cursos-online product_tag-eletrica product_tag-instalacoes-eletricas product_tag-nr10 product_tag-seguranca-no-trabalho has-post-thumbnail virtual sold-individually purchasable product-type-simple\">\n\t<a href=\"https:\/\/www.lehrplan.tech\/liberatodppi\/index.php\/produto\/basico-de-nr-10-ead-seguranca-em-instalacoes-e-servicos-com-eletricidade-40-horas-turma-2\/\" class=\"woocommerce-LoopProduct-link woocommerce-loop-product__link\"><img loading=\"lazy\" decoding=\"async\" width=\"300\" height=\"300\" src=\"https:\/\/www.lehrplan.tech\/liberatodppi\/wp-content\/uploads\/2024\/08\/18-300x300.png\" class=\"attachment-woocommerce_thumbnail size-woocommerce_thumbnail\" alt=\"\" srcset=\"https:\/\/www.lehrplan.tech\/liberatodppi\/wp-content\/uploads\/2024\/08\/18-300x300.png 300w, https:\/\/www.lehrplan.tech\/liberatodppi\/wp-content\/uploads\/2024\/08\/18-1024x1024.png 1024w, https:\/\/www.lehrplan.tech\/liberatodppi\/wp-content\/uploads\/2024\/08\/18-150x150.png 150w, https:\/\/www.lehrplan.tech\/liberatodppi\/wp-content\/uploads\/2024\/08\/18-768x768.png 768w, https:\/\/www.lehrplan.tech\/liberatodppi\/wp-content\/uploads\/2024\/08\/18-1536x1536.png 1536w, https:\/\/www.lehrplan.tech\/liberatodppi\/wp-content\/uploads\/2024\/08\/18-2048x2048.png 2048w, https:\/\/www.lehrplan.tech\/liberatodppi\/wp-content\/uploads\/2024\/08\/18-600x600.png 600w, https:\/\/www.lehrplan.tech\/liberatodppi\/wp-content\/uploads\/2024\/08\/18-100x100.png 100w\" sizes=\"auto, (max-width: 300px) 100vw, 300px\" \/><h2 class=\"woocommerce-loop-product__title\">B\u00e1sico de NR 10 (EaD) &#8211; Seguran\u00e7a em instala\u00e7\u00f5es e servi\u00e7os com eletricidade &#8211; 40 horas (Turma 2)<\/h2>\n\t<span class=\"price\"><span class=\"woocommerce-Price-amount amount\"><bdi><span class=\"woocommerce-Price-currencySymbol\">&#82;&#36;<\/span>220,00<\/bdi><\/span><\/span>\n<\/a><a href=\"?add-to-cart=2638\" aria-describedby=\"woocommerce_loop_add_to_cart_link_describedby_2638\" data-quantity=\"1\" class=\"button product_type_simple add_to_cart_button ajax_add_to_cart\" data-product_id=\"2638\" data-product_sku=\"NR10SEG2\" aria-label=\"Adicione ao carrinho: &ldquo;B\u00e1sico de NR 10 (EaD) - Seguran\u00e7a em instala\u00e7\u00f5es e servi\u00e7os com eletricidade - 40 horas (Turma 2)&rdquo;\" rel=\"nofollow\" data-success_message=\"&ldquo;B\u00e1sico de NR 10 (EaD) - Seguran\u00e7a em instala\u00e7\u00f5es e servi\u00e7os com eletricidade - 40 horas (Turma 2)&rdquo; has been added to your cart\">Adicionar ao carrinho<\/a>\t<span id=\"woocommerce_loop_add_to_cart_link_describedby_2638\" class=\"screen-reader-text\">\n\t\t\t<\/span>\n<\/li>\n<li class=\"product type-product post-2643 status-publish instock product_cat-cursos-online product_tag-instalacoes-eletricas product_tag-nr10 product_tag-reciclagem-nr10 product_tag-seguranca-no-trabalho has-post-thumbnail virtual sold-individually purchasable product-type-simple\">\n\t<a href=\"https:\/\/www.lehrplan.tech\/liberatodppi\/index.php\/produto\/reciclagem-de-nr-10-ead-seguranca-em-instalacoes-e-servicos-com-eletricidade-8-horas-turma-2\/\" class=\"woocommerce-LoopProduct-link woocommerce-loop-product__link\"><img loading=\"lazy\" decoding=\"async\" width=\"300\" height=\"300\" src=\"https:\/\/www.lehrplan.tech\/liberatodppi\/wp-content\/uploads\/2024\/08\/22-300x300.png\" class=\"attachment-woocommerce_thumbnail size-woocommerce_thumbnail\" alt=\"\" srcset=\"https:\/\/www.lehrplan.tech\/liberatodppi\/wp-content\/uploads\/2024\/08\/22-300x300.png 300w, https:\/\/www.lehrplan.tech\/liberatodppi\/wp-content\/uploads\/2024\/08\/22-1024x1024.png 1024w, https:\/\/www.lehrplan.tech\/liberatodppi\/wp-content\/uploads\/2024\/08\/22-150x150.png 150w, https:\/\/www.lehrplan.tech\/liberatodppi\/wp-content\/uploads\/2024\/08\/22-768x768.png 768w, https:\/\/www.lehrplan.tech\/liberatodppi\/wp-content\/uploads\/2024\/08\/22-1536x1536.png 1536w, https:\/\/www.lehrplan.tech\/liberatodppi\/wp-content\/uploads\/2024\/08\/22-2048x2048.png 2048w, https:\/\/www.lehrplan.tech\/liberatodppi\/wp-content\/uploads\/2024\/08\/22-600x600.png 600w, https:\/\/www.lehrplan.tech\/liberatodppi\/wp-content\/uploads\/2024\/08\/22-100x100.png 100w\" sizes=\"auto, (max-width: 300px) 100vw, 300px\" \/><h2 class=\"woocommerce-loop-product__title\">Reciclagem de NR 10 (EaD) \u2013 Seguran\u00e7a em instala\u00e7\u00f5es e servi\u00e7os com eletricidade &#8211; 8 horas &#8211; Turma 2<\/h2>\n\t<span class=\"price\"><span class=\"woocommerce-Price-amount amount\"><bdi><span class=\"woocommerce-Price-currencySymbol\">&#82;&#36;<\/span>150,00<\/bdi><\/span><\/span>\n<\/a><a href=\"?add-to-cart=2643\" aria-describedby=\"woocommerce_loop_add_to_cart_link_describedby_2643\" data-quantity=\"1\" class=\"button product_type_simple add_to_cart_button ajax_add_to_cart\" data-product_id=\"2643\" data-product_sku=\"NR10REC2\" aria-label=\"Adicione ao carrinho: &ldquo;Reciclagem de NR 10 (EaD) \u2013 Seguran\u00e7a em instala\u00e7\u00f5es e servi\u00e7os com eletricidade - 8 horas - Turma 2&rdquo;\" rel=\"nofollow\" data-success_message=\"&ldquo;Reciclagem de NR 10 (EaD) \u2013 Seguran\u00e7a em instala\u00e7\u00f5es e servi\u00e7os com eletricidade - 8 horas - Turma 2&rdquo; has been added to your cart\">Adicionar ao carrinho<\/a>\t<span id=\"woocommerce_loop_add_to_cart_link_describedby_2643\" class=\"screen-reader-text\">\n\t\t\t<\/span>\n<\/li>\n<\/ul>\n<\/div><div class=\"woocommerce\">\t\t\t<div class=\"single-product\" data-product-page-preselected-id=\"0\">\n\t\t\t\t<div class=\"woocommerce-notices-wrapper\"><\/div><div id=\"product-195\" class=\"product type-product post-195 status-publish first outofstock product_cat-sem-categoria shipping-taxable product-type-simple\">\n\n\t<div class=\"woocommerce-product-gallery woocommerce-product-gallery--without-images woocommerce-product-gallery--columns-4 images\" data-columns=\"4\" style=\"opacity: 0; transition: opacity .25s ease-in-out;\">\n\t<div class=\"woocommerce-product-gallery__wrapper\">\n\t\t<div class=\"woocommerce-product-gallery__image--placeholder\"><img decoding=\"async\" src=\"https:\/\/www.lehrplan.tech\/liberatodppi\/wp-content\/uploads\/woocommerce-placeholder.png\" alt=\"Aguardando imagem do produto\" class=\"wp-post-image\" \/><\/div>\t<\/div>\n<\/div>\n\n\t<div class=\"summary entry-summary\">\n\t\t<h1 class=\"product_title entry-title\">Curso B\u00e1sico de Fotografia<\/h1><p class=\"price\"><\/p>\n<div class=\"product_meta\">\n\n\t\n\t\n\t<span class=\"posted_in\">Categoria: <a href=\"https:\/\/www.lehrplan.tech\/liberatodppi\/index.php\/categoria-produto\/sem-categoria\/\" rel=\"tag\">Sem categoria<\/a><\/span>\n\t\n\t\n<\/div>\n\t<\/div>\n\n\t\n\t<div class=\"woocommerce-tabs wc-tabs-wrapper\">\n\t\t<ul class=\"tabs wc-tabs\" role=\"tablist\">\n\t\t\t\t\t\t\t<li class=\"description_tab\" id=\"tab-title-description\">\n\t\t\t\t\t<a href=\"#tab-description\" role=\"tab\" aria-controls=\"tab-description\">\n\t\t\t\t\t\tDescri\u00e7\u00e3o\t\t\t\t\t<\/a>\n\t\t\t\t<\/li>\n\t\t\t\t\t<\/ul>\n\t\t\t\t\t<div class=\"woocommerce-Tabs-panel woocommerce-Tabs-panel--description panel entry-content wc-tab\" id=\"tab-description\" role=\"tabpanel\" aria-labelledby=\"tab-title-description\">\n\t\t\t\t\n\t<h2>Descri\u00e7\u00e3o<\/h2>\n\n<p style=\"text-align: left;\">Identificar os princ\u00edpios da c\u00e2mera fotogr\u00e1fica, seus principais mecanismos t\u00e9cnicos e operacionalizar seus usos\r\nintegrados para forma\u00e7\u00e3o da imagem. Apontar os principaiselementos da linguagem fotogr\u00e1fica ( profundidade de\r\ncampo, foco, enquadramento, composi\u00e7\u00e3o, cor, momentodecisivo, etc) e sua inter rela\u00e7\u00e3o com os elementos t\u00e9cnicos\r\n(tipos de lentes, tempo de exposi\u00e7\u00e3o, velocidade do obturador, abertura do diafragma, ISO, etc) Compreender os elementos est\u00e9ticos, t\u00e9cnicos e sociais implicados no processo de constru\u00e7\u00e3o das imagens fotogr\u00e1ficas, bem como a diferen\u00e7a entre fotojornalismo, fotodocumento, foto publicit\u00e1ria, foto arte, etc<\/p>\r\nSe\t\t\t<\/div>\n\t\t\n\t\t\t<\/div>\n\n<\/div>\n\n\t\t\t<\/div>\n\t\t\t<\/div>","protected":false},"excerpt":{"rendered":"<p>Identificar os princ\u00edpios da c\u00e2mera fotogr\u00e1fica, seus principais mecanismos t\u00e9cnicos e operacionalizar seus usos integrados para forma\u00e7\u00e3o da imagem. Apontar os principaiselementos da linguagem fotogr\u00e1fica ( profundidade de campo, foco, enquadramento, composi\u00e7\u00e3o, cor, momentodecisivo, etc) e sua inter rela\u00e7\u00e3o com os elementos t\u00e9cnicos (tipos de lentes, tempo de exposi\u00e7\u00e3o, velocidade do obturador, abertura do diafragma,&hellip;<\/p>\n","protected":false},"author":1,"featured_media":0,"parent":0,"menu_order":0,"comment_status":"closed","ping_status":"closed","template":"","meta":{"footnotes":""},"class_list":["post-1299","page","type-page","status-publish","hentry"],"_links":{"self":[{"href":"https:\/\/www.lehrplan.tech\/liberatodppi\/index.php\/wp-json\/wp\/v2\/pages\/1299","targetHints":{"allow":["GET"]}}],"collection":[{"href":"https:\/\/www.lehrplan.tech\/liberatodppi\/index.php\/wp-json\/wp\/v2\/pages"}],"about":[{"href":"https:\/\/www.lehrplan.tech\/liberatodppi\/index.php\/wp-json\/wp\/v2\/types\/page"}],"author":[{"embeddable":true,"href":"https:\/\/www.lehrplan.tech\/liberatodppi\/index.php\/wp-json\/wp\/v2\/users\/1"}],"replies":[{"embeddable":true,"href":"https:\/\/www.lehrplan.tech\/liberatodppi\/index.php\/wp-json\/wp\/v2\/comments?post=1299"}],"version-history":[{"count":4,"href":"https:\/\/www.lehrplan.tech\/liberatodppi\/index.php\/wp-json\/wp\/v2\/pages\/1299\/revisions"}],"predecessor-version":[{"id":1394,"href":"https:\/\/www.lehrplan.tech\/liberatodppi\/index.php\/wp-json\/wp\/v2\/pages\/1299\/revisions\/1394"}],"wp:attachment":[{"href":"https:\/\/www.lehrplan.tech\/liberatodppi\/index.php\/wp-json\/wp\/v2\/media?parent=1299"}],"curies":[{"name":"wp","href":"https:\/\/api.w.org\/{rel}","templated":true}]}}