{"id":5,"date":"2020-06-01T13:27:30","date_gmt":"2020-06-01T16:27:30","guid":{"rendered":"http:\/\/www.lehrplan.tech\/liberatodppi\/\/\/index.php\/cart\/"},"modified":"2024-11-08T17:53:09","modified_gmt":"2024-11-08T20:53:09","slug":"cart","status":"publish","type":"page","link":"https:\/\/www.lehrplan.tech\/liberatodppi\/index.php\/cart\/","title":{"rendered":"Carrinho de Compras"},"content":{"rendered":"\n\t<p>Termo de Consentimento para Tratamento de Dados Pessoais em atendimento \u00e0 Lei Brasileira n\u00b013.709, de 14 de agosto de 2018, Lei Geral de Prote\u00e7\u00e3o de Dados Pessoais &#8211; LGPD.<\/p>\nLeia com aten\u00e7\u00e3o todos os itens abaixo antes de prosseguir.<br \/>\nEsta p\u00e1gina est\u00e1 em conformidade com a Pol\u00edtica de Dados Pessoais da Funda\u00e7\u00e3o Escola T\u00e9cnica Liberato Salzano Vieira da Cunha e a Lei Geral de Prote\u00e7\u00e3o de Dados Pessoais (LGPD).\n<p>O controlador (Funda\u00e7\u00e3o Liberato) \u00e9 respons\u00e1vel por qualquer dado que ser\u00e1 tratado.<\/p>\n<p>Declaro estar ciente sobre meus DIREITOS em rela\u00e7\u00e3o a coleta e tratamento de dados pessoais conforme Lei Geral de Prote\u00e7\u00e3o de Dados Pessoais (LGPD) n\u00ba 13.709, de 14 de agosto de 2018 e expresso o MEU CONSENTIMENTO para coleta e tratamento de DADOS neste formul\u00e1rio. https:\/\/www.planalto.gov.br\/ccivil_03\/_ato2015-2018\/2018\/lei\/l13709.htm<\/p>\n<p>Declaro estar ciente que terei ACESSO aos dados pessoais coletados a qualquer tempo e que poderei solicitar uma c\u00f3pia desses dados; que poderei RETIFICAR os meus dados pessoais coletados a qualquer momento de forma irrestrita; que poderei solicitar a EXCLUS\u00c3O dos dados aqui coletados a qualquer tempo; que poderei CONTESTAR o processamento dos dados pessoais aqui coletados, por motivos relacionados a situa\u00e7\u00f5es diversas e\/ou particulares; que poderei RETIRAR O MEU CONSENTIMENTO, a qualquer momento; que poderei SOLICITAR A PORTABILIDADE DE DADOS podendo ser me devolvidos.<\/p>\n<p>Declaro que li, estou ciente e concordo com os termos\u00a0expostos\u00a0acima.<\/p>","protected":false},"excerpt":{"rendered":"<p>Termo de Consentimento para Tratamento de Dados Pessoais em atendimento \u00e0 Lei Brasileira n\u00b013.709, de 14 de agosto de 2018, Lei Geral de Prote\u00e7\u00e3o de Dados Pessoais &#8211; LGPD. Leia com aten\u00e7\u00e3o todos os itens abaixo antes de prosseguir. Esta p\u00e1gina est\u00e1 em conformidade com a Pol\u00edtica de Dados Pessoais da Funda\u00e7\u00e3o Escola T\u00e9cnica Liberato&hellip;<\/p>\n","protected":false},"author":1,"featured_media":0,"parent":0,"menu_order":0,"comment_status":"closed","ping_status":"closed","template":"","meta":{"footnotes":""},"class_list":["post-5","page","type-page","status-publish","hentry"],"_links":{"self":[{"href":"https:\/\/www.lehrplan.tech\/liberatodppi\/index.php\/wp-json\/wp\/v2\/pages\/5","targetHints":{"allow":["GET"]}}],"collection":[{"href":"https:\/\/www.lehrplan.tech\/liberatodppi\/index.php\/wp-json\/wp\/v2\/pages"}],"about":[{"href":"https:\/\/www.lehrplan.tech\/liberatodppi\/index.php\/wp-json\/wp\/v2\/types\/page"}],"author":[{"embeddable":true,"href":"https:\/\/www.lehrplan.tech\/liberatodppi\/index.php\/wp-json\/wp\/v2\/users\/1"}],"replies":[{"embeddable":true,"href":"https:\/\/www.lehrplan.tech\/liberatodppi\/index.php\/wp-json\/wp\/v2\/comments?post=5"}],"version-history":[{"count":2,"href":"https:\/\/www.lehrplan.tech\/liberatodppi\/index.php\/wp-json\/wp\/v2\/pages\/5\/revisions"}],"predecessor-version":[{"id":2806,"href":"https:\/\/www.lehrplan.tech\/liberatodppi\/index.php\/wp-json\/wp\/v2\/pages\/5\/revisions\/2806"}],"wp:attachment":[{"href":"https:\/\/www.lehrplan.tech\/liberatodppi\/index.php\/wp-json\/wp\/v2\/media?parent=5"}],"curies":[{"name":"wp","href":"https:\/\/api.w.org\/{rel}","templated":true}]}}