{"id":1386,"date":"2022-03-29T14:41:18","date_gmt":"2022-03-29T17:41:18","guid":{"rendered":"https:\/\/www.lehrplan.tech\/liberatodppi\/?post_type=product&#038;p=1386"},"modified":"2022-09-14T10:47:51","modified_gmt":"2022-09-14T13:47:51","slug":"ensaios-de-dureza-de-materiais-ead-7-horas","status":"publish","type":"product","link":"https:\/\/www.lehrplan.tech\/liberatodppi\/index.php\/produto\/ensaios-de-dureza-de-materiais-ead-7-horas\/","title":{"rendered":"Ensaios de dureza de materiais (EaD) 7 horas"},"content":{"rendered":"<p><b>OBJETIVO<\/b><\/p>\n<p>O curso apresenta os diversos m\u00e9todos de avalia\u00e7\u00e3o da dureza dos materiais contemplando os ensaios Rockwell, Brinell e Vickers. S\u00e3o abordadas as caracter\u00edsticas em detalhes de cada ensaio, suas peculiaridades, aplica\u00e7\u00f5es,\u00a0 erros t\u00e9cnicos comuns assim como sua correta aferi\u00e7\u00e3o e calibra\u00e7\u00e3o.<\/p>\n<p><b>P\u00daBLICO-ALVO<\/b><\/p>\n<p>Servidores, alunos e ex-alunos da Funda\u00e7\u00e3o Liberato, estudantes de engenharia, engenheiros e profissionais interessados no tema.<\/p>\n<p><b>MATR\u00cdCULAS<\/b><\/p>\n<p><b>At\u00e9 01 DE JULHO DE 2022<\/b><\/p>\n<p><b>PR\u00c9-REQUISITO<\/b><\/p>\n<p>Conhecimento B\u00e1sico de A\u00e7os Comuns Inspe\u00e7\u00e3o e controle de materiais<\/p>\n<p><b>N\u00daMERO DE VAGAS<\/b><\/p>\n<p>O n\u00famero de vagas oferecidas \u00e9 limitado<\/p>\n<p><b>INVESTIMENTO<\/b><\/p>\n<p>Servidores, alunos e ex-alunos da Funda\u00e7\u00e3o Liberato: <b>R$ 150,00<\/b>. Comunidade em geral:\u00a0 <b>R$ 180,00<\/b>. Se voc\u00ea \u00e9 aluno, ex-aluno ou servidor da Liberato use o cupom\u00a0 de desconto lib30<\/p>\n<p><b>CALEND\u00c1RIO E HOR\u00c1RIO DAS AULAS <\/b><\/p>\n<p>As aulas ocorrer\u00e3o nas <b>ter\u00e7as-feiras, nos dias 05 e 12 de julho, das 19h \u00e0s 22h30min<\/b>, atrav\u00e9s da plataforma Google Meet (o link de acesso ser\u00e1 disponibilizado ap\u00f3s a confirma\u00e7\u00e3o da matr\u00edcula).<\/p>\n<p><b>PROGRAMA<\/b><\/p>\n<ul>\n<li>Introdu\u00e7\u00e3o aos ensaios de dureza<\/li>\n<li>Caracter\u00edsticas, escalas, prepara\u00e7\u00e3o, vantagens e limita\u00e7\u00f5es dos ensaios de dureza Rockwell, Brinell e Vickers<\/li>\n<li>Rockwell superficial<\/li>\n<li>Microdureza<\/li>\n<li>Monitoramento e Calibra\u00e7\u00e3o de Dur\u00f4metros<\/li>\n<li>Cuidados, recomenda\u00e7\u00f5es e erros t\u00e9cnicos comuns<\/li>\n<\/ul>\n<p><b>MATERIAL DID\u00c1TICO<\/b><\/p>\n<p>Ser\u00e1 disponibilizado material did\u00e1tico em formato eletr\u00f4nico.<\/p>\n<p><b>DOCENTE<\/b><\/p>\n<p><b>Lauro Romeiro: <\/b>Engenheiro Metalurgista (UFGRS), Mestre em Ci\u00eancia dos Materiais (UFRGS), Doutor em Ci\u00eancia dos Materiais (UFRGS). Atuou como Coordenador do Laborat\u00f3rio de Materiais da Stihl Ferramentas Motorizadas Ltda, Gerente de Controle de Qualidade da Maxiforja Componentes Automotivos, e Professor de Materiais Mec\u00e2nicos, Ci\u00eancia dos Materiais e Engenharia de Superf\u00edcie dos cursos de Engenharia Mec\u00e2nica, Engenharia Qu\u00edmica e Engenharia de Materiais da UNISINOS.<\/p>\n","protected":false},"excerpt":{"rendered":"<p><b>OBJETIVO<\/b><\/p>\n<p>O curso apresenta os diversos m\u00e9todos de avalia\u00e7\u00e3o da dureza dos materiais contemplando os ensaios Rockwell, Brinell e Vickers. S\u00e3o abordadas as caracter\u00edsticas em detalhes de cada ensaio, suas peculiaridades, aplica\u00e7\u00f5es,\u00a0 erros t\u00e9cnicos comuns assim como sua correta aferi\u00e7\u00e3o e calibra\u00e7\u00e3o.<\/p>\n","protected":false},"featured_media":1387,"template":"","meta":[],"product_brand":[],"product_cat":[26],"product_tag":[78],"class_list":{"0":"post-1386","1":"product","2":"type-product","3":"status-publish","4":"has-post-thumbnail","6":"product_cat-cursos-online","7":"product_tag-dureza-materias","9":"first","10":"outofstock","11":"downloadable","12":"shipping-taxable","13":"purchasable","14":"product-type-simple"},"_links":{"self":[{"href":"https:\/\/www.lehrplan.tech\/liberatodppi\/index.php\/wp-json\/wp\/v2\/product\/1386","targetHints":{"allow":["GET"]}}],"collection":[{"href":"https:\/\/www.lehrplan.tech\/liberatodppi\/index.php\/wp-json\/wp\/v2\/product"}],"about":[{"href":"https:\/\/www.lehrplan.tech\/liberatodppi\/index.php\/wp-json\/wp\/v2\/types\/product"}],"wp:featuredmedia":[{"embeddable":true,"href":"https:\/\/www.lehrplan.tech\/liberatodppi\/index.php\/wp-json\/wp\/v2\/media\/1387"}],"wp:attachment":[{"href":"https:\/\/www.lehrplan.tech\/liberatodppi\/index.php\/wp-json\/wp\/v2\/media?parent=1386"}],"wp:term":[{"taxonomy":"product_brand","embeddable":true,"href":"https:\/\/www.lehrplan.tech\/liberatodppi\/index.php\/wp-json\/wp\/v2\/product_brand?post=1386"},{"taxonomy":"product_cat","embeddable":true,"href":"https:\/\/www.lehrplan.tech\/liberatodppi\/index.php\/wp-json\/wp\/v2\/product_cat?post=1386"},{"taxonomy":"product_tag","embeddable":true,"href":"https:\/\/www.lehrplan.tech\/liberatodppi\/index.php\/wp-json\/wp\/v2\/product_tag?post=1386"}],"curies":[{"name":"wp","href":"https:\/\/api.w.org\/{rel}","templated":true}]}}