{"id":1459,"date":"2022-04-19T09:55:25","date_gmt":"2022-04-19T12:55:25","guid":{"rendered":"https:\/\/www.lehrplan.tech\/liberatodppi\/?post_type=product&#038;p=1459"},"modified":"2024-04-10T16:38:10","modified_gmt":"2024-04-10T19:38:10","slug":"hidraulica-industrial-basica-8-horas","status":"publish","type":"product","link":"https:\/\/www.lehrplan.tech\/liberatodppi\/index.php\/produto\/hidraulica-industrial-basica-8-horas\/","title":{"rendered":"Hidr\u00e1ulica Industrial B\u00e1sica  8 horas"},"content":{"rendered":"<p><b>OBJETIVO<\/b><\/p>\n<p>Proporcionar aos participantes conhecimento sobre os fundamentos da hidr\u00e1ulica, identifica\u00e7\u00e3o e manuseio de equipamentos e interpreta\u00e7\u00e3o de circuitos hidr\u00e1ulicos industriais.<\/p>\n<p><b>P\u00daBLICO-ALVO<\/b><\/p>\n<p>Engenheiros, t\u00e9cnicos, estudantes e outros profissionais que trabalham na constru\u00e7\u00e3o, reforma ou manuten\u00e7\u00e3o de m\u00e1quinas e equipamentos hidr\u00e1ulicos industriais.<\/p>\n<p><b>MATR\u00cdCULAS<\/b><\/p>\n<p><b>At\u00e9 01 DE JUNHO DE 2022<\/b><\/p>\n<p><b>N\u00daMERO DE VAGAS<\/b><\/p>\n<p>O n\u00famero de vagas oferecidas ser\u00e1 limitado.<\/p>\n<p><b>CALEND\u00c1RIO E HOR\u00c1RIO DAS AULAS <\/b><\/p>\n<p>As aulas ocorrer\u00e3o no <b>s\u00e1bado<\/b>, no dia <b>04 de junho, das 08h \u00e0s 12h e das 13h \u00e0s 17h, no Laborat\u00f3rio de Hidr\u00e1ulica do Curso T\u00e9cnico de Mec\u00e2nica. <\/b><\/p>\n<p><b>INVESTIMENTO<\/b><\/p>\n<p>Servidores, alunos e ex-alunos da Funda\u00e7\u00e3o Liberato: <b>R$ 150,00. <\/b>Comunidade em geral: <b>R$ 180,00. <\/b>Se voc\u00ea \u00e9 aluno, ex-aluno ou servidor da Liberato use o cupom de desconto lib30<\/p>\n<p><b>PROGRAMA<\/b><\/p>\n<p>Introdu\u00e7\u00e3o aos fundamentos de hidrost\u00e1tica e hidrodin\u00e2mica, sistemas est\u00e1ticos x sistemas din\u00e2micos.<\/p>\n<p>Composi\u00e7\u00e3o b\u00e1sica de circuitos.<\/p>\n<p>Press\u00e3o no sistema, fen\u00f4meno da conserva\u00e7\u00e3o de energia, fen\u00f4meno da multiplica\u00e7\u00e3o de press\u00e3o, perda de carga, fluxo em s\u00e9rie ou paralelo.<\/p>\n<p>Simbologia, fluidos hidr\u00e1ulicos e suas caracter\u00edsticas, filtragem.<\/p>\n<p>Bombas e defeitos, manuten\u00e7\u00e3o em sistemas hidr\u00e1ulicos.<\/p>\n<p>Interpreta\u00e7\u00e3o de circuitos.<\/p>\n<p><b>DOCENTE<\/b><\/p>\n<p><b>Carine Couto Franco<\/b>: T\u00e9cnica em Mec\u00e2nica (Liberato, 2009), Engenheira Mec\u00e2nica (Ulbra, 2016), com MBA em Gest\u00e3o de Projetos, p\u00f3s-graduada em Lideran\u00e7a e Gest\u00e3o de Equipes, com 15 anos de experi\u00eancia atuando em ind\u00fastrias de diversos segmentos e portes, nacionais e multinacionais, nas \u00e1reas de Engenharia, Processos, Manuten\u00e7\u00e3o e Qualidade. Instrutora de treinamentos com especializa\u00e7\u00e3o lato sensu em Doc\u00eancia para Ensino superior (2022).<\/p>\n<p><b>OBSERVA\u00c7\u00d5ES<\/b><\/p>\n<p>(1) A Funda\u00e7\u00e3o Liberato reserva-se o direito de certificar somente quem obtiver 75% da frequ\u00eancia\u00a0 e estiver com o curso quitado. (2) A Funda\u00e7\u00e3o Liberato reserva-se o direito de cancelar o curso, caso n\u00e3o ocorra o n\u00famero de matr\u00edculas m\u00ednimo para o equil\u00edbrio econ\u00f4mico do mesmo, neste caso, devolver\u00e1 integralmente os valores pagos.<\/p>\n","protected":false},"excerpt":{"rendered":"<p><b>OBJETIVO<\/b><\/p>\n<p>Proporcionar aos participantes conhecimento sobre os fundamentos da hidr\u00e1ulica, identifica\u00e7\u00e3o e manuseio de equipamentos e interpreta\u00e7\u00e3o de circuitos hidr\u00e1ulicos industriais.<\/p>\n","protected":false},"featured_media":1460,"template":"","meta":[],"product_brand":[],"product_cat":[30],"product_tag":[88,86,87],"class_list":{"0":"post-1459","1":"product","2":"type-product","3":"status-publish","4":"has-post-thumbnail","6":"product_cat-curso-presencial","7":"product_tag-basica","8":"product_tag-hidraulica","9":"product_tag-industrial","11":"first","12":"outofstock","13":"downloadable","14":"shipping-taxable","15":"purchasable","16":"product-type-simple"},"_links":{"self":[{"href":"https:\/\/www.lehrplan.tech\/liberatodppi\/index.php\/wp-json\/wp\/v2\/product\/1459","targetHints":{"allow":["GET"]}}],"collection":[{"href":"https:\/\/www.lehrplan.tech\/liberatodppi\/index.php\/wp-json\/wp\/v2\/product"}],"about":[{"href":"https:\/\/www.lehrplan.tech\/liberatodppi\/index.php\/wp-json\/wp\/v2\/types\/product"}],"wp:featuredmedia":[{"embeddable":true,"href":"https:\/\/www.lehrplan.tech\/liberatodppi\/index.php\/wp-json\/wp\/v2\/media\/1460"}],"wp:attachment":[{"href":"https:\/\/www.lehrplan.tech\/liberatodppi\/index.php\/wp-json\/wp\/v2\/media?parent=1459"}],"wp:term":[{"taxonomy":"product_brand","embeddable":true,"href":"https:\/\/www.lehrplan.tech\/liberatodppi\/index.php\/wp-json\/wp\/v2\/product_brand?post=1459"},{"taxonomy":"product_cat","embeddable":true,"href":"https:\/\/www.lehrplan.tech\/liberatodppi\/index.php\/wp-json\/wp\/v2\/product_cat?post=1459"},{"taxonomy":"product_tag","embeddable":true,"href":"https:\/\/www.lehrplan.tech\/liberatodppi\/index.php\/wp-json\/wp\/v2\/product_tag?post=1459"}],"curies":[{"name":"wp","href":"https:\/\/api.w.org\/{rel}","templated":true}]}}