{"id":1638,"date":"2022-08-16T09:41:45","date_gmt":"2022-08-16T12:41:45","guid":{"rendered":"https:\/\/www.lehrplan.tech\/liberatodppi\/?post_type=product&#038;p=1638"},"modified":"2022-11-04T11:25:46","modified_gmt":"2022-11-04T14:25:46","slug":"manuseio-seguro-de-produtos-quimicos-3-horas-ead-3","status":"publish","type":"product","link":"https:\/\/www.lehrplan.tech\/liberatodppi\/index.php\/produto\/manuseio-seguro-de-produtos-quimicos-3-horas-ead-3\/","title":{"rendered":"Manuseio Seguro de Produtos Qu\u00edmicos &#8211; 3 horas (EaD)"},"content":{"rendered":"<p><b>OBJETIVO<\/b><\/p>\n<p>Apresentar e discutir os requisitos t\u00e9cnicos, legais e de seguran\u00e7a relacionados ao manuseio de produtos de produtos qu\u00edmicos.<\/p>\n<p><b>P\u00daBLICO-ALVO<\/b><\/p>\n<p>Servidores, alunos e ex-alunos da Funda\u00e7\u00e3o Liberato. Profissionais de diversas \u00e1reas de conhecimento e estudantes que procuram atualiza\u00e7\u00f5es sobre o assunto.<\/p>\n<p><b>MATR\u00cdCULAS<\/b><\/p>\n<p><b>At\u00e9 01 DE NOVEMBRO DE 2022<\/b><\/p>\n<p><b>N\u00daMERO DE VAGAS<\/b><\/p>\n<p>O n\u00famero de vagas oferecidas ser\u00e1 limitado.<\/p>\n<p><b>INVESTIMENTO<\/b><\/p>\n<p>Servidores, alunos e ex-alunos da Funda\u00e7\u00e3o Liberato: <b>R$ 35,00. <\/b>Comunidade em geral: <b>40,00. <\/b>Se voc\u00ea \u00e9 servidor, aluno ou ex-aluno da Funda\u00e7\u00e3o Liberato utilize o cupom de desconto <strong>lib5<\/strong><\/p>\n<p><b>CALEND\u00c1RIO E HOR\u00c1RIO DAS AULAS <\/b><\/p>\n<p>As aulas ocorrer\u00e3o na <b>quinta-feira<\/b>, <b>dia 03 de novembro, das 19h \u00e0s 22h.<\/b><\/p>\n<p><b>PROGRAMA<\/b><\/p>\n<ul>\n<li>Causas dos acidentes.<\/li>\n<li>Conceitua\u00e7\u00e3o Perigo x Risco.<\/li>\n<li>Seguran\u00e7a nas opera\u00e7\u00f5es de manuseio.<\/li>\n<li>Vias de absor\u00e7\u00e3o do organismo humano.<\/li>\n<li>Principais agentes qu\u00edmicos.<\/li>\n<li>Conten\u00e7\u00e3o de vazamentos.<\/li>\n<li>Primeiros Socorros.<\/li>\n<li>EPC\u2019s e EPI\u2019s.<\/li>\n<\/ul>\n<p><b>DOCENTE<\/b><\/p>\n<p><b>K\u00e1tia Karina Cabral <\/b>\u2013 T\u00e9cnica em Qu\u00edmica\u00a0 (Funda\u00e7\u00e3o Liberato, 1992). Bacharel em Qu\u00edmica (ULBRA, 2004). P\u00f3s Graduada em Gest\u00e3o e Educa\u00e7\u00e3o Ambiental (UNIASSELVI, 2020). Diretora T\u00e9cnica da Surface Solu\u00e7\u00f5es, empresa da \u00e1rea ambiental que trabalha com projetos, assessoria e fornecimento de produtos qu\u00edmicos desde 2007. Experi\u00eancia na ind\u00fastria de galvanoplastia e tratamento de efluentes (30 anos).<\/p>\n<p><b>OBSERVA\u00c7\u00d5ES<\/b><\/p>\n<p>(1) A Funda\u00e7\u00e3o Liberato reserva-se o direito de certificar somente quem obtiver 75% da frequ\u00eancia e estive com o curso quitado. (2) A Funda\u00e7\u00e3o Liberato reserva-se o direito de cancelar o curso, caso n\u00e3o ocorra o n\u00famero de matr\u00edculas m\u00ednimo para o equil\u00edbrio econ\u00f4mico do mesmo, neste caso, devolver\u00e1 integralmente os valores pagos.<\/p>\n","protected":false},"excerpt":{"rendered":"<p><b>OBJETIVO<\/b><\/p>\n<p>Apresentar e discutir os requisitos t\u00e9cnicos, legais e de seguran\u00e7a relacionados ao manuseio de produtos de produtos qu\u00edmicos.<\/p>\n","protected":false},"featured_media":1044,"template":"","meta":[],"product_brand":[],"product_cat":[26],"product_tag":[106,107,108],"class_list":{"0":"post-1638","1":"product","2":"type-product","3":"status-publish","4":"has-post-thumbnail","6":"product_cat-cursos-online","7":"product_tag-manuseio","8":"product_tag-produtos","9":"product_tag-quimicos","11":"first","12":"outofstock","13":"downloadable","14":"shipping-taxable","15":"purchasable","16":"product-type-simple"},"_links":{"self":[{"href":"https:\/\/www.lehrplan.tech\/liberatodppi\/index.php\/wp-json\/wp\/v2\/product\/1638","targetHints":{"allow":["GET"]}}],"collection":[{"href":"https:\/\/www.lehrplan.tech\/liberatodppi\/index.php\/wp-json\/wp\/v2\/product"}],"about":[{"href":"https:\/\/www.lehrplan.tech\/liberatodppi\/index.php\/wp-json\/wp\/v2\/types\/product"}],"wp:featuredmedia":[{"embeddable":true,"href":"https:\/\/www.lehrplan.tech\/liberatodppi\/index.php\/wp-json\/wp\/v2\/media\/1044"}],"wp:attachment":[{"href":"https:\/\/www.lehrplan.tech\/liberatodppi\/index.php\/wp-json\/wp\/v2\/media?parent=1638"}],"wp:term":[{"taxonomy":"product_brand","embeddable":true,"href":"https:\/\/www.lehrplan.tech\/liberatodppi\/index.php\/wp-json\/wp\/v2\/product_brand?post=1638"},{"taxonomy":"product_cat","embeddable":true,"href":"https:\/\/www.lehrplan.tech\/liberatodppi\/index.php\/wp-json\/wp\/v2\/product_cat?post=1638"},{"taxonomy":"product_tag","embeddable":true,"href":"https:\/\/www.lehrplan.tech\/liberatodppi\/index.php\/wp-json\/wp\/v2\/product_tag?post=1638"}],"curies":[{"name":"wp","href":"https:\/\/api.w.org\/{rel}","templated":true}]}}