{"id":2438,"date":"2024-03-15T15:33:15","date_gmt":"2024-03-15T18:33:15","guid":{"rendered":"https:\/\/www.lehrplan.tech\/liberatodppi\/?post_type=product&#038;p=2438"},"modified":"2024-11-04T15:58:46","modified_gmt":"2024-11-04T18:58:46","slug":"soldagem0324","status":"publish","type":"product","link":"https:\/\/www.lehrplan.tech\/liberatodppi\/index.php\/produto\/soldagem0324\/","title":{"rendered":"Soldagem"},"content":{"rendered":"<p><b>OBJETIVOS<\/b><\/p>\n<p>Proporcionar aos alunos conhecimento b\u00e1sico sobre a soldagem nos processos solda el\u00e9trica Mig-Mag e Tig na teoria do processo indicado e praticando soldas em v\u00e1rias posi\u00e7\u00f5es.<\/p>\n<p><b><br \/>\nP\u00daBLICO-ALVO<\/b><\/p>\n<p>Ex-alunos, alunos da Funda\u00e7\u00e3o Liberato, eletricistas, t\u00e9cnicos em geral, engenheiros e demais interessados no tema.<\/p>\n<p>&nbsp;<\/p>\n<p><b>MATR\u00cdCULAS <\/b><\/p>\n<p><b>At\u00e9 01 de AGOSTO de 2024.<\/b><\/p>\n<p>&nbsp;<\/p>\n<p><b>N\u00daMERO DE VAGAS<\/b><\/p>\n<p>O n\u00famero de vagas oferecidas ser\u00e1 limitado.<\/p>\n<p>&nbsp;<\/p>\n<p><b>INVESTIMENTO<\/b><\/p>\n<p>Empregados p\u00fablicos, alunos e ex-alunos da Funda\u00e7\u00e3o Liberato: R$ 700,00. Comunidade em geral: R$ 800,00. Se voc\u00ea \u00e9 aluno, ex- aluno ou empregado p\u00fablico da Liberato use o cupom de desconto <strong>libsol24<\/strong><\/p>\n<p>&nbsp;<\/p>\n<p><b>CALEND\u00c1RIO E HOR\u00c1RIO DAS AULAS <\/b><\/p>\n<p>As aulas ocorrer\u00e3o aos <strong>s\u00e1bados<\/strong>; nos dias <strong>03, 10, 17, 24 e 31 de agosto; <\/strong><strong>das 8h \u00e0s 12h e das 13h \u00e0s 17h.<\/strong><\/p>\n<p>&nbsp;<\/p>\n<p><b>PROGRAMA<\/b><\/p>\n<p>Proporcionar conhecimento na soldagem para diversos tipos de aplica\u00e7\u00f5es, usando normas AWS, FBTS e ABNT, com finalidades propostas conforme qualidade espec\u00edfica.<\/p>\n<p>&nbsp;<\/p>\n<p><b>DOCENTE<\/b><\/p>\n<p><b>Marcelo <\/b><b>Plentz<\/b><b>: <\/b>P\u00f3s-graduado em Educa\u00e7\u00e3o Profissional e Tecnol\u00f3gica (Faculdade de Educa\u00e7\u00e3o S\u00e3o Lu\u00eds, 2021). Graduado em Processos Gerenciais (Ulbra, 2013). Professor da Escola T\u00e9cnica Estadual Frederico Guilherme Schmidt desde 2014. Professor do Senai entre 2013 e 2020. Soldador durante 15 anos em \u00e1rea petroqu\u00edmica. Possui certificado Abraman N 8853. Inspetor de Solda FBTS. Norma PNQC-NR-P4. 10-02, al\u00e9m de diversos cursos de qualifica\u00e7\u00e3o de soldador.<\/p>\n<p>&nbsp;<\/p>\n<p><b>OBSERVA\u00c7\u00c2O<\/b>:\u00a0 <b>a Funda\u00e7\u00e3o Liberato reserva-se o direito de certificar somente quem obtiver 75% da frequ\u00eancia e estiver com o curso quitado.<\/b><\/p>\n","protected":false},"excerpt":{"rendered":"<p><b>OBJETIVOS<\/b><\/p>\n<p>Proporcionar aos alunos conhecimento b\u00e1sico sobre a soldagem nos processos solda el\u00e9trica Mig-Mag e Tig na teoria do processo indicado e praticando soldas em v\u00e1rias posi\u00e7\u00f5es.<\/p>\n","protected":false},"featured_media":2606,"template":"","meta":[],"product_brand":[],"product_cat":[30],"product_tag":[52],"class_list":{"0":"post-2438","1":"product","2":"type-product","3":"status-publish","4":"has-post-thumbnail","6":"product_cat-curso-presencial","7":"product_tag-soldagem","9":"first","10":"outofstock","11":"shipping-taxable","12":"purchasable","13":"product-type-simple"},"_links":{"self":[{"href":"https:\/\/www.lehrplan.tech\/liberatodppi\/index.php\/wp-json\/wp\/v2\/product\/2438","targetHints":{"allow":["GET"]}}],"collection":[{"href":"https:\/\/www.lehrplan.tech\/liberatodppi\/index.php\/wp-json\/wp\/v2\/product"}],"about":[{"href":"https:\/\/www.lehrplan.tech\/liberatodppi\/index.php\/wp-json\/wp\/v2\/types\/product"}],"wp:featuredmedia":[{"embeddable":true,"href":"https:\/\/www.lehrplan.tech\/liberatodppi\/index.php\/wp-json\/wp\/v2\/media\/2606"}],"wp:attachment":[{"href":"https:\/\/www.lehrplan.tech\/liberatodppi\/index.php\/wp-json\/wp\/v2\/media?parent=2438"}],"wp:term":[{"taxonomy":"product_brand","embeddable":true,"href":"https:\/\/www.lehrplan.tech\/liberatodppi\/index.php\/wp-json\/wp\/v2\/product_brand?post=2438"},{"taxonomy":"product_cat","embeddable":true,"href":"https:\/\/www.lehrplan.tech\/liberatodppi\/index.php\/wp-json\/wp\/v2\/product_cat?post=2438"},{"taxonomy":"product_tag","embeddable":true,"href":"https:\/\/www.lehrplan.tech\/liberatodppi\/index.php\/wp-json\/wp\/v2\/product_tag?post=2438"}],"curies":[{"name":"wp","href":"https:\/\/api.w.org\/{rel}","templated":true}]}}