{"id":2555,"date":"2024-07-03T15:47:19","date_gmt":"2024-07-03T18:47:19","guid":{"rendered":"https:\/\/www.lehrplan.tech\/liberatodppi\/?post_type=product&#038;p=2555"},"modified":"2024-09-03T13:51:00","modified_gmt":"2024-09-03T16:51:00","slug":"planejamentoecontroledamanutencao","status":"publish","type":"product","link":"https:\/\/www.lehrplan.tech\/liberatodppi\/index.php\/produto\/planejamentoecontroledamanutencao\/","title":{"rendered":"Forma\u00e7\u00e3o de T\u00e9cnicos em Planejamento e Controle da Manuten\u00e7\u00e3o (PCM) \u2013 8 horas"},"content":{"rendered":"<p><span data-sheets-root=\"1\" data-sheets-value=\"{&quot;1&quot;:2,&quot;2&quot;:&quot;OBJETIVOS\\nPermitir aos participantes entender o funcionamento do setor de Planejamento e Controle da Manuten\u00e7\u00e3o (PCM), dentro de uma empresa, sua import\u00e2ncia, principais atribui\u00e7\u00f5es e as t\u00e9cnicas de planejamento das atividades de um setor de Manuten\u00e7\u00e3o, incluindo a sua implanta\u00e7\u00e3o.\\n\\nP\u00daBLICO-ALVO\\nServidores, alunos e ex-alunos da Funda\u00e7\u00e3o Liberato, al\u00e9m de estudantes e profissionais da \u00e1rea de Manuten\u00e7\u00e3o Industrial em geral que queiram conhecer ou melhorar seu conhecimento no Planejamento e Controle da Manuten\u00e7\u00e3o.\\n\\nMATR\u00cdCULAS \\nAt\u00e9 21 DE AGOSTO DE 2024\\nhttps:\/\/www.lehrplan.tech\/liberatodppi\/\\n\\nN\u00daMERO DE VAGAS\\nO n\u00famero de vagas oferecidas ser\u00e1 limitado. \\n\\nINVESTIMENTO\\nServidores, alunos e ex-alunos da Funda\u00e7\u00e3o Liberato: R$ 175,00. Comunidade em geral: R$ 200,00. Se voc\u00ea \u00e9 aluno, ex-aluno ou servidor da Liberato use o cupom de desconto dispon\u00edvel no site. \\nCALEND\u00c1RIO E HOR\u00c1RIO DAS AULAS \\nAs aulas ocorrer\u00e3o nos s\u00e1bados, dias 24 e 31 de agosto, das 08h \u00e0s 12h. \\n\\nPROGRAMA\\nA evolu\u00e7\u00e3o da manuten\u00e7\u00e3o no cen\u00e1rio industrial; conceitos empregados na manuten\u00e7\u00e3o; gest\u00e3o de ativos; cadastros da manuten\u00e7\u00e3o; prioriza\u00e7\u00e3o das ordens de manuten\u00e7\u00e3o; planejamento de manuten\u00e7\u00e3o com a seguran\u00e7a do trabalho; procedimento padr\u00e3o de manuten\u00e7\u00e3o; implanta\u00e7\u00e3o da manuten\u00e7\u00e3o programada; montando o cronograma de manuten\u00e7\u00e3o; m\u00e9todos de manuten\u00e7\u00e3o planejada; m\u00e9todos de an\u00e1lise de falhas; programa\u00e7\u00e3o de grandes paradas, medindo o desempenho da manuten\u00e7\u00e3o; planejando e controlando a manuten\u00e7\u00e3o.\\n\\nDOCENTE\\nAlex Sandro Alves da Silveira Paines: Engenheiro Mec\u00e2nico, p\u00f3s-graduando em Engenharia de Seguran\u00e7a do Trabalho e Gest\u00e3o de Equipes. T\u00e9cnico em Mec\u00e2nica pela Funda\u00e7\u00e3o Liberato (2001). Com forma\u00e7\u00e3o em \u201cPlanejamento e Controle da Manuten\u00e7\u00e3o\u201d pela Associa\u00e7\u00e3o Brasileira de Manuten\u00e7\u00e3o (ABRAMAN). Forma\u00e7\u00e3o em \u201cGerenciamento da Manuten\u00e7\u00e3o Produtiva\u201d pelo Instituto Nacional de Desenvolvimento Gerencial (INDG). Mais de quatorze anos de experi\u00eancia como de Analista de Planejamento de Manuten\u00e7\u00e3o.\\n&quot;}\" data-sheets-userformat=\"{&quot;2&quot;:33555261,&quot;3&quot;:{&quot;1&quot;:0},&quot;5&quot;:{&quot;1&quot;:[{&quot;1&quot;:2,&quot;2&quot;:0,&quot;5&quot;:{&quot;1&quot;:2,&quot;2&quot;:14277081}},{&quot;1&quot;:0,&quot;2&quot;:0,&quot;3&quot;:3},{&quot;1&quot;:1,&quot;2&quot;:0,&quot;4&quot;:1}]},&quot;6&quot;:{&quot;1&quot;:[{&quot;1&quot;:2,&quot;2&quot;:0,&quot;5&quot;:{&quot;1&quot;:2,&quot;2&quot;:14277081}},{&quot;1&quot;:0,&quot;2&quot;:0,&quot;3&quot;:3},{&quot;1&quot;:1,&quot;2&quot;:0,&quot;4&quot;:1}]},&quot;7&quot;:{&quot;1&quot;:[{&quot;1&quot;:2,&quot;2&quot;:0,&quot;5&quot;:{&quot;1&quot;:2,&quot;2&quot;:14277081}},{&quot;1&quot;:0,&quot;2&quot;:0,&quot;3&quot;:3},{&quot;1&quot;:1,&quot;2&quot;:0,&quot;4&quot;:1}]},&quot;8&quot;:{&quot;1&quot;:[{&quot;1&quot;:2,&quot;2&quot;:0,&quot;5&quot;:{&quot;1&quot;:2,&quot;2&quot;:14277081}},{&quot;1&quot;:0,&quot;2&quot;:0,&quot;3&quot;:3},{&quot;1&quot;:1,&quot;2&quot;:0,&quot;4&quot;:1}]},&quot;11&quot;:4,&quot;12&quot;:0,&quot;28&quot;:1}\"><strong>OBJETIVOS<\/strong><br \/>\nPermitir aos participantes entender o funcionamento do setor de Planejamento e Controle da Manuten\u00e7\u00e3o (PCM), dentro de uma empresa, sua import\u00e2ncia, principais atribui\u00e7\u00f5es e as t\u00e9cnicas de planejamento das atividades de um setor de Manuten\u00e7\u00e3o, incluindo a sua implanta\u00e7\u00e3o.<\/span><\/p>\n<p><strong>P\u00daBLICO-ALVO<\/strong><br \/>\nServidores, alunos e ex-alunos da Funda\u00e7\u00e3o Liberato, al\u00e9m de estudantes e profissionais da \u00e1rea de Manuten\u00e7\u00e3o Industrial em geral que queiram conhecer ou melhorar seu conhecimento no Planejamento e Controle da Manuten\u00e7\u00e3o.<\/p>\n<p><strong>MATR\u00cdCULAS<\/strong><br \/>\nAt\u00e9 21 DE AGOSTO DE 2024<\/p>\n<p><strong>N\u00daMERO DE VAGAS<\/strong><br \/>\nO n\u00famero de vagas oferecidas ser\u00e1 limitado.<\/p>\n<p><strong>INVESTIMENTO<\/strong><br \/>\nServidores, alunos e ex-alunos da Funda\u00e7\u00e3o Liberato: R$ 175,00. Comunidade em geral: R$ 200,00. Se voc\u00ea \u00e9 aluno, ex-aluno ou servidor da Liberato use o cupom de desconto <strong>PCM24<\/strong>.<br \/>\n<strong><br \/>\nCALEND\u00c1RIO E HOR\u00c1RIO DAS AULAS <\/strong><br \/>\nAs aulas ocorrer\u00e3o nos s\u00e1bados, dias 24 e 31 de agosto, das 08h \u00e0s 12h.<\/p>\n<p><strong>PROGRAMA<\/strong><br \/>\nA evolu\u00e7\u00e3o da manuten\u00e7\u00e3o no cen\u00e1rio industrial; conceitos empregados na manuten\u00e7\u00e3o; gest\u00e3o de ativos; cadastros da manuten\u00e7\u00e3o; prioriza\u00e7\u00e3o das ordens de manuten\u00e7\u00e3o; planejamento de manuten\u00e7\u00e3o com a seguran\u00e7a do trabalho; procedimento padr\u00e3o de manuten\u00e7\u00e3o; implanta\u00e7\u00e3o da manuten\u00e7\u00e3o programada; montando o cronograma de manuten\u00e7\u00e3o; m\u00e9todos de manuten\u00e7\u00e3o planejada; m\u00e9todos de an\u00e1lise de falhas; programa\u00e7\u00e3o de grandes paradas, medindo o desempenho da manuten\u00e7\u00e3o; planejando e controlando a manuten\u00e7\u00e3o.<\/p>\n<p><strong>DOCENTE<\/strong><br \/>\nAlex Sandro Alves da Silveira Paines: Engenheiro Mec\u00e2nico, p\u00f3s-graduando em Engenharia de Seguran\u00e7a do Trabalho e Gest\u00e3o de Equipes. T\u00e9cnico em Mec\u00e2nica pela Funda\u00e7\u00e3o Liberato (2001). Com forma\u00e7\u00e3o em \u201cPlanejamento e Controle da Manuten\u00e7\u00e3o\u201d pela Associa\u00e7\u00e3o Brasileira de Manuten\u00e7\u00e3o (ABRAMAN). Forma\u00e7\u00e3o em \u201cGerenciamento da Manuten\u00e7\u00e3o Produtiva\u201d pelo Instituto Nacional de Desenvolvimento Gerencial (INDG). Mais de quatorze anos de experi\u00eancia como de Analista de Planejamento de Manuten\u00e7\u00e3o.<\/p>\n<p>&nbsp;<\/p>\n<p><b>OBSERVA\u00c7\u00c2O<\/b>:\u00a0 <b>a Funda\u00e7\u00e3o Liberato reserva-se o direito de certificar somente quem obtiver 75% da frequ\u00eancia e estiver com o curso quitado.<\/b><\/p>\n","protected":false},"excerpt":{"rendered":"<p><span data-sheets-root=\"1\" data-sheets-value=\"{&quot;1&quot;:2,&quot;2&quot;:&quot;OBJETIVOSnProporcionar aos participantes conhecimento sobre a filosofia Lean e suas metodologias, sobre ferramentas de gest\u00e3o de processos e qualidade, sobre t\u00e9cnicas de resolu\u00e7\u00e3o de problemas e an\u00e1lise de pontos de melhoria e impactos organizacionais, para que possam desenvolver e conduzir planos de a\u00e7\u00e3o e projetos, de forma eficiente e eficaz, reduzindo custos, desperd\u00edcios, otimizando produtos e processos.n&quot;}\" data-sheets-userformat=\"{&quot;2&quot;:33555261,&quot;3&quot;:{&quot;1&quot;:0},&quot;5&quot;:{&quot;1&quot;:[{&quot;1&quot;:2,&quot;2&quot;:0,&quot;5&quot;:{&quot;1&quot;:2,&quot;2&quot;:14277081}},{&quot;1&quot;:0,&quot;2&quot;:0,&quot;3&quot;:3},{&quot;1&quot;:1,&quot;2&quot;:0,&quot;4&quot;:1}]},&quot;6&quot;:{&quot;1&quot;:[{&quot;1&quot;:2,&quot;2&quot;:0,&quot;5&quot;:{&quot;1&quot;:2,&quot;2&quot;:14277081}},{&quot;1&quot;:0,&quot;2&quot;:0,&quot;3&quot;:3},{&quot;1&quot;:1,&quot;2&quot;:0,&quot;4&quot;:1}]},&quot;7&quot;:{&quot;1&quot;:[{&quot;1&quot;:2,&quot;2&quot;:0,&quot;5&quot;:{&quot;1&quot;:2,&quot;2&quot;:14277081}},{&quot;1&quot;:0,&quot;2&quot;:0,&quot;3&quot;:3},{&quot;1&quot;:1,&quot;2&quot;:0,&quot;4&quot;:1}]},&quot;8&quot;:{&quot;1&quot;:[{&quot;1&quot;:2,&quot;2&quot;:0,&quot;5&quot;:{&quot;1&quot;:2,&quot;2&quot;:14277081}},{&quot;1&quot;:0,&quot;2&quot;:0,&quot;3&quot;:3},{&quot;1&quot;:1,&quot;2&quot;:0,&quot;4&quot;:1}]},&quot;11&quot;:4,&quot;12&quot;:0,&quot;28&quot;:1}\"><strong>OBJETIVOS<\/strong><br \/>\nPermitir aos participantes entender o funcionamento do setor de Planejamento e Controle da Manuten\u00e7\u00e3o (PCM), dentro de uma empresa, sua import\u00e2ncia, principais atribui\u00e7\u00f5es e as t\u00e9cnicas de planejamento das atividades de um setor de Manuten\u00e7\u00e3o, incluindo a sua implanta\u00e7\u00e3o.<br \/>\n<\/span><\/p>\n","protected":false},"featured_media":2589,"template":"","meta":[],"product_brand":[],"product_cat":[30],"product_tag":[90,91,89],"class_list":{"0":"post-2555","1":"product","2":"type-product","3":"status-publish","4":"has-post-thumbnail","6":"product_cat-curso-presencial","7":"product_tag-controle","8":"product_tag-manutencao","9":"product_tag-planejamento","11":"first","12":"outofstock","13":"featured","14":"shipping-taxable","15":"purchasable","16":"product-type-simple"},"_links":{"self":[{"href":"https:\/\/www.lehrplan.tech\/liberatodppi\/index.php\/wp-json\/wp\/v2\/product\/2555","targetHints":{"allow":["GET"]}}],"collection":[{"href":"https:\/\/www.lehrplan.tech\/liberatodppi\/index.php\/wp-json\/wp\/v2\/product"}],"about":[{"href":"https:\/\/www.lehrplan.tech\/liberatodppi\/index.php\/wp-json\/wp\/v2\/types\/product"}],"wp:featuredmedia":[{"embeddable":true,"href":"https:\/\/www.lehrplan.tech\/liberatodppi\/index.php\/wp-json\/wp\/v2\/media\/2589"}],"wp:attachment":[{"href":"https:\/\/www.lehrplan.tech\/liberatodppi\/index.php\/wp-json\/wp\/v2\/media?parent=2555"}],"wp:term":[{"taxonomy":"product_brand","embeddable":true,"href":"https:\/\/www.lehrplan.tech\/liberatodppi\/index.php\/wp-json\/wp\/v2\/product_brand?post=2555"},{"taxonomy":"product_cat","embeddable":true,"href":"https:\/\/www.lehrplan.tech\/liberatodppi\/index.php\/wp-json\/wp\/v2\/product_cat?post=2555"},{"taxonomy":"product_tag","embeddable":true,"href":"https:\/\/www.lehrplan.tech\/liberatodppi\/index.php\/wp-json\/wp\/v2\/product_tag?post=2555"}],"curies":[{"name":"wp","href":"https:\/\/api.w.org\/{rel}","templated":true}]}}