{"id":2569,"date":"2024-07-03T20:57:18","date_gmt":"2024-07-03T23:57:18","guid":{"rendered":"https:\/\/www.lehrplan.tech\/liberatodppi\/?post_type=product&#038;p=2569"},"modified":"2024-09-10T12:57:28","modified_gmt":"2024-09-10T15:57:28","slug":"gestao-de-projetos-industriais-8-horas","status":"publish","type":"product","link":"https:\/\/www.lehrplan.tech\/liberatodppi\/index.php\/produto\/gestao-de-projetos-industriais-8-horas\/","title":{"rendered":"Gest\u00e3o de Projetos Industriais &#8211; 8 horas"},"content":{"rendered":"<p><span data-sheets-root=\"1\" data-sheets-value=\"{&quot;1&quot;:2,&quot;2&quot;:&quot;OBJETIVOS\\nProporcionar aos participantes conhecimento sobre conceitos, fundamentos e ferramentas da gest\u00e3o de projetos e como aplicar em projetos de Engenharia e projetos industriais, considerando suas particularidades t\u00e9cnicas, premissas e riscos.\\n\\nP\u00daBLICO-ALVO\\nEspecialistas, analistas, administrativos, coordenadores, estudantes e outros profissionais que buscam gerenciar e conduzir projetos industriais e de Engenharia em suas empresas.\\n\\nMATR\u00cdCULAS \\nAt\u00e9 21 DE AGOSTO DE 2024\\nhttps:\/\/www.lehrplan.tech\/liberatodppi\/\\n\\nN\u00daMERO DE VAGAS\\nO n\u00famero de vagas oferecidas ser\u00e1 limitado. \\n\\nINVESTIMENTO\\nServidores, alunos e ex-alunos da Funda\u00e7\u00e3o Liberato: R$ 175,00. Comunidade em geral: R$ 200,00. Se voc\u00ea \u00e9 aluno, ex-aluno ou servidor da Liberato use o cupom de desconto dispon\u00edvel no site. \\n\\nCALEND\u00c1RIO DAS AULAS\\nAs aulas ocorrer\u00e3o aos s\u00e1bados, nos dias 24 e 31 de agosto, das 8h \u00e0s 12h.\\n\\nPROGRAMA\u00c7\u00c3O \\nAula 1\\nConceitos e defini\u00e7\u00f5es.\\nMetodologias de gest\u00e3o de projetos.\\nSele\u00e7\u00e3o e prioriza\u00e7\u00e3o de projetos.\\nM\u00e9todo FEL (Front End Loading).\\nForma\u00e7\u00e3o de times de projeto.\\nDefini\u00e7\u00e3o de escopo e entreg\u00e1veis.\\nT\u00e9cnicas de planejamento.\\nControle de projetos e ferramentas.\\n\\n\\nAula 2\\nGerenciamento de riscos, aquisi\u00e7\u00f5es e comunica\u00e7\u00f5es.\\nGest\u00e3o das partes interessadas (stakeholders).\\nImplementa\u00e7\u00e3o em campo.\\nEntrega para opera\u00e7\u00e3o.\\nGest\u00e3o de ativos e encerramento de projetos.\\n\\nDOCENTE\\nCarine Couto Franco: T\u00e9cnica em Mec\u00e2nica (Liberato, 2009), Engenheira Mec\u00e2nica (Ulbra, 2016), MBA em Gest\u00e3o de Projetos (IERGS, 2021), com 15 anos de experi\u00eancia, atuando em ind\u00fastrias de diversos segmentos e portes, nacionais e multinacionais, nas \u00e1reas de Projetos, Engenharia, Processos, Manuten\u00e7\u00e3o e Qualidade.\\n&quot;}\" data-sheets-userformat=\"{&quot;2&quot;:33555261,&quot;3&quot;:{&quot;1&quot;:0},&quot;5&quot;:{&quot;1&quot;:[{&quot;1&quot;:2,&quot;2&quot;:0,&quot;5&quot;:{&quot;1&quot;:2,&quot;2&quot;:14277081}},{&quot;1&quot;:0,&quot;2&quot;:0,&quot;3&quot;:3},{&quot;1&quot;:1,&quot;2&quot;:0,&quot;4&quot;:1}]},&quot;6&quot;:{&quot;1&quot;:[{&quot;1&quot;:2,&quot;2&quot;:0,&quot;5&quot;:{&quot;1&quot;:2,&quot;2&quot;:14277081}},{&quot;1&quot;:0,&quot;2&quot;:0,&quot;3&quot;:3},{&quot;1&quot;:1,&quot;2&quot;:0,&quot;4&quot;:1}]},&quot;7&quot;:{&quot;1&quot;:[{&quot;1&quot;:2,&quot;2&quot;:0,&quot;5&quot;:{&quot;1&quot;:2,&quot;2&quot;:14277081}},{&quot;1&quot;:0,&quot;2&quot;:0,&quot;3&quot;:3},{&quot;1&quot;:1,&quot;2&quot;:0,&quot;4&quot;:1}]},&quot;8&quot;:{&quot;1&quot;:[{&quot;1&quot;:2,&quot;2&quot;:0,&quot;5&quot;:{&quot;1&quot;:2,&quot;2&quot;:14277081}},{&quot;1&quot;:0,&quot;2&quot;:0,&quot;3&quot;:3},{&quot;1&quot;:1,&quot;2&quot;:0,&quot;4&quot;:1}]},&quot;11&quot;:4,&quot;12&quot;:0,&quot;28&quot;:1}\"><strong>OBJETIVOS<\/strong><br \/>\nProporcionar aos participantes conhecimento sobre conceitos, fundamentos e ferramentas da gest\u00e3o de projetos e como aplicar em projetos de Engenharia e projetos industriais, considerando suas particularidades t\u00e9cnicas, premissas e riscos.<\/span><\/p>\n<p><strong>P\u00daBLICO-ALVO<\/strong><br \/>\nEspecialistas, analistas, administrativos, coordenadores, estudantes e outros profissionais que buscam gerenciar e conduzir projetos industriais e de Engenharia em suas empresas.<\/p>\n<p><strong>MATR\u00cdCULAS<\/strong><br \/>\nAt\u00e9 21 DE AGOSTO DE 2024<\/p>\n<p><strong>N\u00daMERO DE VAGAS<\/strong><br \/>\nO n\u00famero de vagas oferecidas ser\u00e1 limitado.<\/p>\n<p><strong>INVESTIMENTO<\/strong><br \/>\nServidores, alunos e ex-alunos da Funda\u00e7\u00e3o Liberato: R$ 175,00. Comunidade em geral: R$ 200,00. Se voc\u00ea \u00e9 aluno, ex-aluno ou servidor da Liberato use o cupom de desconto <strong>GESTPROJ24<\/strong>.<\/p>\n<p><strong>CALEND\u00c1RIO DAS AULAS<\/strong><br \/>\nAs aulas ocorrer\u00e3o aos s\u00e1bados, nos dias 24 e 31 de agosto, das 8h \u00e0s 12h.<\/p>\n<p><strong>PROGRAMA\u00c7\u00c3O<\/strong><br \/>\n<em>Aula 1<\/em><br \/>\nConceitos e defini\u00e7\u00f5es.<br \/>\nMetodologias de gest\u00e3o de projetos.<br \/>\nSele\u00e7\u00e3o e prioriza\u00e7\u00e3o de projetos.<br \/>\nM\u00e9todo FEL (Front End Loading).<br \/>\nForma\u00e7\u00e3o de times de projeto.<br \/>\nDefini\u00e7\u00e3o de escopo e entreg\u00e1veis.<br \/>\nT\u00e9cnicas de planejamento.<br \/>\nControle de projetos e ferramentas.<\/p>\n<p><em>Aula 2<\/em><br \/>\nGerenciamento de riscos, aquisi\u00e7\u00f5es e comunica\u00e7\u00f5es.<br \/>\nGest\u00e3o das partes interessadas (stakeholders).<br \/>\nImplementa\u00e7\u00e3o em campo.<br \/>\nEntrega para opera\u00e7\u00e3o.<br \/>\nGest\u00e3o de ativos e encerramento de projetos.<\/p>\n<p><strong>DOCENTE<\/strong><br \/>\nCarine Couto Franco: T\u00e9cnica em Mec\u00e2nica (Liberato, 2009), Engenheira Mec\u00e2nica (Ulbra, 2016), MBA em Gest\u00e3o de Projetos (IERGS, 2021), com 15 anos de experi\u00eancia, atuando em ind\u00fastrias de diversos segmentos e portes, nacionais e multinacionais, nas \u00e1reas de Projetos, Engenharia, Processos, Manuten\u00e7\u00e3o e Qualidade.<\/p>\n<p>&nbsp;<\/p>\n<p><b>OBSERVA\u00c7\u00c2O<\/b>:\u00a0 <b>a Funda\u00e7\u00e3o Liberato reserva-se o direito de certificar somente quem obtiver 75% da frequ\u00eancia e estiver com o curso quitado.<\/b><\/p>\n","protected":false},"excerpt":{"rendered":"<p><span data-sheets-root=\"1\" data-sheets-value=\"{&quot;1&quot;:2,&quot;2&quot;:&quot;OBJETIVOSnProporcionar aos participantes conhecimento sobre a filosofia Lean e suas metodologias, sobre ferramentas de gest\u00e3o de processos e qualidade, sobre t\u00e9cnicas de resolu\u00e7\u00e3o de problemas e an\u00e1lise de pontos de melhoria e impactos organizacionais, para que possam desenvolver e conduzir planos de a\u00e7\u00e3o e projetos, de forma eficiente e eficaz, reduzindo custos, desperd\u00edcios, otimizando produtos e processos.n&quot;}\" data-sheets-userformat=\"{&quot;2&quot;:33555261,&quot;3&quot;:{&quot;1&quot;:0},&quot;5&quot;:{&quot;1&quot;:[{&quot;1&quot;:2,&quot;2&quot;:0,&quot;5&quot;:{&quot;1&quot;:2,&quot;2&quot;:14277081}},{&quot;1&quot;:0,&quot;2&quot;:0,&quot;3&quot;:3},{&quot;1&quot;:1,&quot;2&quot;:0,&quot;4&quot;:1}]},&quot;6&quot;:{&quot;1&quot;:[{&quot;1&quot;:2,&quot;2&quot;:0,&quot;5&quot;:{&quot;1&quot;:2,&quot;2&quot;:14277081}},{&quot;1&quot;:0,&quot;2&quot;:0,&quot;3&quot;:3},{&quot;1&quot;:1,&quot;2&quot;:0,&quot;4&quot;:1}]},&quot;7&quot;:{&quot;1&quot;:[{&quot;1&quot;:2,&quot;2&quot;:0,&quot;5&quot;:{&quot;1&quot;:2,&quot;2&quot;:14277081}},{&quot;1&quot;:0,&quot;2&quot;:0,&quot;3&quot;:3},{&quot;1&quot;:1,&quot;2&quot;:0,&quot;4&quot;:1}]},&quot;8&quot;:{&quot;1&quot;:[{&quot;1&quot;:2,&quot;2&quot;:0,&quot;5&quot;:{&quot;1&quot;:2,&quot;2&quot;:14277081}},{&quot;1&quot;:0,&quot;2&quot;:0,&quot;3&quot;:3},{&quot;1&quot;:1,&quot;2&quot;:0,&quot;4&quot;:1}]},&quot;11&quot;:4,&quot;12&quot;:0,&quot;28&quot;:1}\"><strong>OBJETIVOS<\/strong><br \/>\nProporcionar aos participantes conhecimento sobre conceitos, fundamentos e ferramentas da gest\u00e3o de projetos e como aplicar em projetos de Engenharia e projetos industriais, considerando suas particularidades t\u00e9cnicas, premissas e riscos.<br \/>\n<\/span><\/p>\n","protected":false},"featured_media":2591,"template":"","meta":[],"product_brand":[],"product_cat":[30],"product_tag":[117,165,166],"class_list":{"0":"post-2569","1":"product","2":"type-product","3":"status-publish","4":"has-post-thumbnail","6":"product_cat-curso-presencial","7":"product_tag-engenharia","8":"product_tag-gestao-de-projetos","9":"product_tag-industria","11":"first","12":"outofstock","13":"featured","14":"shipping-taxable","15":"purchasable","16":"product-type-simple"},"_links":{"self":[{"href":"https:\/\/www.lehrplan.tech\/liberatodppi\/index.php\/wp-json\/wp\/v2\/product\/2569","targetHints":{"allow":["GET"]}}],"collection":[{"href":"https:\/\/www.lehrplan.tech\/liberatodppi\/index.php\/wp-json\/wp\/v2\/product"}],"about":[{"href":"https:\/\/www.lehrplan.tech\/liberatodppi\/index.php\/wp-json\/wp\/v2\/types\/product"}],"wp:featuredmedia":[{"embeddable":true,"href":"https:\/\/www.lehrplan.tech\/liberatodppi\/index.php\/wp-json\/wp\/v2\/media\/2591"}],"wp:attachment":[{"href":"https:\/\/www.lehrplan.tech\/liberatodppi\/index.php\/wp-json\/wp\/v2\/media?parent=2569"}],"wp:term":[{"taxonomy":"product_brand","embeddable":true,"href":"https:\/\/www.lehrplan.tech\/liberatodppi\/index.php\/wp-json\/wp\/v2\/product_brand?post=2569"},{"taxonomy":"product_cat","embeddable":true,"href":"https:\/\/www.lehrplan.tech\/liberatodppi\/index.php\/wp-json\/wp\/v2\/product_cat?post=2569"},{"taxonomy":"product_tag","embeddable":true,"href":"https:\/\/www.lehrplan.tech\/liberatodppi\/index.php\/wp-json\/wp\/v2\/product_tag?post=2569"}],"curies":[{"name":"wp","href":"https:\/\/api.w.org\/{rel}","templated":true}]}}