{"id":2638,"date":"2024-08-02T12:21:01","date_gmt":"2024-08-02T15:21:01","guid":{"rendered":"https:\/\/www.lehrplan.tech\/liberatodppi\/?post_type=product&#038;p=2638"},"modified":"2024-12-08T10:20:14","modified_gmt":"2024-12-08T13:20:14","slug":"basico-de-nr-10-ead-seguranca-em-instalacoes-e-servicos-com-eletricidade-40-horas-turma-2","status":"publish","type":"product","link":"https:\/\/www.lehrplan.tech\/liberatodppi\/index.php\/produto\/basico-de-nr-10-ead-seguranca-em-instalacoes-e-servicos-com-eletricidade-40-horas-turma-2\/","title":{"rendered":"B\u00e1sico de NR 10 (EaD) &#8211; Seguran\u00e7a em instala\u00e7\u00f5es e servi\u00e7os com eletricidade &#8211; 40 horas (Turma 2)"},"content":{"rendered":"<h4><span style=\"font-weight: 400;\">OBJETIVO<\/span><\/h4>\n<p><span style=\"font-weight: 400;\">O treinamento voltado \u00e0 seguran\u00e7a em instala\u00e7\u00f5es e servi\u00e7os com eletricidade \u00e9 uma determina\u00e7\u00e3o da Norma Regulamentadora NR- 10, conforme estabelecido pela Portaria MTB 598, de 07\/12\/2004, e tem como finalidade propiciar o conhecimento e a certifica\u00e7\u00e3o na seguran\u00e7a em instala\u00e7\u00f5es com eletricidade. A norma estabelece os requisitos e as condi\u00e7\u00f5es m\u00ednimas para garantir seguran\u00e7a e sa\u00fade aos trabalhadores e define o treinamento que qualifica os profissionais que atuam direta ou indiretamente em instala\u00e7\u00f5es el\u00e9tricas e servi\u00e7os de eletricidade, para o exerc\u00edcio da profiss\u00e3o.\u00a0<\/span><\/p>\n<p>&nbsp;<\/p>\n<h4><span style=\"font-weight: 400;\">P\u00daBLICO-ALVO<\/span><\/h4>\n<p><span style=\"font-weight: 400;\">Servidores, alunos e ex-alunos da Funda\u00e7\u00e3o Liberato e interessados no tema.<\/span><\/p>\n<p>&nbsp;<\/p>\n<h4><span style=\"font-weight: 400;\">MATR\u00cdCULAS<\/span><\/h4>\n<p><span style=\"font-weight: 400;\">At\u00e9 10 de dezembro de 2024.<\/span><\/p>\n<p>&nbsp;<\/p>\n<h4><span style=\"font-weight: 400;\">N\u00daMERO DE VAGAS<\/span><\/h4>\n<p><span style=\"font-weight: 400;\">12<\/span><\/p>\n<p>&nbsp;<\/p>\n<h4><span style=\"font-weight: 400;\">INVESTIMENTO<\/span><\/h4>\n<ul>\n<li style=\"font-weight: 400;\" aria-level=\"1\"><span style=\"font-weight: 400;\">Servidores, alunos e ex-alunos da Funda\u00e7\u00e3o Liberato: R$ 200,00.<\/span><\/li>\n<li style=\"font-weight: 400;\" aria-level=\"1\"><span style=\"font-weight: 400;\">Comunidade em geral: R$ 220,00.\u00a0<\/span><\/li>\n<li style=\"font-weight: 400;\" aria-level=\"1\"><span style=\"font-weight: 400;\">Se voc\u00ea \u00e9 aluno, ex-aluno ou servidor da Liberato use o cupom <strong>NR10LIB2<\/strong><\/span><\/li>\n<\/ul>\n<p>&nbsp;<\/p>\n<h4><span style=\"font-weight: 400;\">AULA INAUGURAL<\/span><\/h4>\n<p><span style=\"font-weight: 400;\">A aula inaugural ocorrer\u00e1 na segunda-feira, dia 30\u00a0de setembro, das 19h \u00e0s 20h, atrav\u00e9s da plataforma Google Meet (o link de acesso ser\u00e1 disponibilizado ap\u00f3s a confirma\u00e7\u00e3o da matr\u00edcula).<\/span><\/p>\n<p><span style=\"font-weight: 400;\">Data m\u00e1xima para conclus\u00e3o do curso: <strong>30\/12\/2024<\/strong>.<\/span><\/p>\n<p>&nbsp;<\/p>\n<h4><span style=\"font-weight: 400;\">PROGRAMA<\/span><\/h4>\n<p><span style=\"font-weight: 400;\">Introdu\u00e7\u00e3o aos conceitos de eletricidade e seguran\u00e7a, regulamenta\u00e7\u00e3o, equipamentos de prote\u00e7\u00e3o individual \u2013 EPI\u2019s, equipamentos de prote\u00e7\u00e3o coletiva \u2013 EPC\u2019s, procedimentos a serem obedecidos, riscos em instala\u00e7\u00f5es e servi\u00e7os com eletricidade, acidentes de origem el\u00e9trica, t\u00e9cnicas de an\u00e1lise de riscos, medidas de controle de riscos, riscos adicionais, prote\u00e7\u00e3o e combate a inc\u00eandio, primeiros socorros e remo\u00e7\u00e3o de v\u00edtimas.<\/span><\/p>\n<p>&nbsp;<\/p>\n<h4><span style=\"font-weight: 400;\">DOCENTES<\/span><\/h4>\n<ul>\n<li style=\"font-weight: 400;\" aria-level=\"1\"><span style=\"font-weight: 400;\">\u00c2ngela Patricia de Almeida: T\u00e9cnica de Enfermagem (Faculdades EST\/ESEP \u2013 2016), Coren 0011.178.425. Atuando na \u00e1rea da sa\u00fade h\u00e1 mais de quatro anos. Instrumentista cir\u00fargica, atuando na unidade de cl\u00ednica cir\u00fargica no Hospital Get\u00falio Vargas na cidade de Sapucaia do Sul, com experi\u00eancias na \u00e1rea de capacita\u00e7\u00e3o, assessoria e treinamentos de Primeiros Socorros e Atendimento Pr\u00e9-Hospitalar.\u00a0<\/span><\/li>\n<li style=\"font-weight: 400;\" aria-level=\"1\"><span style=\"font-weight: 400;\">En\u00e9cio Freitag: T\u00e9cnico em Seguran\u00e7a do Trabalho (IPUC \u2013 2004). Forma\u00e7\u00e3o em Gest\u00e3o de CIPA, Gest\u00e3o de Pessoas, Sistema Integrado de Seguran\u00e7a, NR10 B\u00e1sico e Complementar, NR12, NR35, Acesso por cordas N\u00edvel 2, Dire\u00e7\u00e3o Defensiva, Ofensiva e Evasiva, Brigada de Inc\u00eandio, Gest\u00e3o Integrada de Seguran\u00e7a, Resgate ao Trauma e Suporte B\u00e1sico de Vida, Gest\u00e3o e Lideran\u00e7a de Equipes e Pessoas, Socorrista. Atua h\u00e1 16 anos no setor el\u00e9trico, em setores de transmiss\u00e3o e distribui\u00e7\u00e3o de energia el\u00e9trica.\u00a0<\/span><\/li>\n<li style=\"font-weight: 400;\" aria-level=\"1\"><span style=\"font-weight: 400;\">Raul Bahia: Engenheiro Eletricista e Advogado (UFGO, 1981 e 1988). P\u00f3s-graduado em Gest\u00e3o T\u00e9cnica de Concession\u00e1rias de Energia El\u00e9trica e em Gest\u00e3o da Qualidade e Produtividade (UFPR, 2000; UNEB, 1996) Management-Funda\u00e7\u00e3o Dom Cabral &#8211; 2002. Atua h\u00e1 32 anos no setor el\u00e9trico, em setores de transmiss\u00e3o e distribui\u00e7\u00e3o de energia el\u00e9trica. Diretor Geral da Arquia Servi\u00e7os e Treinamentos Ltda.<\/span><\/li>\n<\/ul>\n","protected":false},"excerpt":{"rendered":"<h4><span style=\"font-weight: 400;\">OBJETIVO<\/span><\/h4>\n<p><span style=\"font-weight: 400;\">O treinamento voltado \u00e0 seguran\u00e7a em instala\u00e7\u00f5es e servi\u00e7os com eletricidade \u00e9 uma determina\u00e7\u00e3o da Norma Regulamentadora NR- 10, conforme estabelecido pela Portaria MTB 598, de 07\/12\/2004, e tem como finalidade propiciar o conhecimento e a certifica\u00e7\u00e3o na seguran\u00e7a em instala\u00e7\u00f5es com eletricidade. A norma estabelece os requisitos e as condi\u00e7\u00f5es m\u00ednimas para garantir seguran\u00e7a e sa\u00fade aos trabalhadores e define o treinamento que qualifica os profissionais que atuam direta ou indiretamente em instala\u00e7\u00f5es el\u00e9tricas e servi\u00e7os de eletricidade, para o exerc\u00edcio da profiss\u00e3o.\u00a0<\/span><\/p>\n","protected":false},"featured_media":2639,"template":"","meta":[],"product_brand":[],"product_cat":[26],"product_tag":[171,79,36,167],"class_list":{"0":"post-2638","1":"product","2":"type-product","3":"status-publish","4":"has-post-thumbnail","6":"product_cat-cursos-online","7":"product_tag-eletrica","8":"product_tag-instalacoes-eletricas","9":"product_tag-nr10","10":"product_tag-seguranca-no-trabalho","12":"first","13":"instock","14":"virtual","15":"sold-individually","16":"purchasable","17":"product-type-simple"},"_links":{"self":[{"href":"https:\/\/www.lehrplan.tech\/liberatodppi\/index.php\/wp-json\/wp\/v2\/product\/2638","targetHints":{"allow":["GET"]}}],"collection":[{"href":"https:\/\/www.lehrplan.tech\/liberatodppi\/index.php\/wp-json\/wp\/v2\/product"}],"about":[{"href":"https:\/\/www.lehrplan.tech\/liberatodppi\/index.php\/wp-json\/wp\/v2\/types\/product"}],"wp:featuredmedia":[{"embeddable":true,"href":"https:\/\/www.lehrplan.tech\/liberatodppi\/index.php\/wp-json\/wp\/v2\/media\/2639"}],"wp:attachment":[{"href":"https:\/\/www.lehrplan.tech\/liberatodppi\/index.php\/wp-json\/wp\/v2\/media?parent=2638"}],"wp:term":[{"taxonomy":"product_brand","embeddable":true,"href":"https:\/\/www.lehrplan.tech\/liberatodppi\/index.php\/wp-json\/wp\/v2\/product_brand?post=2638"},{"taxonomy":"product_cat","embeddable":true,"href":"https:\/\/www.lehrplan.tech\/liberatodppi\/index.php\/wp-json\/wp\/v2\/product_cat?post=2638"},{"taxonomy":"product_tag","embeddable":true,"href":"https:\/\/www.lehrplan.tech\/liberatodppi\/index.php\/wp-json\/wp\/v2\/product_tag?post=2638"}],"curies":[{"name":"wp","href":"https:\/\/api.w.org\/{rel}","templated":true}]}}