{"id":2643,"date":"2024-08-02T13:03:07","date_gmt":"2024-08-02T16:03:07","guid":{"rendered":"https:\/\/www.lehrplan.tech\/liberatodppi\/?post_type=product&#038;p=2643"},"modified":"2024-10-08T10:56:23","modified_gmt":"2024-10-08T13:56:23","slug":"reciclagem-de-nr-10-ead-seguranca-em-instalacoes-e-servicos-com-eletricidade-8-horas-turma-2","status":"publish","type":"product","link":"https:\/\/www.lehrplan.tech\/liberatodppi\/index.php\/produto\/reciclagem-de-nr-10-ead-seguranca-em-instalacoes-e-servicos-com-eletricidade-8-horas-turma-2\/","title":{"rendered":"Reciclagem de NR 10 (EaD) \u2013 Seguran\u00e7a em instala\u00e7\u00f5es e servi\u00e7os com eletricidade &#8211; 8 horas &#8211; Turma 2"},"content":{"rendered":"<h4><span style=\"font-weight: 400;\">OBJETIVO\u00a0<\/span><\/h4>\n<p><span style=\"font-weight: 400;\">O treinamento voltado \u00e0 seguran\u00e7a em instala\u00e7\u00f5es e servi\u00e7os com eletricidade \u00e9 uma determina\u00e7\u00e3o da Norma Regulamentadora NR-10, conforme estabelecido pela Portaria MTB 598, de 07\/12\/2004, e tem como finalidade propiciar o conhecimento e a certifica\u00e7\u00e3o na seguran\u00e7a em instala\u00e7\u00f5es com eletricidade. A norma estabelece os requisitos e as condi\u00e7\u00f5es m\u00ednimas para garantir seguran\u00e7a e sa\u00fade aos trabalhadores e define o treinamento que qualifica os profissionais que atuam direta ou indiretamente em instala\u00e7\u00f5es el\u00e9tricas e servi\u00e7os de eletricidade, para o exerc\u00edcio da profiss\u00e3o.\u00a0<\/span><\/p>\n<p>&nbsp;<\/p>\n<h4><span style=\"font-weight: 400;\">P\u00daBLICO-ALVO<\/span><\/h4>\n<p><span style=\"font-weight: 400;\">Estudantes e profissionais que j\u00e1 possuem o certificado do Curso de NR 10 e precisam manter-se atualizados.\u00a0<\/span><\/p>\n<p>&nbsp;<\/p>\n<h4><span style=\"font-weight: 400;\">MATR\u00cdCULAS<\/span><\/h4>\n<p><span style=\"font-weight: 400;\">At\u00e9 10 de dezembro de 2024.<\/span><\/p>\n<p>&nbsp;<\/p>\n<h4><span style=\"font-weight: 400;\">N\u00daMERO DE VAGAS<\/span><\/h4>\n<p><span style=\"font-weight: 400;\">12<\/span><\/p>\n<p>&nbsp;<\/p>\n<h4><span style=\"font-weight: 400;\">INVESTIMENTO<\/span><\/h4>\n<p><span style=\"font-weight: 400;\">Servidores, alunos e ex-alunos da Funda\u00e7\u00e3o Liberato: R$ 120,00.<\/span><\/p>\n<p><span style=\"font-weight: 400;\">Comunidade em geral: R$ 150,00.\u00a0<\/span><\/p>\n<p><span style=\"font-weight: 400;\">Se voc\u00ea \u00e9 aluno, ex-aluno ou servidor da Liberato use o cupom <strong>RNR10LIB2\u00a0<\/strong><\/span><\/p>\n<p>&nbsp;<\/p>\n<h4><span style=\"font-weight: 400;\">CALEND\u00c1RIO E HOR\u00c1RIO DAS AULAS\u00a0<\/span><\/h4>\n<p><span style=\"font-weight: 400;\">A aula inaugural ocorrer\u00e1 na segunda-feira, no dia 30 de setembro, das 19h \u00e0s 20h, atrav\u00e9s da plataforma Google Meet (o link de acesso ser\u00e1 disponibilizado ap\u00f3s a confirma\u00e7\u00e3o da matr\u00edcula).<\/span><\/p>\n<p><span style=\"font-weight: 400;\">Data m\u00e1xima para conclus\u00e3o do curso: <strong>30\/12\/2024.\u00a0<\/strong><\/span><\/p>\n<p>&nbsp;<\/p>\n<h4><span style=\"font-weight: 400;\">PROGRAMA<\/span><\/h4>\n<p><span style=\"font-weight: 400;\">Atualiza\u00e7\u00e3o dos conceitos de eletricidade e seguran\u00e7a, regulamenta\u00e7\u00e3o, equipamentos de prote\u00e7\u00e3o individual e coletiva (EPI\u2019s e EPC\u2019s), procedimentos a serem obedecidos, riscos em instala\u00e7\u00f5es e servi\u00e7os com eletricidade, acidentes de origem el\u00e9trica, t\u00e9cnicas de an\u00e1lise de riscos, medidas de controle de riscos, riscos adicionais. Cuidados com o condutor neutro: desequil\u00edbrio de cargas e harm\u00f4nicas. Riscos t\u00edpicos com eletricidade na ind\u00fastria.\u00a0<\/span><\/p>\n<p>&nbsp;<\/p>\n<h4><span style=\"font-weight: 400;\">DOCENTES\u00a0<\/span><\/h4>\n<ul>\n<li style=\"font-weight: 400;\" aria-level=\"1\"><span style=\"font-weight: 400;\"><strong>En\u00e9cio Freitag<\/strong>: T\u00e9cnico em Seguran\u00e7a do Trabalho (IPUC \u2013 2004). Forma\u00e7\u00e3o em Gest\u00e3o de CIPA, Gest\u00e3o de Pessoas, Sistema Integrado de Seguran\u00e7a, NR10 B\u00e1sico e Complementar, NR12, NR35, Acesso por cordas N\u00edvel 2, Dire\u00e7\u00e3o Defensiva, Ofensiva e Evasiva, Brigada de Inc\u00eandio, Gest\u00e3o Integrada de Seguran\u00e7a, Resgate ao Trauma e Suporte B\u00e1sico de Vida, Gest\u00e3o e Lideran\u00e7a de Equipes e Pessoas, Socorrista. Atua h\u00e1 16 anos no setor el\u00e9trico, em setores de transmiss\u00e3o e distribui\u00e7\u00e3o de energia el\u00e9trica.\u00a0<\/span><\/li>\n<li style=\"font-weight: 400;\" aria-level=\"1\"><span style=\"font-weight: 400;\"><strong>Raul Bahia<\/strong>: Engenheiro Eletricista e Advogado (UFGO, 1981 e 1988). P\u00f3s-graduado em Gest\u00e3o T\u00e9cnica de Concession\u00e1rias de Energia El\u00e9trica e em Gest\u00e3o da Qualidade e Produtividade (UFPR, 2000; UNEB, 1996) Management-Funda\u00e7\u00e3o Dom Cabral &#8211; 2002. Atua h\u00e1 32 anos no setor el\u00e9trico, em setores de transmiss\u00e3o e distribui\u00e7\u00e3o de energia el\u00e9trica. Diretor Geral da Arquia Servi\u00e7os e Treinamentos Ltda.<\/span><\/li>\n<\/ul>\n","protected":false},"excerpt":{"rendered":"<h4><span style=\"font-weight: 400;\">OBJETIVO\u00a0<\/span><\/h4>\n<p><span style=\"font-weight: 400;\">O treinamento voltado \u00e0 seguran\u00e7a em instala\u00e7\u00f5es e servi\u00e7os com eletricidade \u00e9 uma determina\u00e7\u00e3o da Norma Regulamentadora NR-10, conforme estabelecido pela Portaria MTB 598, de 07\/12\/2004, e tem como finalidade propiciar o conhecimento e a certifica\u00e7\u00e3o na seguran\u00e7a em instala\u00e7\u00f5es com eletricidade. A norma estabelece os requisitos e as condi\u00e7\u00f5es m\u00ednimas para garantir seguran\u00e7a e sa\u00fade aos trabalhadores e define o treinamento que qualifica os profissionais que atuam direta ou indiretamente em instala\u00e7\u00f5es el\u00e9tricas e servi\u00e7os de eletricidade, para o exerc\u00edcio da profiss\u00e3o.\u00a0<\/span><\/p>\n","protected":false},"featured_media":2647,"template":"","meta":[],"product_brand":[],"product_cat":[26],"product_tag":[79,36,49,167],"class_list":{"0":"post-2643","1":"product","2":"type-product","3":"status-publish","4":"has-post-thumbnail","6":"product_cat-cursos-online","7":"product_tag-instalacoes-eletricas","8":"product_tag-nr10","9":"product_tag-reciclagem-nr10","10":"product_tag-seguranca-no-trabalho","12":"first","13":"instock","14":"virtual","15":"sold-individually","16":"purchasable","17":"product-type-simple"},"_links":{"self":[{"href":"https:\/\/www.lehrplan.tech\/liberatodppi\/index.php\/wp-json\/wp\/v2\/product\/2643","targetHints":{"allow":["GET"]}}],"collection":[{"href":"https:\/\/www.lehrplan.tech\/liberatodppi\/index.php\/wp-json\/wp\/v2\/product"}],"about":[{"href":"https:\/\/www.lehrplan.tech\/liberatodppi\/index.php\/wp-json\/wp\/v2\/types\/product"}],"wp:featuredmedia":[{"embeddable":true,"href":"https:\/\/www.lehrplan.tech\/liberatodppi\/index.php\/wp-json\/wp\/v2\/media\/2647"}],"wp:attachment":[{"href":"https:\/\/www.lehrplan.tech\/liberatodppi\/index.php\/wp-json\/wp\/v2\/media?parent=2643"}],"wp:term":[{"taxonomy":"product_brand","embeddable":true,"href":"https:\/\/www.lehrplan.tech\/liberatodppi\/index.php\/wp-json\/wp\/v2\/product_brand?post=2643"},{"taxonomy":"product_cat","embeddable":true,"href":"https:\/\/www.lehrplan.tech\/liberatodppi\/index.php\/wp-json\/wp\/v2\/product_cat?post=2643"},{"taxonomy":"product_tag","embeddable":true,"href":"https:\/\/www.lehrplan.tech\/liberatodppi\/index.php\/wp-json\/wp\/v2\/product_tag?post=2643"}],"curies":[{"name":"wp","href":"https:\/\/api.w.org\/{rel}","templated":true}]}}