{"id":2662,"date":"2024-08-02T15:17:21","date_gmt":"2024-08-02T18:17:21","guid":{"rendered":"https:\/\/www.lehrplan.tech\/liberatodppi\/?post_type=product&#038;p=2662"},"modified":"2024-11-04T16:02:07","modified_gmt":"2024-11-04T19:02:07","slug":"diretrizes-de-acessibilidade-para-conteudo-da-web-wcag-ead-6-horas","status":"publish","type":"product","link":"https:\/\/www.lehrplan.tech\/liberatodppi\/index.php\/produto\/diretrizes-de-acessibilidade-para-conteudo-da-web-wcag-ead-6-horas\/","title":{"rendered":"Diretrizes de Acessibilidade para conte\u00fado da Web \u2013 WCAG &#8211; (EaD) &#8211; 6 horas"},"content":{"rendered":"<h4><span style=\"font-weight: 400;\">OBJETIVOS<\/span><\/h4>\n<p><span style=\"font-weight: 400;\">Capacitar os participantes a compreender e aplicar essas normas internacionais para garantir que os websites sejam acess\u00edveis a todos os usu\u00e1rios, incluindo aqueles com defici\u00eancias. Conhecer os princ\u00edpios fundamentais das WCAG, como percep\u00e7\u00e3o, operabilidade, compreens\u00e3o e robustez, al\u00e9m de fornecer exemplos pr\u00e1ticos de como implementar essas diretrizes.<\/span><\/p>\n<p>&nbsp;<\/p>\n<h4><span style=\"font-weight: 400;\">P\u00daBLICO-ALVO<\/span><\/h4>\n<p><span style=\"font-weight: 400;\">Alunos do curso t\u00e9cnico de inform\u00e1tica para internet e profissionais de tecnologia da informa\u00e7\u00e3o.<\/span><\/p>\n<p>&nbsp;<\/p>\n<h4><span style=\"font-weight: 400;\">N\u00daMERO DE VAGAS<\/span><\/h4>\n<p><span style=\"font-weight: 400;\">12<\/span><\/p>\n<p>&nbsp;<\/p>\n<h4><span style=\"font-weight: 400;\">MATR\u00cdCULAS<\/span><\/h4>\n<p><span style=\"font-weight: 400;\">At\u00e9\u00a0<strong>23 de outubro<\/strong> de 2024<\/span><\/p>\n<p>&nbsp;<\/p>\n<h4><span style=\"font-weight: 400;\">INVESTIMENTO<\/span><\/h4>\n<p><span style=\"font-weight: 400;\">Empregados p\u00fablicos, alunos e ex-alunos da Funda\u00e7\u00e3o Liberato: R$ 200,00.<\/span><\/p>\n<p><span style=\"font-weight: 400;\">Comunidade em geral: R$ 250,00.\u00a0<\/span><\/p>\n<p><span style=\"font-weight: 400;\">Se voc\u00ea \u00e9 aluno, ex-aluno ou servidor da Liberato use o cupom <b>WCAGLIB1<\/b><\/span><\/p>\n<p>&nbsp;<\/p>\n<h4><span style=\"font-weight: 400;\">CALEND\u00c1RIO DAS AULAS<\/span><\/h4>\n<p><span style=\"font-weight: 400;\">As aulas ocorrer\u00e3o no <strong>s\u00e1bado, dia 26 de outubro, das 9h \u00e0s 12h e das 13h \u00e0s 16h<\/strong>. O curso ocorrer\u00e1 atrav\u00e9s da plataforma Google Meet (o link de acesso ser\u00e1 disponibilizado ap\u00f3s a confirma\u00e7\u00e3o da matr\u00edcula).\u00a0<\/span><\/p>\n<p>&nbsp;<\/p>\n<h4><span style=\"font-weight: 400;\">PROGRAMA\u00c7\u00c3O<\/span><\/h4>\n<p><span style=\"font-weight: 400;\">Introdu\u00e7\u00e3o a qualidade de software como: tipos de testes funcionais e n\u00e3o-funcionais, n\u00edveis de teste, teste em par, mentalidade de quem testa, o que \u00e9 defeito, testes n\u00e3o funcionais e teste de acessibilidade.\u00a0<\/span><\/p>\n<p>&nbsp;<\/p>\n<h4><span style=\"font-weight: 400;\">DOCENTE<\/span><\/h4>\n<p><span style=\"font-weight: 400;\">Victoria Raupp Krupp: Graduanda em Sistemas de informa\u00e7\u00e3o (Unisinos). Instrutora de acessibilidade digital na Udemy, vencedora do pr\u00eamio L\u00edderes de Acessibilidade no evento LINK, palestrante em diversos eventos reconhecidos no Brasil e EUA. Experi\u00eancia profissional em Testes de Software. Atualmente contribui no grupo de trabalho da ABNT de acessibilidade digital e \u00e9 atuante em diversas comunidades do assunto. Organizer do grupo de desenvolvedores da Google, GDG-Novo Hamburgo.\u00a0<\/span><\/p>\n","protected":false},"excerpt":{"rendered":"<h4><strong>OBJETIVOS<\/strong><\/h4>\n<p><span style=\"font-weight: 400;\">Capacitar os participantes a compreender e aplicar essas normas internacionais para garantir que os websites sejam acess\u00edveis a todos os usu\u00e1rios, incluindo aqueles com defici\u00eancias. Conhecer os princ\u00edpios fundamentais das WCAG, como percep\u00e7\u00e3o, operabilidade, compreens\u00e3o e robustez, al\u00e9m de fornecer exemplos pr\u00e1ticos de como implementar essas diretrizes.<\/span><\/p>\n","protected":false},"featured_media":2695,"template":"","meta":[],"product_brand":[],"product_cat":[26],"product_tag":[178,144,177,179],"class_list":{"0":"post-2662","1":"product","2":"type-product","3":"status-publish","4":"has-post-thumbnail","6":"product_cat-cursos-online","7":"product_tag-acessibilidade","8":"product_tag-ead","9":"product_tag-wcag","10":"product_tag-web","12":"first","13":"outofstock","14":"virtual","15":"sold-individually","16":"purchasable","17":"product-type-simple"},"_links":{"self":[{"href":"https:\/\/www.lehrplan.tech\/liberatodppi\/index.php\/wp-json\/wp\/v2\/product\/2662","targetHints":{"allow":["GET"]}}],"collection":[{"href":"https:\/\/www.lehrplan.tech\/liberatodppi\/index.php\/wp-json\/wp\/v2\/product"}],"about":[{"href":"https:\/\/www.lehrplan.tech\/liberatodppi\/index.php\/wp-json\/wp\/v2\/types\/product"}],"wp:featuredmedia":[{"embeddable":true,"href":"https:\/\/www.lehrplan.tech\/liberatodppi\/index.php\/wp-json\/wp\/v2\/media\/2695"}],"wp:attachment":[{"href":"https:\/\/www.lehrplan.tech\/liberatodppi\/index.php\/wp-json\/wp\/v2\/media?parent=2662"}],"wp:term":[{"taxonomy":"product_brand","embeddable":true,"href":"https:\/\/www.lehrplan.tech\/liberatodppi\/index.php\/wp-json\/wp\/v2\/product_brand?post=2662"},{"taxonomy":"product_cat","embeddable":true,"href":"https:\/\/www.lehrplan.tech\/liberatodppi\/index.php\/wp-json\/wp\/v2\/product_cat?post=2662"},{"taxonomy":"product_tag","embeddable":true,"href":"https:\/\/www.lehrplan.tech\/liberatodppi\/index.php\/wp-json\/wp\/v2\/product_tag?post=2662"}],"curies":[{"name":"wp","href":"https:\/\/api.w.org\/{rel}","templated":true}]}}