{"id":24535,"date":"2021-01-03T17:05:33","date_gmt":"2021-01-03T20:05:33","guid":{"rendered":"https:\/\/www.lehrplan.tech\/servicosonline\/?page_id=24535"},"modified":"2025-04-12T14:52:50","modified_gmt":"2025-04-12T17:52:50","slug":"certificado-digital","status":"publish","type":"page","link":"https:\/\/www.lehrplan.tech\/servicosonline\/certificado-digital\/","title":{"rendered":"Certificado Digital"},"content":{"rendered":"\n<h3>\n\t\tSOLICITAR CERTIFICADO DIGITAL, LINK DE ACESSO, E NOTA FISCAL ELETR\u00d4NICA\n\t<\/h3>\n\t<p>Se voc\u00ea se inscreveu para participar de uma Live e ainda n\u00e3o recebeu o link de acesso por e-mail, solicite atrav\u00e9s do nosso formul\u00e1rio clicando no bot\u00e3o &#8220;Solicitar acesso \u00e0 Live&#8221;<\/p>\n\t\t\t<a href=\"https:\/\/docs.google.com\/forms\/d\/e\/1FAIpQLScQd60BXW9FxowVgbgCMBczqc7qdJ9IlsyouIjIHA0RyK0kLA\/viewform?usp=sf_link\" target=\"_self\" role=\"button\" rel=\"noopener\">\n\t\t\t\t\t\t\tSolicitar acesso \u00e0 Live\n\t\t\t<\/a>\n\t<p>Se voc\u00ea participou de uma Live da Lehrplan, preencha o formul\u00e1rio para receber seu Certificado Digital por e-mail.<\/p>\n\t\t\t<a href=\"https:\/\/docs.google.com\/forms\/d\/e\/1FAIpQLSfePeuh195zwE7Soo6Ayz88ka-WUVFZTQKhtv1-C8z3IdY-VA\/viewform?usp=sf_link\" target=\"_self\" role=\"button\" rel=\"noopener\">\n\t\t\t\t\t\t\tSolicitar Certificado\n\t\t\t<\/a>\n\t<p>Se voc\u00ea participou de uma Live da Lehrplan e n\u00e3o recebeu sua Nota Fiscal Eletr\u00f4nica, preencha o formul\u00e1rio &#8220;Solicitar Nota Fiscal&#8221;.<\/p>\n\t\t\t<a href=\"https:\/\/docs.google.com\/forms\/d\/e\/1FAIpQLSeugUG3EIkJ7UEKiY9c7fPOyJd2KqCO2nQTxZHp_MxrRNWYqA\/viewform\" target=\"_blank\" role=\"button\" rel=\"noopener\">\n\t\t\t\t\t\t\tSolicitar Nota Fiscal\n\t\t\t<\/a>\n\t\t\t<a href=\"https:\/\/wa.me\/5505196358257?text=Bom%20dia!%20Gostaria%20de%20informa%C3%A7%C3%B5es%20sobre%20como%20acessar%20as%20lives.\" target=\"_self\" role=\"button\" rel=\"noopener\">\n\t\t\t\t\t\t\tATENDIMENTO WHATSAPP\n\t\t\t<\/a>\n\t\t\t<a href=\"https:\/\/chat.whatsapp.com\/JSLkUxULgSKLwQSRMQUHXe\" target=\"_self\" role=\"button\" rel=\"noopener\">\n\t\t\t\t\t\t\tGRUPO MERCADO LIVRE DE ENERGIA\n\t\t\t<\/a>\n\n","protected":false},"excerpt":{"rendered":"<p>SOLICITAR CERTIFICADO DIGITAL, LINK DE ACESSO, E NOTA FISCAL ELETR\u00d4NICA Se voc\u00ea se inscreveu para participar de uma Live e ainda n\u00e3o recebeu o link de acesso por e-mail, solicite atrav\u00e9s do nosso formul\u00e1rio clicando no bot\u00e3o &#8220;Solicitar acesso \u00e0 Live&#8221; Solicitar acesso \u00e0 Live Se voc\u00ea participou de uma Live da Lehrplan, preencha o &hellip;<\/p>\n<p class=\"read-more\"> <a class=\"\" href=\"https:\/\/www.lehrplan.tech\/servicosonline\/certificado-digital\/\"> <span class=\"screen-reader-text\">Certificado Digital<\/span> Leia mais &raquo;<\/a><\/p>\n","protected":false},"author":3,"featured_media":0,"parent":0,"menu_order":0,"comment_status":"closed","ping_status":"closed","template":"","meta":{"site-sidebar-layout":"no-sidebar","site-content-layout":"page-builder","ast-global-header-display":"","ast-main-header-display":"","ast-hfb-above-header-display":"","ast-hfb-below-header-display":"","ast-hfb-mobile-header-display":"","site-post-title":"disabled","ast-breadcrumbs-content":"","ast-featured-img":"disabled","footer-sml-layout":"","theme-transparent-header-meta":"default","adv-header-id-meta":"","stick-header-meta":"","header-above-stick-meta":"","header-main-stick-meta":"","header-below-stick-meta":"","footnotes":""},"_links":{"self":[{"href":"https:\/\/www.lehrplan.tech\/servicosonline\/wp-json\/wp\/v2\/pages\/24535"}],"collection":[{"href":"https:\/\/www.lehrplan.tech\/servicosonline\/wp-json\/wp\/v2\/pages"}],"about":[{"href":"https:\/\/www.lehrplan.tech\/servicosonline\/wp-json\/wp\/v2\/types\/page"}],"author":[{"embeddable":true,"href":"https:\/\/www.lehrplan.tech\/servicosonline\/wp-json\/wp\/v2\/users\/3"}],"replies":[{"embeddable":true,"href":"https:\/\/www.lehrplan.tech\/servicosonline\/wp-json\/wp\/v2\/comments?post=24535"}],"version-history":[{"count":14,"href":"https:\/\/www.lehrplan.tech\/servicosonline\/wp-json\/wp\/v2\/pages\/24535\/revisions"}],"predecessor-version":[{"id":24735,"href":"https:\/\/www.lehrplan.tech\/servicosonline\/wp-json\/wp\/v2\/pages\/24535\/revisions\/24735"}],"wp:attachment":[{"href":"https:\/\/www.lehrplan.tech\/servicosonline\/wp-json\/wp\/v2\/media?parent=24535"}],"curies":[{"name":"wp","href":"https:\/\/api.w.org\/{rel}","templated":true}]}}